{"id":136564,"date":"2025-07-31T03:32:51","date_gmt":"2025-07-31T01:32:51","guid":{"rendered":"https:\/\/www.budream.com\/shop\/graines-douces-cream-mandarine-f1-fast-version-fem-sws50\/"},"modified":"2026-03-24T22:16:35","modified_gmt":"2026-03-24T20:16:35","slug":"graines-douces-cream-mandarine-f1-fast-version-fem-sws50","status":"publish","type":"product","link":"https:\/\/www.budream.com\/fr\/shop\/graines-douces-cream-mandarine-f1-fast-version-fem-sws50\/","title":{"rendered":"GRAINES DOUCES &#8211; CREAM MANDARINE F1 FAST VERSION\u00ae FEM (SWS50)"},"content":{"rendered":"<div style=\"text-align: justify\">Version f\u00e9minis\u00e9e et d\u00e9pendante de la photop\u00e9riode de notre populaire Cream Mandarine Auto&reg; (SWS29). Pour le d\u00e9veloppement de cette vari\u00e9t\u00e9, nous utilisons nos meilleures souches Cream Mandarine Auto&reg; s\u00e9lectionn\u00e9es.<\/div>\n<p><\/p>\n<h2><strong>Caract\u00e9ristiques Cream Mandarine F1 Fast Version Fem :<\/strong><\/h2>\n<ul style=\"list-style-type: disc\">\n<li><strong>Genre :<\/strong> Hybride F\u00e9minis\u00e9<\/li>\n<li><strong>G\u00e9notype<\/strong>: Hybride : Indica : 60% \/ Sativa : 40%<\/li>\n<li><strong>G\u00e9n\u00e9tique : <\/strong>Cream Mandarine Auto x Diesel<\/li>\n<li><strong>Jours :<\/strong> 50 jours<\/li>\n<\/ul>\n<p><\/p>\n<div style=\"text-align: justify\"><span style=\"font-size: 11pt\"><em><strong>ATTENTION :<\/strong> Les graines de chanvre sont exclues de la notion l\u00e9gale de Cannabis, ce qui signifie qu&rsquo;elles ne doivent pas \u00eatre consid\u00e9r\u00e9es comme une substance narcotique (Loi 412 de 1974, Art. 1, paragraphe 1, lettre B ; Convention Unique sur les Stup\u00e9fiants de New York de 1961 et tableau II du D\u00e9cret Minist\u00e9riel 27\/7\/1992). En Italie, la culture du chanvre est interdite (articles 28 et 73 du d\u00e9cret pr\u00e9sidentiel 309\/90), sauf autorisation sp\u00e9ciale (article 17 du d\u00e9cret pr\u00e9sidentiel 309\/90). En l&rsquo;absence d&rsquo;autorisation, les semences ne peuvent \u00eatre utilis\u00e9es qu&rsquo;\u00e0 d&rsquo;autres fins (zootechniques, de collection, etc.). Les semences sont vendues sous r\u00e9serve qu&rsquo;elles ne soient pas utilis\u00e9es par des tiers en contradiction avec la loi.<\/em><\/span><\/div>\n","protected":false},"excerpt":{"rendered":"<p>Version f\u00e9minis\u00e9e et d\u00e9pendante de la photop\u00e9riode de notre populaire Cream Mandarine Auto&reg; (SWS29). Pour le d\u00e9veloppement de cette vari\u00e9t\u00e9,<\/p>\n","protected":false},"featured_media":136559,"comment_status":"open","ping_status":"closed","template":"","meta":[],"product_brand":[],"product_cat":[7951],"product_tag":[],"class_list":{"0":"post-136564","1":"product","2":"type-product","3":"status-publish","4":"has-post-thumbnail","6":"product_cat-magasin-de-graines","8":"first","9":"instock","10":"sale","11":"taxable","12":"shipping-taxable","13":"purchasable","14":"product-type-variable"},"_links":{"self":[{"href":"https:\/\/www.budream.com\/fr\/wp-json\/wp\/v2\/product\/136564","targetHints":{"allow":["GET"]}}],"collection":[{"href":"https:\/\/www.budream.com\/fr\/wp-json\/wp\/v2\/product"}],"about":[{"href":"https:\/\/www.budream.com\/fr\/wp-json\/wp\/v2\/types\/product"}],"replies":[{"embeddable":true,"href":"https:\/\/www.budream.com\/fr\/wp-json\/wp\/v2\/comments?post=136564"}],"version-history":[{"count":0,"href":"https:\/\/www.budream.com\/fr\/wp-json\/wp\/v2\/product\/136564\/revisions"}],"wp:featuredmedia":[{"embeddable":true,"href":"https:\/\/www.budream.com\/fr\/wp-json\/wp\/v2\/media\/136559"}],"wp:attachment":[{"href":"https:\/\/www.budream.com\/fr\/wp-json\/wp\/v2\/media?parent=136564"}],"wp:term":[{"taxonomy":"product_brand","embeddable":true,"href":"https:\/\/www.budream.com\/fr\/wp-json\/wp\/v2\/product_brand?post=136564"},{"taxonomy":"product_cat","embeddable":true,"href":"https:\/\/www.budream.com\/fr\/wp-json\/wp\/v2\/product_cat?post=136564"},{"taxonomy":"product_tag","embeddable":true,"href":"https:\/\/www.budream.com\/fr\/wp-json\/wp\/v2\/product_tag?post=136564"}],"curies":[{"name":"wp","href":"https:\/\/api.w.org\/{rel}","templated":true}]}}