{"id":136634,"date":"2025-07-31T03:37:00","date_gmt":"2025-07-31T01:37:00","guid":{"rendered":"https:\/\/www.budream.com\/shop\/secret-smoke-ice-washer-kit\/"},"modified":"2026-04-14T13:03:01","modified_gmt":"2026-04-14T11:03:01","slug":"secret-smoke-ice-washer-kit","status":"publish","type":"product","link":"https:\/\/www.budream.com\/fr\/shop\/secret-smoke-ice-washer-kit\/","title":{"rendered":"SECRET SMOKE &#8211; ICE WASHER KIT"},"content":{"rendered":"<p>L&rsquo;extraction \u00e0 l&rsquo;eau glac\u00e9e, \u00e9galement connue sous le nom de technique <strong>ice-o-lator<\/strong>, est le processus d&rsquo;\u00e9limination des trichomes des bourgeons de cannabis \u00e0 l&rsquo;aide de glace et d&rsquo;eau. Le mat\u00e9riel congel\u00e9 est trait\u00e9 dans un extracteur ou un laveur avec de la glace et de l&rsquo;eau. En agitant la mati\u00e8re v\u00e9g\u00e9tale dans l&rsquo;eau froide, les trichomes (\u00e9galement connus sous le nom de r\u00e9sine)<strong> se s\u00e9parent et tombent au fond<\/strong>. Cette m\u00e9thode d&rsquo;extraction est consid\u00e9r\u00e9e comme l&rsquo;une des plus pures, car elle n&rsquo;utilise pas de solvants ni de temp\u00e9ratures \u00e9lev\u00e9es.<\/p>\n<h2>Petit kit de machine \u00e0 laver pour l&rsquo;extraction de l&rsquo;ice-o-lator Fourni avec :<\/h2>\n<ul>\n<li>Petite machine \u00e0 laver \u00e9lectrique ;<\/li>\n<li>Sac filtrant pyramidal pour contenir la mati\u00e8re premi\u00e8re (220 microns) ;<\/li>\n<li>Sachets d&rsquo;extraction SECRET ICER de 2, 3 et 5 sachets-filtres ;<\/li>\n<li>Thermom\u00e8tre pour le contr\u00f4le de la temp\u00e9rature ;<\/li>\n<li>Capacit\u00e9 de charge de la machine \u00e0 laver : 4,5 kg ;<\/li>\n<li>Volume du sac Secret Icer : 19 litres ;<\/li>\n<\/ul>\n","protected":false},"excerpt":{"rendered":"<p>L&rsquo;extraction \u00e0 l&rsquo;eau glac\u00e9e, \u00e9galement connue sous le nom de technique ice-o-lator, est le processus d&rsquo;\u00e9limination des trichomes des bourgeons<\/p>\n","protected":false},"featured_media":136629,"comment_status":"open","ping_status":"closed","template":"","meta":[],"product_brand":[],"product_cat":[7949],"product_tag":[],"class_list":{"0":"post-136634","1":"product","2":"type-product","3":"status-publish","4":"has-post-thumbnail","6":"product_cat-headshop-fr","8":"first","9":"instock","10":"taxable","11":"shipping-taxable","12":"purchasable","13":"product-type-variable"},"aioseo_notices":[],"_links":{"self":[{"href":"https:\/\/www.budream.com\/fr\/wp-json\/wp\/v2\/product\/136634","targetHints":{"allow":["GET"]}}],"collection":[{"href":"https:\/\/www.budream.com\/fr\/wp-json\/wp\/v2\/product"}],"about":[{"href":"https:\/\/www.budream.com\/fr\/wp-json\/wp\/v2\/types\/product"}],"replies":[{"embeddable":true,"href":"https:\/\/www.budream.com\/fr\/wp-json\/wp\/v2\/comments?post=136634"}],"version-history":[{"count":1,"href":"https:\/\/www.budream.com\/fr\/wp-json\/wp\/v2\/product\/136634\/revisions"}],"predecessor-version":[{"id":262594,"href":"https:\/\/www.budream.com\/fr\/wp-json\/wp\/v2\/product\/136634\/revisions\/262594"}],"wp:featuredmedia":[{"embeddable":true,"href":"https:\/\/www.budream.com\/fr\/wp-json\/wp\/v2\/media\/136629"}],"wp:attachment":[{"href":"https:\/\/www.budream.com\/fr\/wp-json\/wp\/v2\/media?parent=136634"}],"wp:term":[{"taxonomy":"product_brand","embeddable":true,"href":"https:\/\/www.budream.com\/fr\/wp-json\/wp\/v2\/product_brand?post=136634"},{"taxonomy":"product_cat","embeddable":true,"href":"https:\/\/www.budream.com\/fr\/wp-json\/wp\/v2\/product_cat?post=136634"},{"taxonomy":"product_tag","embeddable":true,"href":"https:\/\/www.budream.com\/fr\/wp-json\/wp\/v2\/product_tag?post=136634"}],"curies":[{"name":"wp","href":"https:\/\/api.w.org\/{rel}","templated":true}]}}