{"id":136955,"date":"2025-07-31T03:54:45","date_gmt":"2025-07-31T01:54:45","guid":{"rendered":"https:\/\/www.budream.com\/shop\/graines-douces-big-devil-xl-auto-fem-sws28-2\/"},"modified":"2026-04-28T16:17:18","modified_gmt":"2026-04-28T14:17:18","slug":"graines-douces-big-devil-xl-auto-fem-sws28-2","status":"publish","type":"product","link":"https:\/\/www.budream.com\/fr\/shop\/graines-douces-big-devil-xl-auto-fem-sws28-2\/","title":{"rendered":"GRAINES DOUCES &#8211; BIG DEVIL XL AUTO\u00ae FEM (SWS28)"},"content":{"rendered":"<div style=\"text-align: justify\">Autofloraison de 3\u00e8me g\u00e9n\u00e9ration. Hybride r\u00e9sultant du croisement de Big Devil #2 Auto avec une souche s\u00e9lectionn\u00e9e de Jack Herer Auto.<\/div>\n<p><\/p>\n<h2><strong>Caract\u00e9ristiques Big Devil Xl Auto Fem :<\/strong><\/h2>\n<ul style=\"list-style-type: disc\">\n<li><strong>Genre :<\/strong> Hybride F\u00e9minis\u00e9 Autofloraison<\/li>\n<li><strong>G\u00e9notype :<\/strong> Indica : 31.9% \/ Sativa : 65% \/ 3.1% Ruderalis<\/li>\n<li><strong>G\u00e9n\u00e9tique :<\/strong> Big Devil #2 Auto x Jack Herer Auto<\/li>\n<li><strong>Jours :<\/strong> 63 &#8211; 70<\/li>\n<\/ul>\n<p><\/p>\n<div style=\"text-align: justify\"><span style=\"font-size: 11pt\"><em><strong>ATTENTION :<\/strong> Les graines de chanvre sont exclues de la notion l\u00e9gale de Cannabis, ce qui signifie qu&rsquo;elles ne doivent pas \u00eatre consid\u00e9r\u00e9es comme une substance stup\u00e9fiante (L. 412 de 1974, art. 1, alin\u00e9a 1, lettre B ; Convention unique sur les stup\u00e9fiants de New York de 1961 et tableau II du d\u00e9cret minist\u00e9riel 27\/7\/1992). En Italie, la culture du chanvre est interdite (articles 28 et 73 du d\u00e9cret pr\u00e9sidentiel 309\/90), sauf autorisation sp\u00e9ciale (article 17 du d\u00e9cret pr\u00e9sidentiel 309\/90). En l&rsquo;absence d&rsquo;autorisation, les semences ne peuvent \u00eatre utilis\u00e9es qu&rsquo;\u00e0 d&rsquo;autres fins (zootechniques, de collection, etc.). Les semences sont vendues sous r\u00e9serve qu&rsquo;elles ne soient pas utilis\u00e9es par des tiers en contradiction avec la loi.<\/em><\/span><\/div>\n","protected":false},"excerpt":{"rendered":"<p>Autofloraison de 3\u00e8me g\u00e9n\u00e9ration. Hybride r\u00e9sultant du croisement de Big Devil #2 Auto avec une souche s\u00e9lectionn\u00e9e de Jack Herer<\/p>\n","protected":false},"featured_media":136938,"comment_status":"open","ping_status":"closed","template":"","meta":[],"product_brand":[],"product_cat":[7951],"product_tag":[],"class_list":{"0":"post-136955","1":"product","2":"type-product","3":"status-publish","4":"has-post-thumbnail","6":"product_cat-magasin-de-graines","8":"first","9":"instock","10":"taxable","11":"shipping-taxable","12":"purchasable","13":"product-type-variable"},"_links":{"self":[{"href":"https:\/\/www.budream.com\/fr\/wp-json\/wp\/v2\/product\/136955","targetHints":{"allow":["GET"]}}],"collection":[{"href":"https:\/\/www.budream.com\/fr\/wp-json\/wp\/v2\/product"}],"about":[{"href":"https:\/\/www.budream.com\/fr\/wp-json\/wp\/v2\/types\/product"}],"replies":[{"embeddable":true,"href":"https:\/\/www.budream.com\/fr\/wp-json\/wp\/v2\/comments?post=136955"}],"version-history":[{"count":1,"href":"https:\/\/www.budream.com\/fr\/wp-json\/wp\/v2\/product\/136955\/revisions"}],"predecessor-version":[{"id":265884,"href":"https:\/\/www.budream.com\/fr\/wp-json\/wp\/v2\/product\/136955\/revisions\/265884"}],"wp:featuredmedia":[{"embeddable":true,"href":"https:\/\/www.budream.com\/fr\/wp-json\/wp\/v2\/media\/136938"}],"wp:attachment":[{"href":"https:\/\/www.budream.com\/fr\/wp-json\/wp\/v2\/media?parent=136955"}],"wp:term":[{"taxonomy":"product_brand","embeddable":true,"href":"https:\/\/www.budream.com\/fr\/wp-json\/wp\/v2\/product_brand?post=136955"},{"taxonomy":"product_cat","embeddable":true,"href":"https:\/\/www.budream.com\/fr\/wp-json\/wp\/v2\/product_cat?post=136955"},{"taxonomy":"product_tag","embeddable":true,"href":"https:\/\/www.budream.com\/fr\/wp-json\/wp\/v2\/product_tag?post=136955"}],"curies":[{"name":"wp","href":"https:\/\/api.w.org\/{rel}","templated":true}]}}