{"id":136998,"date":"2025-07-31T03:56:04","date_gmt":"2025-07-31T01:56:04","guid":{"rendered":"https:\/\/www.budream.com\/shop\/graines-douces-cream-caramel-auto-sws22\/"},"modified":"2026-04-22T13:34:58","modified_gmt":"2026-04-22T11:34:58","slug":"graines-douces-cream-caramel-auto-sws22","status":"publish","type":"product","link":"https:\/\/www.budream.com\/fr\/shop\/graines-douces-cream-caramel-auto-sws22\/","title":{"rendered":"GRAINES DOUCES &#8211; CREAM CARAMEL AUTO\u00ae (SWS22)"},"content":{"rendered":"<div style=\"text-align: justify\">Autofloraison de 3\u00e8me g\u00e9n\u00e9ration. Version autofleurissante de la tr\u00e8s populaire vari\u00e9t\u00e9 Cram Caramel (SWS04), r\u00e9sultat d&rsquo;un croisement entre une autofloraison de 2\u00e8me g\u00e9n\u00e9ration et une Cram Caramel photopriodique.<\/div>\n<div style=\"text-align: justify\">Vari\u00e9t\u00e9 hybride avec une g\u00e9n\u00e9tique principalement indica. Un classique du catalogue Sweet Seeds.<\/div>\n<p><\/p>\n<h2><strong>Caract\u00e9ristiques Cream Caramel Auto Fem :<\/strong><\/h2>\n<ul style=\"list-style-type: disc\">\n<li><strong>Genre :<\/strong> Hybride f\u00e9minis\u00e9 \u00e0 autofloraison<\/li>\n<li><strong>G\u00e9notype :<\/strong> Indica : 83% \/ Sativa : 13.9% \/ 3.1% Ruderalis<\/li>\n<li><strong>G\u00e9n\u00e9tique :<\/strong> SWS22 Autofloraison 2\u00e8me g\u00e9n\u00e9ration x Cream Caramel<\/li>\n<li>Jours<strong>:<\/strong> 56 jours<\/li>\n<\/ul>\n<p><\/p>\n<div style=\"text-align: justify\"><span style=\"font-size: 11pt\"><em><strong>ATTENTION :<\/strong> Les graines de chanvre sont exclues de la notion l\u00e9gale de Cannabis, ce qui signifie qu&rsquo;elles ne doivent pas \u00eatre consid\u00e9r\u00e9es comme une substance stup\u00e9fiante (L. 412 de 1974, art. 1, virgule 1, lett. B ; Convention unique sur les stup\u00e9fiants de New York de 1961 et tableau II du d\u00e9cret minist\u00e9riel 27\/7\/1992). En Italie, la culture du chanvre est interdite (articles 28 et 73 du d\u00e9cret pr\u00e9sidentiel 309\/90), sauf autorisation sp\u00e9ciale (article 17 du d\u00e9cret pr\u00e9sidentiel 309\/90). En l&rsquo;absence d&rsquo;autorisation, les semences ne peuvent \u00eatre utilis\u00e9es qu&rsquo;\u00e0 d&rsquo;autres fins (zootechniques, de collection, etc.). Les semences sont vendues sous r\u00e9serve qu&rsquo;elles ne soient pas utilis\u00e9es par des tiers en contradiction avec la loi.<\/em><\/span><\/div>\n","protected":false},"excerpt":{"rendered":"<p>Autofloraison de 3\u00e8me g\u00e9n\u00e9ration. Version autofleurissante de la tr\u00e8s populaire vari\u00e9t\u00e9 Cram Caramel (SWS04), r\u00e9sultat d&rsquo;un croisement entre une autofloraison<\/p>\n","protected":false},"featured_media":136985,"comment_status":"open","ping_status":"closed","template":"","meta":[],"product_brand":[],"product_cat":[7951],"product_tag":[],"class_list":{"0":"post-136998","1":"product","2":"type-product","3":"status-publish","4":"has-post-thumbnail","6":"product_cat-magasin-de-graines","8":"first","9":"instock","10":"sale","11":"taxable","12":"shipping-taxable","13":"purchasable","14":"product-type-variable"},"aioseo_notices":[],"_links":{"self":[{"href":"https:\/\/www.budream.com\/fr\/wp-json\/wp\/v2\/product\/136998","targetHints":{"allow":["GET"]}}],"collection":[{"href":"https:\/\/www.budream.com\/fr\/wp-json\/wp\/v2\/product"}],"about":[{"href":"https:\/\/www.budream.com\/fr\/wp-json\/wp\/v2\/types\/product"}],"replies":[{"embeddable":true,"href":"https:\/\/www.budream.com\/fr\/wp-json\/wp\/v2\/comments?post=136998"}],"version-history":[{"count":1,"href":"https:\/\/www.budream.com\/fr\/wp-json\/wp\/v2\/product\/136998\/revisions"}],"predecessor-version":[{"id":262896,"href":"https:\/\/www.budream.com\/fr\/wp-json\/wp\/v2\/product\/136998\/revisions\/262896"}],"wp:featuredmedia":[{"embeddable":true,"href":"https:\/\/www.budream.com\/fr\/wp-json\/wp\/v2\/media\/136985"}],"wp:attachment":[{"href":"https:\/\/www.budream.com\/fr\/wp-json\/wp\/v2\/media?parent=136998"}],"wp:term":[{"taxonomy":"product_brand","embeddable":true,"href":"https:\/\/www.budream.com\/fr\/wp-json\/wp\/v2\/product_brand?post=136998"},{"taxonomy":"product_cat","embeddable":true,"href":"https:\/\/www.budream.com\/fr\/wp-json\/wp\/v2\/product_cat?post=136998"},{"taxonomy":"product_tag","embeddable":true,"href":"https:\/\/www.budream.com\/fr\/wp-json\/wp\/v2\/product_tag?post=136998"}],"curies":[{"name":"wp","href":"https:\/\/api.w.org\/{rel}","templated":true}]}}