{"id":137346,"date":"2025-07-31T04:15:17","date_gmt":"2025-07-31T02:15:17","guid":{"rendered":"https:\/\/www.budream.com\/shop\/sweet-seeds-sweet-cheese-auto-fem-sws33-2\/"},"modified":"2026-04-22T13:27:23","modified_gmt":"2026-04-22T11:27:23","slug":"sweet-seeds-sweet-cheese-auto-fem-sws33-2","status":"publish","type":"product","link":"https:\/\/www.budream.com\/fr\/shop\/sweet-seeds-sweet-cheese-auto-fem-sws33-2\/","title":{"rendered":"SWEET SEEDS &#8211; SWEET CHEESE AUTO\u00ae FEM (SWS33)"},"content":{"rendered":"<div style=\"text-align: justify\">Autofloraison de 3\u00e8me g\u00e9n\u00e9ration. Hybride r\u00e9sultant du croisement d&rsquo;une souche s\u00e9lectionn\u00e9e de Fast Bud Auto (SWS16) avec un clone \u00e9lite de Sweet Cheese (SWS19).<\/div>\n<p><\/p>\n<h2><strong>Caract\u00e9ristiques Sweet Cheese Auto Fem :<\/strong><\/h2>\n<ul style=\"list-style-type: disc\">\n<li><strong>Genre :<\/strong> Hybride f\u00e9minis\u00e9 \u00e0 autofloraison<\/li>\n<li><strong>G\u00e9notype :<\/strong> Indica : 35.6% \/ Sativa : 61.3% \/ 3.1% Ruderalis<\/li>\n<li><strong>G\u00e9n\u00e9tique :<\/strong> Fast Buds Auto (SWS16) x clone \u00e9lite Sweet Cheese (SWS19)<\/li>\n<li><strong>Jours :<\/strong> 56<\/li>\n<\/ul>\n<p><\/p>\n<div style=\"text-align: justify\"><span style=\"font-size: 11pt\"><em><strong>ATTENTION :<\/strong> Les graines de chanvre sont exclues de la notion l\u00e9gale de Cannabis, ce qui signifie qu&rsquo;elles ne doivent pas \u00eatre consid\u00e9r\u00e9es comme une substance stup\u00e9fiante (L. 412 de 1974, art. 1, virgule 1, lett. B ; Convention unique sur les stup\u00e9fiants de New York de 1961 et tableau II du d\u00e9cret minist\u00e9riel 27\/7\/1992). En Italie, la culture du chanvre est interdite (articles 28 et 73 du d\u00e9cret pr\u00e9sidentiel 309\/90), sauf autorisation sp\u00e9ciale (article 17 du d\u00e9cret pr\u00e9sidentiel 309\/90). En l&rsquo;absence d&rsquo;autorisation, les semences ne peuvent \u00eatre utilis\u00e9es qu&rsquo;\u00e0 d&rsquo;autres fins (zootechniques, de collection, etc.). Les semences sont vendues sous r\u00e9serve qu&rsquo;elles ne soient pas utilis\u00e9es par des tiers en contradiction avec la loi.<\/em><\/span><\/div>\n","protected":false},"excerpt":{"rendered":"<p>Autofloraison de 3\u00e8me g\u00e9n\u00e9ration. Hybride r\u00e9sultant du croisement d&rsquo;une souche s\u00e9lectionn\u00e9e de Fast Bud Auto (SWS16) avec un clone \u00e9lite<\/p>\n","protected":false},"featured_media":137328,"comment_status":"open","ping_status":"closed","template":"","meta":[],"product_brand":[],"product_cat":[1175],"product_tag":[],"class_list":{"0":"post-137346","1":"product","2":"type-product","3":"status-publish","4":"has-post-thumbnail","6":"product_cat-seedshop","8":"first","9":"instock","10":"taxable","11":"shipping-taxable","12":"purchasable","13":"product-type-variable"},"aioseo_notices":[],"_links":{"self":[{"href":"https:\/\/www.budream.com\/fr\/wp-json\/wp\/v2\/product\/137346","targetHints":{"allow":["GET"]}}],"collection":[{"href":"https:\/\/www.budream.com\/fr\/wp-json\/wp\/v2\/product"}],"about":[{"href":"https:\/\/www.budream.com\/fr\/wp-json\/wp\/v2\/types\/product"}],"replies":[{"embeddable":true,"href":"https:\/\/www.budream.com\/fr\/wp-json\/wp\/v2\/comments?post=137346"}],"version-history":[{"count":1,"href":"https:\/\/www.budream.com\/fr\/wp-json\/wp\/v2\/product\/137346\/revisions"}],"predecessor-version":[{"id":262312,"href":"https:\/\/www.budream.com\/fr\/wp-json\/wp\/v2\/product\/137346\/revisions\/262312"}],"wp:featuredmedia":[{"embeddable":true,"href":"https:\/\/www.budream.com\/fr\/wp-json\/wp\/v2\/media\/137328"}],"wp:attachment":[{"href":"https:\/\/www.budream.com\/fr\/wp-json\/wp\/v2\/media?parent=137346"}],"wp:term":[{"taxonomy":"product_brand","embeddable":true,"href":"https:\/\/www.budream.com\/fr\/wp-json\/wp\/v2\/product_brand?post=137346"},{"taxonomy":"product_cat","embeddable":true,"href":"https:\/\/www.budream.com\/fr\/wp-json\/wp\/v2\/product_cat?post=137346"},{"taxonomy":"product_tag","embeddable":true,"href":"https:\/\/www.budream.com\/fr\/wp-json\/wp\/v2\/product_tag?post=137346"}],"curies":[{"name":"wp","href":"https:\/\/api.w.org\/{rel}","templated":true}]}}