{"id":137378,"date":"2025-07-31T04:16:31","date_gmt":"2025-07-31T02:16:31","guid":{"rendered":"https:\/\/www.budream.com\/shop\/sweet-seeds-sweet-cheese-f1-fast-version-fem-sws42\/"},"modified":"2026-03-23T23:00:54","modified_gmt":"2026-03-23T21:00:54","slug":"sweet-seeds-sweet-cheese-f1-fast-version-fem-sws42","status":"publish","type":"product","link":"https:\/\/www.budream.com\/fr\/shop\/sweet-seeds-sweet-cheese-f1-fast-version-fem-sws42\/","title":{"rendered":"SWEET SEEDS &#8211; SWEET CHEESE F1 FAST VERSION\u00ae FEM (SWS42)"},"content":{"rendered":"<div style=\"text-align: justify\">Version f\u00e9minis\u00e9e et d\u00e9pendante de la photop\u00e9riode de notre Sweet Cheese&reg; (SWS19). Vari\u00e9t\u00e9 hybride F1, r\u00e9sultat du croisement d&rsquo;un clone \u00e9lite s\u00e9lectionn\u00e9 de Sweet Cheese&reg; et d&rsquo;une souche autofloraison s\u00e9lectionn\u00e9e de 3\u00e8me g\u00e9n\u00e9ration de Sweet Cheese Auto&reg; (SWS33).<\/div>\n<h2><strong><br \/>Caract\u00e9ristiques Sweet Cheese F1 Fast Version Fem :<\/strong><\/h2>\n<ul style=\"list-style-type: disc\">\n<li><strong>Genre :<\/strong> Hybride F\u00e9minis\u00e9<\/li>\n<li><strong>G\u00e9notype :<\/strong> Indica : 40% \/ Sativa : 60%<\/li>\n<li><strong>G\u00e9n\u00e9tique : <\/strong>Sweet cheese x sweet cheese auto<\/li>\n<li><strong>Jours : <\/strong>55 jours<\/li>\n<\/ul>\n<p><\/p>\n<div style=\"text-align: justify\"><span style=\"font-size: 11pt\"><em><strong>ATTENTION :<\/strong> Les graines de chanvre sont exclues de la notion l\u00e9gale de Cannabis, ce qui signifie qu&rsquo;elles ne doivent pas \u00eatre consid\u00e9r\u00e9es comme une substance narcotique (Loi 412 de 1974, Art. 1, paragraphe 1, lettre B ; Convention Unique sur les Stup\u00e9fiants de New York de 1961 et tableau II du D\u00e9cret Minist\u00e9riel 27\/7\/1992). En Italie, la culture du chanvre est interdite (articles 28 et 73 du d\u00e9cret pr\u00e9sidentiel 309\/90), sauf autorisation sp\u00e9ciale (article 17 du d\u00e9cret pr\u00e9sidentiel 309\/90). En l&rsquo;absence d&rsquo;autorisation, les semences ne peuvent \u00eatre utilis\u00e9es qu&rsquo;\u00e0 d&rsquo;autres fins (zootechniques, de collection, etc.). Les semences sont vendues sous r\u00e9serve qu&rsquo;elles ne soient pas utilis\u00e9es par des tiers en contradiction avec la loi.<\/em><\/span><\/div>\n","protected":false},"excerpt":{"rendered":"<p>Version f\u00e9minis\u00e9e et d\u00e9pendante de la photop\u00e9riode de notre Sweet Cheese&reg; (SWS19). Vari\u00e9t\u00e9 hybride F1, r\u00e9sultat du croisement d&rsquo;un clone<\/p>\n","protected":false},"featured_media":135634,"comment_status":"open","ping_status":"closed","template":"","meta":[],"product_brand":[],"product_cat":[7951],"product_tag":[],"class_list":{"0":"post-137378","1":"product","2":"type-product","3":"status-publish","4":"has-post-thumbnail","6":"product_cat-magasin-de-graines","8":"first","9":"instock","10":"sale","11":"taxable","12":"shipping-taxable","13":"purchasable","14":"product-type-variable"},"aioseo_notices":[],"_links":{"self":[{"href":"https:\/\/www.budream.com\/fr\/wp-json\/wp\/v2\/product\/137378","targetHints":{"allow":["GET"]}}],"collection":[{"href":"https:\/\/www.budream.com\/fr\/wp-json\/wp\/v2\/product"}],"about":[{"href":"https:\/\/www.budream.com\/fr\/wp-json\/wp\/v2\/types\/product"}],"replies":[{"embeddable":true,"href":"https:\/\/www.budream.com\/fr\/wp-json\/wp\/v2\/comments?post=137378"}],"version-history":[{"count":0,"href":"https:\/\/www.budream.com\/fr\/wp-json\/wp\/v2\/product\/137378\/revisions"}],"wp:featuredmedia":[{"embeddable":true,"href":"https:\/\/www.budream.com\/fr\/wp-json\/wp\/v2\/media\/135634"}],"wp:attachment":[{"href":"https:\/\/www.budream.com\/fr\/wp-json\/wp\/v2\/media?parent=137378"}],"wp:term":[{"taxonomy":"product_brand","embeddable":true,"href":"https:\/\/www.budream.com\/fr\/wp-json\/wp\/v2\/product_brand?post=137378"},{"taxonomy":"product_cat","embeddable":true,"href":"https:\/\/www.budream.com\/fr\/wp-json\/wp\/v2\/product_cat?post=137378"},{"taxonomy":"product_tag","embeddable":true,"href":"https:\/\/www.budream.com\/fr\/wp-json\/wp\/v2\/product_tag?post=137378"}],"curies":[{"name":"wp","href":"https:\/\/api.w.org\/{rel}","templated":true}]}}