{"id":137691,"date":"2025-07-31T04:30:19","date_gmt":"2025-07-31T02:30:19","guid":{"rendered":"https:\/\/www.budream.com\/shop\/chocolizer-sacs-dextraction-2\/"},"modified":"2026-02-18T14:41:25","modified_gmt":"2026-02-18T12:41:25","slug":"chocolizer-sacs-dextraction-2","status":"publish","type":"product","link":"https:\/\/www.budream.com\/fr\/shop\/chocolizer-sacs-dextraction-2\/","title":{"rendered":"CHOCOLIZER &#8211; SACS D&rsquo;EXTRACTION"},"content":{"rendered":"<p>L&rsquo;extraction \u00e0 l&rsquo;eau glac\u00e9e, \u00e9galement connue sous le nom de technique <strong>ice-o-lator<\/strong>, est le processus d&rsquo;\u00e9limination des trichomes des bourgeons \u00e0 l&rsquo;aide d&rsquo;eau glac\u00e9e. La mati\u00e8re congel\u00e9e est trait\u00e9e dans un extracteur ou un laveur avec de la glace et de l&rsquo;eau. En agitant la mati\u00e8re v\u00e9g\u00e9tale dans l&rsquo;eau froide, les trichomes (\u00e9galement connus sous le nom de r\u00e9sine)<strong> se s\u00e9parent et tombent au fond ;<\/strong> <br \/>Avec les sachets <strong>Chocolizer<\/strong>, il est possible de r\u00e9cup\u00e9rer ces trichomes et de les s\u00e9parer.<br \/> Cette m\u00e9thode d&rsquo;extraction est consid\u00e9r\u00e9e comme l&rsquo;une des plus pures, car elle n&rsquo;utilise pas de solvants ni de temp\u00e9ratures \u00e9lev\u00e9es.<\/p>\n","protected":false},"excerpt":{"rendered":"<p>L&rsquo;extraction \u00e0 l&rsquo;eau glac\u00e9e, \u00e9galement connue sous le nom de technique ice-o-lator, est le processus d&rsquo;\u00e9limination des trichomes des bourgeons<\/p>\n","protected":false},"featured_media":137679,"comment_status":"open","ping_status":"closed","template":"","meta":[],"product_brand":[],"product_cat":[7949],"product_tag":[],"class_list":{"0":"post-137691","1":"product","2":"type-product","3":"status-publish","4":"has-post-thumbnail","6":"product_cat-headshop-fr","8":"first","9":"instock","10":"taxable","11":"shipping-taxable","12":"purchasable","13":"product-type-variable"},"aioseo_notices":[],"_links":{"self":[{"href":"https:\/\/www.budream.com\/fr\/wp-json\/wp\/v2\/product\/137691","targetHints":{"allow":["GET"]}}],"collection":[{"href":"https:\/\/www.budream.com\/fr\/wp-json\/wp\/v2\/product"}],"about":[{"href":"https:\/\/www.budream.com\/fr\/wp-json\/wp\/v2\/types\/product"}],"replies":[{"embeddable":true,"href":"https:\/\/www.budream.com\/fr\/wp-json\/wp\/v2\/comments?post=137691"}],"version-history":[{"count":0,"href":"https:\/\/www.budream.com\/fr\/wp-json\/wp\/v2\/product\/137691\/revisions"}],"wp:featuredmedia":[{"embeddable":true,"href":"https:\/\/www.budream.com\/fr\/wp-json\/wp\/v2\/media\/137679"}],"wp:attachment":[{"href":"https:\/\/www.budream.com\/fr\/wp-json\/wp\/v2\/media?parent=137691"}],"wp:term":[{"taxonomy":"product_brand","embeddable":true,"href":"https:\/\/www.budream.com\/fr\/wp-json\/wp\/v2\/product_brand?post=137691"},{"taxonomy":"product_cat","embeddable":true,"href":"https:\/\/www.budream.com\/fr\/wp-json\/wp\/v2\/product_cat?post=137691"},{"taxonomy":"product_tag","embeddable":true,"href":"https:\/\/www.budream.com\/fr\/wp-json\/wp\/v2\/product_tag?post=137691"}],"curies":[{"name":"wp","href":"https:\/\/api.w.org\/{rel}","templated":true}]}}