{"id":137778,"date":"2025-07-31T04:32:55","date_gmt":"2025-07-31T02:32:55","guid":{"rendered":"https:\/\/www.budream.com\/shop\/green-house-seed-co-lemon-skunk-fem\/"},"modified":"2026-04-27T12:14:42","modified_gmt":"2026-04-27T10:14:42","slug":"green-house-seed-co-lemon-skunk-fem","status":"publish","type":"product","link":"https:\/\/www.budream.com\/fr\/shop\/green-house-seed-co-lemon-skunk-fem\/","title":{"rendered":"GREEN HOUSE SEED CO. &#8211; LEMON SKUNK FEM"},"content":{"rendered":"<p>Lemon Skunk Feminised est une vari\u00e9t\u00e9 stable que beaucoup connaissent depuis des ann\u00e9es. Une g\u00e9n\u00e9tique assez \u00e9quilibr\u00e9e, 50% Indica et 50% Sativa, r\u00e9sultat de la combinaison d&rsquo;une Citral X Skunk.<\/p>\n<h2><strong>Caract\u00e9ristiques Lemon Skunk Fem<\/strong><\/h2>\n<ul style=\"list-style-type: disc\">\n<li><strong>Genre :<\/strong> F\u00e9minis\u00e9e<\/li>\n<li><strong>G\u00e9notype :<\/strong> Hybride 50% Indica 50% Sativa<\/li>\n<li><strong>G\u00e9n\u00e9tique :<\/strong> Skunk x Citral<\/li>\n<li><strong>Jours :<\/strong> 49-56 jours<\/li>\n<\/ul>\n<p><span style=\"font-size: 11pt\"><em><strong>ATTENTION :<\/strong> Les graines de chanvre sont exclues de la notion l\u00e9gale de Cannabis, ce qui signifie qu&rsquo;elles ne doivent pas \u00eatre consid\u00e9r\u00e9es comme une substance stup\u00e9fiante (L. 412 de 1974, Art. 1, paragraphe 1, lett. B ; Convention unique sur les stup\u00e9fiants de New York de 1961 et tableau II du d\u00e9cret minist\u00e9riel 27\/7\/1992). En Italie, la culture du chanvre est interdite (articles 28 et 73 du d\u00e9cret pr\u00e9sidentiel 309\/90), sauf autorisation sp\u00e9ciale (article 17 du d\u00e9cret pr\u00e9sidentiel 309\/90). En l&rsquo;absence d&rsquo;autorisation, les semences ne peuvent \u00eatre utilis\u00e9es qu&rsquo;\u00e0 d&rsquo;autres fins (zootechniques, de collection, etc.). Les semences sont vendues sous r\u00e9serve qu&rsquo;elles ne soient pas utilis\u00e9es par des tiers en contradiction avec la loi.<\/em><\/span><\/p>\n","protected":false},"excerpt":{"rendered":"<p>Lemon Skunk Feminised est une vari\u00e9t\u00e9 stable que beaucoup connaissent depuis des ann\u00e9es. Une g\u00e9n\u00e9tique assez \u00e9quilibr\u00e9e, 50% Indica et<\/p>\n","protected":false},"featured_media":225772,"comment_status":"open","ping_status":"closed","template":"","meta":[],"product_brand":[],"product_cat":[7951],"product_tag":[],"class_list":{"0":"post-137778","1":"product","2":"type-product","3":"status-publish","4":"has-post-thumbnail","6":"product_cat-magasin-de-graines","8":"first","9":"instock","10":"sale","11":"taxable","12":"shipping-taxable","13":"purchasable","14":"product-type-variable"},"aioseo_notices":[],"_links":{"self":[{"href":"https:\/\/www.budream.com\/fr\/wp-json\/wp\/v2\/product\/137778","targetHints":{"allow":["GET"]}}],"collection":[{"href":"https:\/\/www.budream.com\/fr\/wp-json\/wp\/v2\/product"}],"about":[{"href":"https:\/\/www.budream.com\/fr\/wp-json\/wp\/v2\/types\/product"}],"replies":[{"embeddable":true,"href":"https:\/\/www.budream.com\/fr\/wp-json\/wp\/v2\/comments?post=137778"}],"version-history":[{"count":1,"href":"https:\/\/www.budream.com\/fr\/wp-json\/wp\/v2\/product\/137778\/revisions"}],"predecessor-version":[{"id":265629,"href":"https:\/\/www.budream.com\/fr\/wp-json\/wp\/v2\/product\/137778\/revisions\/265629"}],"wp:featuredmedia":[{"embeddable":true,"href":"https:\/\/www.budream.com\/fr\/wp-json\/wp\/v2\/media\/225772"}],"wp:attachment":[{"href":"https:\/\/www.budream.com\/fr\/wp-json\/wp\/v2\/media?parent=137778"}],"wp:term":[{"taxonomy":"product_brand","embeddable":true,"href":"https:\/\/www.budream.com\/fr\/wp-json\/wp\/v2\/product_brand?post=137778"},{"taxonomy":"product_cat","embeddable":true,"href":"https:\/\/www.budream.com\/fr\/wp-json\/wp\/v2\/product_cat?post=137778"},{"taxonomy":"product_tag","embeddable":true,"href":"https:\/\/www.budream.com\/fr\/wp-json\/wp\/v2\/product_tag?post=137778"}],"curies":[{"name":"wp","href":"https:\/\/api.w.org\/{rel}","templated":true}]}}