{"id":138182,"date":"2025-07-31T04:53:25","date_gmt":"2025-07-31T02:53:25","guid":{"rendered":"https:\/\/www.budream.com\/shop\/sweet-seeds-s-a-d-sweet-afgani-delicious-cbd-fem-sws60\/"},"modified":"2025-12-12T14:28:31","modified_gmt":"2025-12-12T12:28:31","slug":"sweet-seeds-s-a-d-sweet-afgani-delicious-cbd-fem-sws60","status":"publish","type":"product","link":"https:\/\/www.budream.com\/fr\/shop\/sweet-seeds-s-a-d-sweet-afgani-delicious-cbd-fem-sws60\/","title":{"rendered":"SWEET SEEDS &#8211; S.A.D. SWEET AFGANI DELICIOUS CBD\u00ae FEM (SWS60)"},"content":{"rendered":"<div style=\"text-align: justify\">Disponible jusqu&rsquo;\u00e0 \u00e9puisement des stocks<\/p>\n<p>Version riche en CBD de notre Sweet Afgani Delicious S1&reg; (SWS02), r\u00e9sultat d&rsquo;un croisement entre notre clone \u00e9lite Black Domina &rsquo;98 et un clone de la famille Diesel riche en CBD.<\/p><\/div>\n<p><\/p>\n<h2><strong>Caract\u00e9ristiques S.A.D. Sweet Afgani Delicious CBD Fem (SWS60) Sweet Seeds :<\/strong><\/h2>\n<ul style=\"list-style-type: disc\">\n<li><strong>Genre :<\/strong> Hybride F\u00e9minis\u00e9e<\/li>\n<li><strong>G\u00e9n\u00e9tique :<\/strong> Black Domina &rsquo;98 x Diesel Clone riche en CBD<\/li>\n<li><strong>Composition :<\/strong> 60% Indica \/ 40% Sativa<\/li>\n<li><strong>Jours :<\/strong> 56-63<\/li>\n<\/ul>\n<p><\/p>\n<div style=\"text-align: justify\"><span style=\"font-size: 11pt\"><em><strong>ATTENTION :<\/strong> Les graines de chanvre sont exclues de la notion l\u00e9gale de Cannabis, ce qui signifie qu&rsquo;elles ne doivent pas \u00eatre consid\u00e9r\u00e9es comme une substance narcotique (Loi 412 de 1974, Art. 1, paragraphe 1, lettre B ; Convention Unique sur les Stup\u00e9fiants de New York de 1961 et tableau II du D\u00e9cret Minist\u00e9riel 27\/7\/1992). En Italie, la culture du chanvre est interdite (articles 28 et 73 du d\u00e9cret pr\u00e9sidentiel 309\/90), sauf autorisation sp\u00e9ciale (article 17 du d\u00e9cret pr\u00e9sidentiel 309\/90). En l&rsquo;absence d&rsquo;autorisation, les semences ne peuvent \u00eatre utilis\u00e9es qu&rsquo;\u00e0 d&rsquo;autres fins (zootechniques, de collection, etc.). Les semences sont vendues sous r\u00e9serve qu&rsquo;elles ne soient pas utilis\u00e9es par des tiers en contradiction avec la loi.<\/em><\/span><\/div>\n","protected":false},"excerpt":{"rendered":"<p>Disponible jusqu&rsquo;\u00e0 \u00e9puisement des stocks Version riche en CBD de notre Sweet Afgani Delicious S1&reg; (SWS02), r\u00e9sultat d&rsquo;un croisement entre<\/p>\n","protected":false},"featured_media":138172,"comment_status":"open","ping_status":"closed","template":"","meta":[],"product_brand":[],"product_cat":[7951],"product_tag":[],"class_list":{"0":"post-138182","1":"product","2":"type-product","3":"status-publish","4":"has-post-thumbnail","6":"product_cat-magasin-de-graines","8":"first","9":"instock","10":"sale","11":"taxable","12":"shipping-taxable","13":"purchasable","14":"product-type-variable"},"aioseo_notices":[],"_links":{"self":[{"href":"https:\/\/www.budream.com\/fr\/wp-json\/wp\/v2\/product\/138182","targetHints":{"allow":["GET"]}}],"collection":[{"href":"https:\/\/www.budream.com\/fr\/wp-json\/wp\/v2\/product"}],"about":[{"href":"https:\/\/www.budream.com\/fr\/wp-json\/wp\/v2\/types\/product"}],"replies":[{"embeddable":true,"href":"https:\/\/www.budream.com\/fr\/wp-json\/wp\/v2\/comments?post=138182"}],"version-history":[{"count":0,"href":"https:\/\/www.budream.com\/fr\/wp-json\/wp\/v2\/product\/138182\/revisions"}],"wp:featuredmedia":[{"embeddable":true,"href":"https:\/\/www.budream.com\/fr\/wp-json\/wp\/v2\/media\/138172"}],"wp:attachment":[{"href":"https:\/\/www.budream.com\/fr\/wp-json\/wp\/v2\/media?parent=138182"}],"wp:term":[{"taxonomy":"product_brand","embeddable":true,"href":"https:\/\/www.budream.com\/fr\/wp-json\/wp\/v2\/product_brand?post=138182"},{"taxonomy":"product_cat","embeddable":true,"href":"https:\/\/www.budream.com\/fr\/wp-json\/wp\/v2\/product_cat?post=138182"},{"taxonomy":"product_tag","embeddable":true,"href":"https:\/\/www.budream.com\/fr\/wp-json\/wp\/v2\/product_tag?post=138182"}],"curies":[{"name":"wp","href":"https:\/\/api.w.org\/{rel}","templated":true}]}}