{"id":138304,"date":"2025-07-31T04:58:14","date_gmt":"2025-07-31T02:58:14","guid":{"rendered":"https:\/\/www.budream.com\/shop\/royal-queen-seeds-blue-mystic-fem-2\/"},"modified":"2025-12-22T17:47:33","modified_gmt":"2025-12-22T15:47:33","slug":"royal-queen-seeds-blue-mystic-fem-2","status":"publish","type":"product","link":"https:\/\/www.budream.com\/fr\/shop\/royal-queen-seeds-blue-mystic-fem-2\/","title":{"rendered":"ROYAL QUEEN SEEDS &#8211; BLUE MYSTIC FEM"},"content":{"rendered":"<p>Dans les montagnes et les collines de l&rsquo;Oregon et de la Californie, une \u00e9quipe de cultivateurs de cannabis exp\u00e9riment\u00e9s a travaill\u00e9 sur de nouvelles vari\u00e9t\u00e9s qui allaient plus tard jeter les bases des types de marijuana nord-am\u00e9ricains que l&rsquo;on trouve aujourd&rsquo;hui. Le r\u00e9sultat de cette s\u00e9lection et de la production de centaines, voire de milliers, de graines allait \u00eatre l&rsquo;une des vari\u00e9t\u00e9s les plus connues que l&rsquo;on fume aujourd&rsquo;hui, la Blueberry.<\/p>\n<h2><strong>Caract\u00e9ristiques Blue Mystic Royal Queen Seeds :<\/strong><\/h2>\n<ul style=\"list-style-type: disc\">\n<li><strong>Genre :<\/strong> F\u00e9minis\u00e9e<\/li>\n<li><strong>G\u00e9notype :<\/strong> Hybride 20% Sativa<\/li>\n<li><strong>G\u00e9n\u00e9tique<\/strong>: Blueberry x Northern Light<\/li>\n<li><strong>Jours :<\/strong> 56-63<\/li>\n<\/ul>\n<p><em><strong>ATTENTION :<\/strong> Les graines de chanvre sont exclues de la notion l\u00e9gale de Cannabis, ce qui signifie qu&rsquo;elles ne doivent pas \u00eatre consid\u00e9r\u00e9es comme une substance stup\u00e9fiante (L. 412 de 1974, Art. 1, paragraphe 1, lettre B ; Convention unique sur les stup\u00e9fiants de New York de 1961 et tableau II du d\u00e9cret minist\u00e9riel 27\/7\/1992). En Italie, la culture du chanvre est interdite (articles 28 et 73 du d\u00e9cret pr\u00e9sidentiel 309\/90), sauf autorisation sp\u00e9ciale (article 17 du d\u00e9cret pr\u00e9sidentiel 309\/90). En l&rsquo;absence d&rsquo;autorisation, les semences ne peuvent \u00eatre utilis\u00e9es qu&rsquo;\u00e0 d&rsquo;autres fins (zootechniques, de collection, etc.). Les semences sont vendues sous r\u00e9serve qu&rsquo;elles ne soient pas utilis\u00e9es par des tiers en contradiction avec la loi.<\/em><\/p>\n","protected":false},"excerpt":{"rendered":"<p>Dans les montagnes et les collines de l&rsquo;Oregon et de la Californie, une \u00e9quipe de cultivateurs de cannabis exp\u00e9riment\u00e9s a<\/p>\n","protected":false},"featured_media":138290,"comment_status":"open","ping_status":"closed","template":"","meta":[],"product_brand":[],"product_cat":[7951],"product_tag":[],"class_list":{"0":"post-138304","1":"product","2":"type-product","3":"status-publish","4":"has-post-thumbnail","6":"product_cat-magasin-de-graines","8":"first","9":"instock","10":"sale","11":"taxable","12":"shipping-taxable","13":"purchasable","14":"product-type-variable"},"aioseo_notices":[],"_links":{"self":[{"href":"https:\/\/www.budream.com\/fr\/wp-json\/wp\/v2\/product\/138304","targetHints":{"allow":["GET"]}}],"collection":[{"href":"https:\/\/www.budream.com\/fr\/wp-json\/wp\/v2\/product"}],"about":[{"href":"https:\/\/www.budream.com\/fr\/wp-json\/wp\/v2\/types\/product"}],"replies":[{"embeddable":true,"href":"https:\/\/www.budream.com\/fr\/wp-json\/wp\/v2\/comments?post=138304"}],"version-history":[{"count":0,"href":"https:\/\/www.budream.com\/fr\/wp-json\/wp\/v2\/product\/138304\/revisions"}],"wp:featuredmedia":[{"embeddable":true,"href":"https:\/\/www.budream.com\/fr\/wp-json\/wp\/v2\/media\/138290"}],"wp:attachment":[{"href":"https:\/\/www.budream.com\/fr\/wp-json\/wp\/v2\/media?parent=138304"}],"wp:term":[{"taxonomy":"product_brand","embeddable":true,"href":"https:\/\/www.budream.com\/fr\/wp-json\/wp\/v2\/product_brand?post=138304"},{"taxonomy":"product_cat","embeddable":true,"href":"https:\/\/www.budream.com\/fr\/wp-json\/wp\/v2\/product_cat?post=138304"},{"taxonomy":"product_tag","embeddable":true,"href":"https:\/\/www.budream.com\/fr\/wp-json\/wp\/v2\/product_tag?post=138304"}],"curies":[{"name":"wp","href":"https:\/\/api.w.org\/{rel}","templated":true}]}}