{"id":138534,"date":"2025-07-31T05:06:48","date_gmt":"2025-07-31T03:06:48","guid":{"rendered":"https:\/\/www.budream.com\/shop\/royal-queen-seeds-euphoria-cbd-fem\/"},"modified":"2026-03-05T13:08:10","modified_gmt":"2026-03-05T11:08:10","slug":"royal-queen-seeds-euphoria-cbd-fem","status":"publish","type":"product","link":"https:\/\/www.budream.com\/fr\/shop\/royal-queen-seeds-euphoria-cbd-fem\/","title":{"rendered":"ROYAL QUEEN SEEDS &#8211; EUPHORIA CBD FEM"},"content":{"rendered":"<p><em>Euphoria<\/em> est un fin m\u00e9lange des g\u00e9n\u00e9tiques <em>Royal Medic<\/em> et Shark Shock. <em>Royal Medic<\/em> est une vari\u00e9t\u00e9 qui doit une grande partie de sa g\u00e9n\u00e9tique \u00e0 Juanita la Lagrimosa, l&rsquo;une des vari\u00e9t\u00e9s les plus riches en CBD. Shark Shock a \u00e9t\u00e9 lanc\u00e9e sur le march\u00e9 \u00e0 la fin des ann\u00e9es 1990, lorsqu&rsquo;elle a remport\u00e9 la High Times Cannabis Cup.<\/p>\n<h2><strong>Caract\u00e9ristiques Euphoria Royal Queen Seeds :<\/strong><\/h2>\n<ul style=\"list-style-type: disc\">\n<li><strong>Genre :<\/strong> F\u00e9minis\u00e9e<\/li>\n<li><strong>G\u00e9notype :<\/strong> Hybride 65% Sativa \/ 35% Indica<\/li>\n<li><strong>G\u00e9n\u00e9tique<\/strong>: Royal Medic x Shark Shock<\/li>\n<li><strong>Jours :<\/strong> 56<\/li>\n<\/ul>\n<p><em><strong>ATTENTION :<\/strong> Les graines de chanvre sont exclues de la notion l\u00e9gale de Cannabis, ce qui signifie qu&rsquo;elles ne doivent pas \u00eatre consid\u00e9r\u00e9es comme une substance stup\u00e9fiante (L. 412 de 1974, Art. 1, paragraphe 1, lett. B ; Convention unique sur les stup\u00e9fiants de New York de 1961 et tableau II du d\u00e9cret minist\u00e9riel 27\/7\/1992). En Italie, la culture du chanvre est interdite (articles 28 et 73 du d\u00e9cret pr\u00e9sidentiel 309\/90), sauf autorisation sp\u00e9ciale (article 17 du d\u00e9cret pr\u00e9sidentiel 309\/90). En l&rsquo;absence d&rsquo;autorisation, les semences ne peuvent \u00eatre utilis\u00e9es qu&rsquo;\u00e0 d&rsquo;autres fins (zootechniques, de collection, etc.). Les semences sont vendues sous r\u00e9serve qu&rsquo;elles ne soient pas utilis\u00e9es par des tiers en contradiction avec la loi.<\/em><\/p>\n","protected":false},"excerpt":{"rendered":"<p>Euphoria est un fin m\u00e9lange des g\u00e9n\u00e9tiques Royal Medic et Shark Shock. Royal Medic est une vari\u00e9t\u00e9 qui doit une<\/p>\n","protected":false},"featured_media":138523,"comment_status":"open","ping_status":"closed","template":"","meta":[],"product_brand":[],"product_cat":[7951],"product_tag":[],"class_list":{"0":"post-138534","1":"product","2":"type-product","3":"status-publish","4":"has-post-thumbnail","6":"product_cat-magasin-de-graines","8":"first","9":"instock","10":"sale","11":"taxable","12":"shipping-taxable","13":"purchasable","14":"product-type-variable"},"_links":{"self":[{"href":"https:\/\/www.budream.com\/fr\/wp-json\/wp\/v2\/product\/138534","targetHints":{"allow":["GET"]}}],"collection":[{"href":"https:\/\/www.budream.com\/fr\/wp-json\/wp\/v2\/product"}],"about":[{"href":"https:\/\/www.budream.com\/fr\/wp-json\/wp\/v2\/types\/product"}],"replies":[{"embeddable":true,"href":"https:\/\/www.budream.com\/fr\/wp-json\/wp\/v2\/comments?post=138534"}],"version-history":[{"count":0,"href":"https:\/\/www.budream.com\/fr\/wp-json\/wp\/v2\/product\/138534\/revisions"}],"wp:featuredmedia":[{"embeddable":true,"href":"https:\/\/www.budream.com\/fr\/wp-json\/wp\/v2\/media\/138523"}],"wp:attachment":[{"href":"https:\/\/www.budream.com\/fr\/wp-json\/wp\/v2\/media?parent=138534"}],"wp:term":[{"taxonomy":"product_brand","embeddable":true,"href":"https:\/\/www.budream.com\/fr\/wp-json\/wp\/v2\/product_brand?post=138534"},{"taxonomy":"product_cat","embeddable":true,"href":"https:\/\/www.budream.com\/fr\/wp-json\/wp\/v2\/product_cat?post=138534"},{"taxonomy":"product_tag","embeddable":true,"href":"https:\/\/www.budream.com\/fr\/wp-json\/wp\/v2\/product_tag?post=138534"}],"curies":[{"name":"wp","href":"https:\/\/api.w.org\/{rel}","templated":true}]}}