{"id":138628,"date":"2025-07-31T05:10:12","date_gmt":"2025-07-31T03:10:12","guid":{"rendered":"https:\/\/www.budream.com\/shop\/royal-queen-seeds-painkiller-xl-cbd-fem\/"},"modified":"2026-02-25T14:02:51","modified_gmt":"2026-02-25T12:02:51","slug":"royal-queen-seeds-painkiller-xl-cbd-fem","status":"publish","type":"product","link":"https:\/\/www.budream.com\/fr\/shop\/royal-queen-seeds-painkiller-xl-cbd-fem\/","title":{"rendered":"ROYAL QUEEN SEEDS &#8211; PAINKILLER XL CBD FEM"},"content":{"rendered":"<p>Cette nouvelle vari\u00e9t\u00e9 combine deux vari\u00e9t\u00e9s populaires, <em>Juanita la Lagrimosa et Royal Highness<\/em>, toutes deux hybrides d&rsquo;autres pr\u00e9curseurs g\u00e9n\u00e9tiques. Juanita la Lagrimosa est un croisement de Queen Mother et d&rsquo;un m\u00e9lange de g\u00e9n\u00e9tiques mexicaines et afghanes, tandis que Royal Highness est compos\u00e9e de Dance Hall et de Respect 13.<\/p>\n<h2><strong>Caract\u00e9ristiques Painkiller XL CBD Royal Queen Seeds :<\/strong><\/h2>\n<ul style=\"list-style-type: disc\">\n<li><strong>Genre :<\/strong> F\u00e9minis\u00e9e<\/li>\n<li><strong>G\u00e9notype :<\/strong> Hybride 70% Sativa 30% Indica<\/li>\n<li><strong>G\u00e9n\u00e9tique<\/strong>: Respect 13 x Juanita la Lagrimosa<\/li>\n<li><strong>Jours :<\/strong> 55<\/li>\n<\/ul>\n<p><em><strong>ATTENTION :<\/strong> Les graines de chanvre sont exclues de la notion l\u00e9gale de Cannabis, ce qui signifie qu&rsquo;elles ne doivent pas \u00eatre consid\u00e9r\u00e9es comme une substance stup\u00e9fiante (L. 412 de 1974, Art. 1, virgule 1, lett. B ; Convention unique sur les stup\u00e9fiants de New York de 1961 et tableau II du d\u00e9cret minist\u00e9riel 27\/7\/1992). En Italie, la culture du chanvre est interdite (articles 28 et 73 du d\u00e9cret pr\u00e9sidentiel 309\/90), sauf autorisation sp\u00e9ciale (article 17 du d\u00e9cret pr\u00e9sidentiel 309\/90). En l&rsquo;absence d&rsquo;autorisation, les semences ne peuvent \u00eatre utilis\u00e9es qu&rsquo;\u00e0 d&rsquo;autres fins (zootechniques, de collection, etc.). Les semences sont vendues sous r\u00e9serve qu&rsquo;elles ne soient pas utilis\u00e9es par des tiers en contradiction avec la loi.<\/em><\/p>\n","protected":false},"excerpt":{"rendered":"<p>Cette nouvelle vari\u00e9t\u00e9 combine deux vari\u00e9t\u00e9s populaires, Juanita la Lagrimosa et Royal Highness, toutes deux hybrides d&rsquo;autres pr\u00e9curseurs g\u00e9n\u00e9tiques. Juanita<\/p>\n","protected":false},"featured_media":138618,"comment_status":"open","ping_status":"closed","template":"","meta":[],"product_brand":[],"product_cat":[7951],"product_tag":[],"class_list":{"0":"post-138628","1":"product","2":"type-product","3":"status-publish","4":"has-post-thumbnail","6":"product_cat-magasin-de-graines","8":"first","9":"instock","10":"sale","11":"taxable","12":"shipping-taxable","13":"purchasable","14":"product-type-variable"},"aioseo_notices":[],"_links":{"self":[{"href":"https:\/\/www.budream.com\/fr\/wp-json\/wp\/v2\/product\/138628","targetHints":{"allow":["GET"]}}],"collection":[{"href":"https:\/\/www.budream.com\/fr\/wp-json\/wp\/v2\/product"}],"about":[{"href":"https:\/\/www.budream.com\/fr\/wp-json\/wp\/v2\/types\/product"}],"replies":[{"embeddable":true,"href":"https:\/\/www.budream.com\/fr\/wp-json\/wp\/v2\/comments?post=138628"}],"version-history":[{"count":0,"href":"https:\/\/www.budream.com\/fr\/wp-json\/wp\/v2\/product\/138628\/revisions"}],"wp:featuredmedia":[{"embeddable":true,"href":"https:\/\/www.budream.com\/fr\/wp-json\/wp\/v2\/media\/138618"}],"wp:attachment":[{"href":"https:\/\/www.budream.com\/fr\/wp-json\/wp\/v2\/media?parent=138628"}],"wp:term":[{"taxonomy":"product_brand","embeddable":true,"href":"https:\/\/www.budream.com\/fr\/wp-json\/wp\/v2\/product_brand?post=138628"},{"taxonomy":"product_cat","embeddable":true,"href":"https:\/\/www.budream.com\/fr\/wp-json\/wp\/v2\/product_cat?post=138628"},{"taxonomy":"product_tag","embeddable":true,"href":"https:\/\/www.budream.com\/fr\/wp-json\/wp\/v2\/product_tag?post=138628"}],"curies":[{"name":"wp","href":"https:\/\/api.w.org\/{rel}","templated":true}]}}