{"id":138820,"date":"2025-07-31T05:17:06","date_gmt":"2025-07-31T03:17:06","guid":{"rendered":"https:\/\/www.budream.com\/shop\/royal-queen-seeds-speedy-chile-fast-flowering-fem\/"},"modified":"2025-12-22T22:00:48","modified_gmt":"2025-12-22T20:00:48","slug":"royal-queen-seeds-speedy-chile-fast-flowering-fem","status":"publish","type":"product","link":"https:\/\/www.budream.com\/fr\/shop\/royal-queen-seeds-speedy-chile-fast-flowering-fem\/","title":{"rendered":"ROYAL QUEEN SEEDS &#8211; SPEEDY CHILE FAST FLOWERING FEM"},"content":{"rendered":"<div id=\"short_description_content\" class=\"rte short-description-product hidden-sm hidden-xs\">\n<p>Royal Queen Seeds a con\u00e7u les nouvelles graines de cannabis f\u00e9minis\u00e9es Speedy Chile pour redonner vie aux meilleures caract\u00e9ristiques de vos vari\u00e9t\u00e9s pr\u00e9f\u00e9r\u00e9es. Les versions plus rapides des croisements RQS sont des alternatives id\u00e9ales aux vari\u00e9t\u00e9s \u00e0 autofloraison car elles ont une puissance plus \u00e9lev\u00e9e et sont con\u00e7ues pour avoir une p\u00e9riode de floraison plus courte.<\/p>\n<\/div>\n<h2><strong>Caract\u00e9ristiques Speedy Chile Royal Queen Seeds :<\/strong><\/h2>\n<ul style=\"list-style-type: disc\">\n<li><strong>Genre :<\/strong> F\u00e9minis\u00e9e<\/li>\n<li><strong>G\u00e9notype :<\/strong> Hybride 40% Sativa 60% Indica<\/li>\n<li><strong>G\u00e9n\u00e9tique :<\/strong> Old School Skunk x Afghani<\/li>\n<li><strong>Jours :<\/strong> 42-56<\/li>\n<\/ul>\n<p><em><strong>ATTENTION :<\/strong> Les graines de chanvre sont exclues de la notion l\u00e9gale de Cannabis, ce qui signifie qu&rsquo;elles ne doivent pas \u00eatre consid\u00e9r\u00e9es comme une substance stup\u00e9fiante (L. 412 de 1974, Art. 1, paragraphe 1, lett. B ; Convention unique sur les stup\u00e9fiants de New York de 1961 et tableau II du d\u00e9cret minist\u00e9riel 27\/7\/1992). En Italie, la culture du chanvre est interdite (articles 28 et 73 du d\u00e9cret pr\u00e9sidentiel 309\/90), sauf autorisation sp\u00e9ciale (article 17 du d\u00e9cret pr\u00e9sidentiel 309\/90). En l&rsquo;absence d&rsquo;autorisation, les semences ne peuvent \u00eatre utilis\u00e9es qu&rsquo;\u00e0 d&rsquo;autres fins (zootechniques, de collection, etc.). Les semences sont vendues sous r\u00e9serve qu&rsquo;elles ne soient pas utilis\u00e9es par des tiers en contradiction avec la loi.<\/em><\/p>\n","protected":false},"excerpt":{"rendered":"<p>Royal Queen Seeds a con\u00e7u les nouvelles graines de cannabis f\u00e9minis\u00e9es Speedy Chile pour redonner vie aux meilleures caract\u00e9ristiques de<\/p>\n","protected":false},"featured_media":138810,"comment_status":"open","ping_status":"closed","template":"","meta":[],"product_brand":[],"product_cat":[7951],"product_tag":[],"class_list":{"0":"post-138820","1":"product","2":"type-product","3":"status-publish","4":"has-post-thumbnail","6":"product_cat-magasin-de-graines","8":"first","9":"instock","10":"taxable","11":"shipping-taxable","12":"purchasable","13":"product-type-variable"},"aioseo_notices":[],"_links":{"self":[{"href":"https:\/\/www.budream.com\/fr\/wp-json\/wp\/v2\/product\/138820","targetHints":{"allow":["GET"]}}],"collection":[{"href":"https:\/\/www.budream.com\/fr\/wp-json\/wp\/v2\/product"}],"about":[{"href":"https:\/\/www.budream.com\/fr\/wp-json\/wp\/v2\/types\/product"}],"replies":[{"embeddable":true,"href":"https:\/\/www.budream.com\/fr\/wp-json\/wp\/v2\/comments?post=138820"}],"version-history":[{"count":0,"href":"https:\/\/www.budream.com\/fr\/wp-json\/wp\/v2\/product\/138820\/revisions"}],"wp:featuredmedia":[{"embeddable":true,"href":"https:\/\/www.budream.com\/fr\/wp-json\/wp\/v2\/media\/138810"}],"wp:attachment":[{"href":"https:\/\/www.budream.com\/fr\/wp-json\/wp\/v2\/media?parent=138820"}],"wp:term":[{"taxonomy":"product_brand","embeddable":true,"href":"https:\/\/www.budream.com\/fr\/wp-json\/wp\/v2\/product_brand?post=138820"},{"taxonomy":"product_cat","embeddable":true,"href":"https:\/\/www.budream.com\/fr\/wp-json\/wp\/v2\/product_cat?post=138820"},{"taxonomy":"product_tag","embeddable":true,"href":"https:\/\/www.budream.com\/fr\/wp-json\/wp\/v2\/product_tag?post=138820"}],"curies":[{"name":"wp","href":"https:\/\/api.w.org\/{rel}","templated":true}]}}