{"id":138865,"date":"2025-07-31T05:18:45","date_gmt":"2025-07-31T03:18:45","guid":{"rendered":"https:\/\/www.budream.com\/shop\/royal-queen-seeds-fast-eddy-automatic-cbd-fem\/"},"modified":"2026-03-20T18:38:44","modified_gmt":"2026-03-20T16:38:44","slug":"royal-queen-seeds-fast-eddy-automatic-cbd-fem","status":"publish","type":"product","link":"https:\/\/www.budream.com\/fr\/shop\/royal-queen-seeds-fast-eddy-automatic-cbd-fem\/","title":{"rendered":"ROYAL QUEEN SEEDS &#8211; FAST EDDY AUTOMATIC CBD FEM"},"content":{"rendered":"<p>Croisement de Cheese x Juanita la Lagrimosa x Ruderalis, Fast Eddy est une vari\u00e9t\u00e9 automatique riche en CBD, \u00e0 la croissance acc\u00e9l\u00e9r\u00e9e et aux saveurs d\u00e9licieuses, qui t\u00e9moigne de l&rsquo;amour et du soin avec lesquels elle a \u00e9t\u00e9 cr\u00e9\u00e9e.<\/p>\n<h2><strong>Caract\u00e9ristiques Fast Eddy Automatic CBD Royal Queen Seeds :<\/strong><\/h2>\n<ul style=\"list-style-type: disc\">\n<li><strong>Genre :<\/strong> Autofloraison f\u00e9minis\u00e9e<\/li>\n<li><strong>G\u00e9notype :<\/strong> Hybride 50% Sativa \/ 40% Indica \/ 10% Ruderalis<\/li>\n<li><strong>G\u00e9n\u00e9tique :<\/strong> Cheese x Juanita la Lagrimosa x Ruderalis<\/li>\n<li><strong>Jours :<\/strong> 49-56<\/li>\n<\/ul>\n<p><em><strong>ATTENTION :<\/strong> Les graines de chanvre sont exclues de la notion l\u00e9gale de Cannabis, ce qui signifie qu&rsquo;elles ne doivent pas \u00eatre consid\u00e9r\u00e9es comme une substance stup\u00e9fiante (L. 412 de 1974, art. 1, alin\u00e9a 1, lettre B ; Convention unique sur les stup\u00e9fiants de New York de 1961 et tableau II du d\u00e9cret minist\u00e9riel 27\/7\/1992). En Italie, la culture du chanvre est interdite (articles 28 et 73 du d\u00e9cret pr\u00e9sidentiel 309\/90), sauf autorisation sp\u00e9ciale (article 17 du d\u00e9cret pr\u00e9sidentiel 309\/90). En l&rsquo;absence d&rsquo;autorisation, les semences ne peuvent \u00eatre utilis\u00e9es qu&rsquo;\u00e0 d&rsquo;autres fins (zootechniques, de collection, etc.). Les semences sont vendues sous r\u00e9serve qu&rsquo;elles ne soient pas utilis\u00e9es par des tiers en contradiction avec la loi.<\/em><\/p>\n","protected":false},"excerpt":{"rendered":"<p>Croisement de Cheese x Juanita la Lagrimosa x Ruderalis, Fast Eddy est une vari\u00e9t\u00e9 automatique riche en CBD, \u00e0 la<\/p>\n","protected":false},"featured_media":138855,"comment_status":"open","ping_status":"closed","template":"","meta":[],"product_brand":[],"product_cat":[7951],"product_tag":[],"class_list":{"0":"post-138865","1":"product","2":"type-product","3":"status-publish","4":"has-post-thumbnail","6":"product_cat-magasin-de-graines","8":"first","9":"instock","10":"taxable","11":"shipping-taxable","12":"purchasable","13":"product-type-variable"},"aioseo_notices":[],"_links":{"self":[{"href":"https:\/\/www.budream.com\/fr\/wp-json\/wp\/v2\/product\/138865","targetHints":{"allow":["GET"]}}],"collection":[{"href":"https:\/\/www.budream.com\/fr\/wp-json\/wp\/v2\/product"}],"about":[{"href":"https:\/\/www.budream.com\/fr\/wp-json\/wp\/v2\/types\/product"}],"replies":[{"embeddable":true,"href":"https:\/\/www.budream.com\/fr\/wp-json\/wp\/v2\/comments?post=138865"}],"version-history":[{"count":0,"href":"https:\/\/www.budream.com\/fr\/wp-json\/wp\/v2\/product\/138865\/revisions"}],"wp:featuredmedia":[{"embeddable":true,"href":"https:\/\/www.budream.com\/fr\/wp-json\/wp\/v2\/media\/138855"}],"wp:attachment":[{"href":"https:\/\/www.budream.com\/fr\/wp-json\/wp\/v2\/media?parent=138865"}],"wp:term":[{"taxonomy":"product_brand","embeddable":true,"href":"https:\/\/www.budream.com\/fr\/wp-json\/wp\/v2\/product_brand?post=138865"},{"taxonomy":"product_cat","embeddable":true,"href":"https:\/\/www.budream.com\/fr\/wp-json\/wp\/v2\/product_cat?post=138865"},{"taxonomy":"product_tag","embeddable":true,"href":"https:\/\/www.budream.com\/fr\/wp-json\/wp\/v2\/product_tag?post=138865"}],"curies":[{"name":"wp","href":"https:\/\/api.w.org\/{rel}","templated":true}]}}