{"id":139606,"date":"2025-07-31T05:45:57","date_gmt":"2025-07-31T03:45:57","guid":{"rendered":"https:\/\/www.budream.com\/shop\/air-pot\/"},"modified":"2026-03-30T22:43:32","modified_gmt":"2026-03-30T20:43:32","slug":"air-pot","status":"publish","type":"product","link":"https:\/\/www.budream.com\/fr\/shop\/air-pot\/","title":{"rendered":"AIR-POT"},"content":{"rendered":"<p><span style=\"font-family: arial, helvetica, sans-serif;font-size: medium\"><span style=\"font-family: arial, helvetica, sans-serif\"><span style=\"font-family: 'Times New Roman'\">Superoots Air-Pot Hydro est la version con\u00e7ue pour une utilisation en int\u00e9rieur.<br \/>Le pot en plastique r\u00e9utilisable dont la structure sp\u00e9ciale am\u00e9liore activement la qualit\u00e9 du syst\u00e8me racinaire des plantes.<\/span><\/span><\/span><\/p>\n<div style=\"font-family: 'Times New Roman';font-size: medium\"><span style=\"font-family: arial, helvetica, sans-serif\">Fabriqu\u00e9 \u00e0 partir de PEHD recycl\u00e9, Superoots Air-Pot est de forme circulaire, avec une paroi perfor\u00e9e comme une bo\u00eete \u00e0 \u0153ufs. Il n&rsquo;y a pas de surfaces planes sur lesquelles les racines peuvent commencer le processus de spirale.<\/span><\/div>\n<div style=\"font-family: 'Times New Roman';font-size: medium\"><span style=\"font-family: arial, helvetica, sans-serif\">Les c\u00f4nes ferm\u00e9s orient\u00e9s vers l&rsquo;int\u00e9rieur am\u00e8nent les racines \u00e0 se diriger vers le trou situ\u00e9 \u00e0 l&rsquo;extr\u00e9mit\u00e9 des c\u00f4nes ext\u00e9rieurs, o\u00f9 elles se d\u00e9shydratent.<\/span><\/div>\n<div style=\"font-family: 'Times New Roman';font-size: medium\"><span style=\"font-family: arial, helvetica, sans-serif\">La r\u00e9action de la plante \u00e0 cette taille est d&rsquo;\u00e9mettre encore plus de racines, ce qui conduit au d\u00e9veloppement d&rsquo;un syst\u00e8me racinaire radial dense et fibreux en tr\u00e8s peu de temps.<br \/><\/span><\/div>\n","protected":false},"excerpt":{"rendered":"<p>Superoots Air-Pot Hydro est la version con\u00e7ue pour une utilisation en int\u00e9rieur.Le pot en plastique r\u00e9utilisable dont la structure sp\u00e9ciale<\/p>\n","protected":false},"featured_media":139600,"comment_status":"open","ping_status":"closed","template":"","meta":[],"product_brand":[],"product_cat":[7940],"product_tag":[],"class_list":{"0":"post-139606","1":"product","2":"type-product","3":"status-publish","4":"has-post-thumbnail","6":"product_cat-pots-fr","8":"first","9":"instock","10":"taxable","11":"shipping-taxable","12":"purchasable","13":"product-type-variable"},"_links":{"self":[{"href":"https:\/\/www.budream.com\/fr\/wp-json\/wp\/v2\/product\/139606","targetHints":{"allow":["GET"]}}],"collection":[{"href":"https:\/\/www.budream.com\/fr\/wp-json\/wp\/v2\/product"}],"about":[{"href":"https:\/\/www.budream.com\/fr\/wp-json\/wp\/v2\/types\/product"}],"replies":[{"embeddable":true,"href":"https:\/\/www.budream.com\/fr\/wp-json\/wp\/v2\/comments?post=139606"}],"version-history":[{"count":0,"href":"https:\/\/www.budream.com\/fr\/wp-json\/wp\/v2\/product\/139606\/revisions"}],"wp:featuredmedia":[{"embeddable":true,"href":"https:\/\/www.budream.com\/fr\/wp-json\/wp\/v2\/media\/139600"}],"wp:attachment":[{"href":"https:\/\/www.budream.com\/fr\/wp-json\/wp\/v2\/media?parent=139606"}],"wp:term":[{"taxonomy":"product_brand","embeddable":true,"href":"https:\/\/www.budream.com\/fr\/wp-json\/wp\/v2\/product_brand?post=139606"},{"taxonomy":"product_cat","embeddable":true,"href":"https:\/\/www.budream.com\/fr\/wp-json\/wp\/v2\/product_cat?post=139606"},{"taxonomy":"product_tag","embeddable":true,"href":"https:\/\/www.budream.com\/fr\/wp-json\/wp\/v2\/product_tag?post=139606"}],"curies":[{"name":"wp","href":"https:\/\/api.w.org\/{rel}","templated":true}]}}