{"id":139762,"date":"2025-07-31T05:48:46","date_gmt":"2025-07-31T03:48:46","guid":{"rendered":"https:\/\/www.budream.com\/shop\/sensi-seeds-bank-michka-fem\/"},"modified":"2025-12-22T15:56:23","modified_gmt":"2025-12-22T13:56:23","slug":"sensi-seeds-bank-michka-fem","status":"publish","type":"product","link":"https:\/\/www.budream.com\/fr\/shop\/sensi-seeds-bank-michka-fem\/","title":{"rendered":"SENSI SEEDS BANK &#8211; MICHKA FEM"},"content":{"rendered":"<div style=\"text-align: justify\">Les graines f\u00e9minis\u00e9es Michka de Sensi Seeds ont des origines tr\u00e8s curieuses. En effet, cette vari\u00e9t\u00e9 a \u00e9t\u00e9 cr\u00e9\u00e9e parce que, lors du processus de s\u00e9lection d&rsquo;Eagle Bill, elle a imm\u00e9diatement attir\u00e9 l&rsquo;attention et il a \u00e9t\u00e9 d\u00e9cid\u00e9 de la conserver et de la d\u00e9velopper. C&rsquo;est ainsi qu&rsquo;est n\u00e9e cette merveilleuse Sativa, un hybride d&rsquo;une incroyable beaut\u00e9 qui porte le nom de la Grande Dame, Michka Seelinger-Chatelain.<\/p>\n<\/div>\n<h2><strong>Caract\u00e9ristiques Michka Fem Sensi Seeds Bank :<\/strong><\/h2>\n<ul style=\"list-style-type: disc\">\n<li><strong>Genre :<\/strong> F\u00e9minis\u00e9e<\/li>\n<li><strong>G\u00e9notype : <\/strong>Hybride 20% Indica \/ 80% Sativa<\/li>\n<li><strong>G\u00e9n\u00e9tique :<\/strong> Super Skunk <span class=\"cross\">x<\/span> Jack Herer <span class=\"cross\">x<\/span> Haze<\/li>\n<li><strong>Jours de floraison :<\/strong> 70-85 jours<\/li>\n<\/ul>\n<p><span style=\"font-size: 11pt\"><em><strong>ATTENTION :<\/strong> Les graines de chanvre sont exclues de la notion l\u00e9gale de Cannabis, ce qui signifie qu&rsquo;elles ne doivent pas \u00eatre consid\u00e9r\u00e9es comme une substance stup\u00e9fiante (L. 412 de 1974, art. 1, alin\u00e9a 1, lettre B ; Convention unique sur les stup\u00e9fiants de New York de 1961 et tableau II du d\u00e9cret minist\u00e9riel 27\/7\/1992). En Italie, la culture du chanvre est interdite (articles 28 et 73 du d\u00e9cret pr\u00e9sidentiel 309\/90), sauf autorisation sp\u00e9ciale (article 17 du d\u00e9cret pr\u00e9sidentiel 309\/90). En l&rsquo;absence d&rsquo;autorisation, les semences ne peuvent \u00eatre utilis\u00e9es qu&rsquo;\u00e0 d&rsquo;autres fins (zootechniques, de collection, etc.). Les semences sont vendues sous r\u00e9serve qu&rsquo;elles ne soient pas utilis\u00e9es par des tiers en contradiction avec la loi.<\/em><\/span><\/p>\n","protected":false},"excerpt":{"rendered":"<p>Les graines f\u00e9minis\u00e9es Michka de Sensi Seeds ont des origines tr\u00e8s curieuses. En effet, cette vari\u00e9t\u00e9 a \u00e9t\u00e9 cr\u00e9\u00e9e parce<\/p>\n","protected":false},"featured_media":197076,"comment_status":"open","ping_status":"closed","template":"","meta":[],"product_brand":[],"product_cat":[7951],"product_tag":[],"class_list":{"0":"post-139762","1":"product","2":"type-product","3":"status-publish","4":"has-post-thumbnail","6":"product_cat-magasin-de-graines","8":"first","9":"instock","10":"taxable","11":"shipping-taxable","12":"purchasable","13":"product-type-variable"},"_links":{"self":[{"href":"https:\/\/www.budream.com\/fr\/wp-json\/wp\/v2\/product\/139762","targetHints":{"allow":["GET"]}}],"collection":[{"href":"https:\/\/www.budream.com\/fr\/wp-json\/wp\/v2\/product"}],"about":[{"href":"https:\/\/www.budream.com\/fr\/wp-json\/wp\/v2\/types\/product"}],"replies":[{"embeddable":true,"href":"https:\/\/www.budream.com\/fr\/wp-json\/wp\/v2\/comments?post=139762"}],"version-history":[{"count":0,"href":"https:\/\/www.budream.com\/fr\/wp-json\/wp\/v2\/product\/139762\/revisions"}],"wp:featuredmedia":[{"embeddable":true,"href":"https:\/\/www.budream.com\/fr\/wp-json\/wp\/v2\/media\/197076"}],"wp:attachment":[{"href":"https:\/\/www.budream.com\/fr\/wp-json\/wp\/v2\/media?parent=139762"}],"wp:term":[{"taxonomy":"product_brand","embeddable":true,"href":"https:\/\/www.budream.com\/fr\/wp-json\/wp\/v2\/product_brand?post=139762"},{"taxonomy":"product_cat","embeddable":true,"href":"https:\/\/www.budream.com\/fr\/wp-json\/wp\/v2\/product_cat?post=139762"},{"taxonomy":"product_tag","embeddable":true,"href":"https:\/\/www.budream.com\/fr\/wp-json\/wp\/v2\/product_tag?post=139762"}],"curies":[{"name":"wp","href":"https:\/\/api.w.org\/{rel}","templated":true}]}}