{"id":139968,"date":"2025-07-31T05:53:04","date_gmt":"2025-07-31T03:53:04","guid":{"rendered":"https:\/\/www.budream.com\/shop\/graines-douces-black-jack-cbd-fem-sws68\/"},"modified":"2025-12-12T12:57:43","modified_gmt":"2025-12-12T10:57:43","slug":"graines-douces-black-jack-cbd-fem-sws68","status":"publish","type":"product","link":"https:\/\/www.budream.com\/fr\/shop\/graines-douces-black-jack-cbd-fem-sws68\/","title":{"rendered":"GRAINES DOUCES &#8211; BLACK JACK CBD FEM (SWS68)"},"content":{"rendered":"<div style=\"text-align: justify\">Disponible jusqu&rsquo;\u00e0 \u00e9puisement des stocks<\/p>\n<p>Version riche en cannabidiol (CBD) de l&rsquo;une des premi\u00e8res vari\u00e9t\u00e9s les plus pris\u00e9es de notre banque de graines. Black Jack CBD&reg; est l&rsquo;hybride r\u00e9sultant du croisement de notre Black Jack&reg; (SWS01) et d&rsquo;un clone s\u00e9lectionn\u00e9 riche en CBD avec des anc\u00eatres de la famille Diesel.<\/p><\/div>\n<p><\/p>\n<h2><strong>Caract\u00e9ristiques Black Jack CBD Fem Sweet Seeds :<\/strong><\/h2>\n<ul style=\"list-style-type: disc\">\n<li><strong>Genre :<\/strong> Hybride F\u00e9minis\u00e9e<\/li>\n<li><strong>G\u00e9n\u00e9tique :<\/strong> Black Jack (SWS01) x clone riche en CBD<\/li>\n<li><strong>Composition :<\/strong> 50% Indica \/ 50% Sativa<\/li>\n<li><strong>Jours :<\/strong> 56 &#8211; 63 jours<\/li>\n<\/ul>\n<p><\/p>\n<div style=\"text-align: justify\"><span style=\"font-size: 11pt\"><em><strong>ATTENTION :<\/strong> Les graines de chanvre sont exclues de la notion l\u00e9gale de Cannabis, ce qui signifie qu&rsquo;elles ne doivent pas \u00eatre consid\u00e9r\u00e9es comme une substance stup\u00e9fiante (L. 412 de 1974, art. 1, paragraphe 1, lettre B ; Convention unique sur les stup\u00e9fiants de New York de 1961 et tableau II du d\u00e9cret minist\u00e9riel 27\/7\/1992). En Italie, la culture du chanvre est interdite (articles 28 et 73 du d\u00e9cret pr\u00e9sidentiel 309\/90), sauf autorisation sp\u00e9ciale (article 17 du d\u00e9cret pr\u00e9sidentiel 309\/90). En l&rsquo;absence d&rsquo;autorisation, les semences ne peuvent \u00eatre utilis\u00e9es qu&rsquo;\u00e0 d&rsquo;autres fins (zootechniques, de collection, etc.). Les semences sont vendues sous r\u00e9serve qu&rsquo;elles ne soient pas utilis\u00e9es par des tiers en contradiction avec la loi.<\/em><\/span><\/div>\n","protected":false},"excerpt":{"rendered":"<p>Disponible jusqu&rsquo;\u00e0 \u00e9puisement des stocks Version riche en cannabidiol (CBD) de l&rsquo;une des premi\u00e8res vari\u00e9t\u00e9s les plus pris\u00e9es de notre<\/p>\n","protected":false},"featured_media":139954,"comment_status":"open","ping_status":"closed","template":"","meta":[],"product_brand":[],"product_cat":[7951],"product_tag":[],"class_list":{"0":"post-139968","1":"product","2":"type-product","3":"status-publish","4":"has-post-thumbnail","6":"product_cat-magasin-de-graines","8":"first","9":"instock","10":"sale","11":"taxable","12":"shipping-taxable","13":"purchasable","14":"product-type-variable"},"aioseo_notices":[],"_links":{"self":[{"href":"https:\/\/www.budream.com\/fr\/wp-json\/wp\/v2\/product\/139968","targetHints":{"allow":["GET"]}}],"collection":[{"href":"https:\/\/www.budream.com\/fr\/wp-json\/wp\/v2\/product"}],"about":[{"href":"https:\/\/www.budream.com\/fr\/wp-json\/wp\/v2\/types\/product"}],"replies":[{"embeddable":true,"href":"https:\/\/www.budream.com\/fr\/wp-json\/wp\/v2\/comments?post=139968"}],"version-history":[{"count":0,"href":"https:\/\/www.budream.com\/fr\/wp-json\/wp\/v2\/product\/139968\/revisions"}],"wp:featuredmedia":[{"embeddable":true,"href":"https:\/\/www.budream.com\/fr\/wp-json\/wp\/v2\/media\/139954"}],"wp:attachment":[{"href":"https:\/\/www.budream.com\/fr\/wp-json\/wp\/v2\/media?parent=139968"}],"wp:term":[{"taxonomy":"product_brand","embeddable":true,"href":"https:\/\/www.budream.com\/fr\/wp-json\/wp\/v2\/product_brand?post=139968"},{"taxonomy":"product_cat","embeddable":true,"href":"https:\/\/www.budream.com\/fr\/wp-json\/wp\/v2\/product_cat?post=139968"},{"taxonomy":"product_tag","embeddable":true,"href":"https:\/\/www.budream.com\/fr\/wp-json\/wp\/v2\/product_tag?post=139968"}],"curies":[{"name":"wp","href":"https:\/\/api.w.org\/{rel}","templated":true}]}}