{"id":140157,"date":"2025-07-31T05:59:41","date_gmt":"2025-07-31T03:59:41","guid":{"rendered":"https:\/\/www.budream.com\/shop\/dutch-passion-bubba-island-kush-fem-disponible-dans-la-limite-des-stocks-disponibles\/"},"modified":"2026-03-09T19:52:23","modified_gmt":"2026-03-09T17:52:23","slug":"dutch-passion-bubba-island-kush-fem-disponible-dans-la-limite-des-stocks-disponibles","status":"publish","type":"product","link":"https:\/\/www.budream.com\/fr\/shop\/dutch-passion-bubba-island-kush-fem-disponible-dans-la-limite-des-stocks-disponibles\/","title":{"rendered":"DUTCH PASSION &#8211; BUBBA ISLAND KUSH FEM Disponible dans la limite des stocks disponibles."},"content":{"rendered":"<div style=\"text-align: justify\">La g\u00e9n\u00e9tique Kush de la Bubba Isalnd Kush est originaire d&rsquo;Am\u00e9rique du Nord. Les g\u00e9n\u00e9ticiens de Dutch Passion ont d\u00e9velopp\u00e9 cette nouvelle vari\u00e9t\u00e9 en croisant (Grandaddy Purple x OG Kush) avec un parent Bubba Kush datant d&rsquo;avant 1998, ce qui a permis d&rsquo;ajouter un \u00e9l\u00e9ment tr\u00e8s sp\u00e9cial \u00e0 la collection de Dutch Passion. La Bubba Island Kush fait partie de notre collection de graines USA Special, qui contient toutes les meilleures g\u00e9n\u00e9tiques am\u00e9ricaines.<\/div>\n<p><\/p>\n<h2><strong>Caract\u00e9ristiques Bubba Island Kush Fem :<\/strong><\/h2>\n<ul style=\"list-style-type: disc\">\n<li><strong>Genre :<\/strong> F\u00e9minis\u00e9e L<\/li>\n<li><strong>G\u00e9notype :<\/strong> Hybride \u00e0 dominance indica<\/li>\n<li><strong>G\u00e9n\u00e9tique : <\/strong>pre &rsquo;98 Bubba Kush X (Grandaddy Purple x OG Kush)<\/li>\n<li><strong>Jours :<\/strong> 49<\/li>\n<\/ul>\n<p><\/p>\n<div style=\"text-align: justify\"><span style=\"font-size: 11pt\"><em><strong>ATTENTION :<\/strong> Les graines de chanvre sont exclues de la notion l\u00e9gale de Cannabis, ce qui signifie qu&rsquo;elles ne doivent pas \u00eatre consid\u00e9r\u00e9es comme une substance stup\u00e9fiante (L. 412 de 1974, art. 1, virgule 1, lett. B ; Convention unique sur les stup\u00e9fiants de New York de 1961 et tableau II du d\u00e9cret minist\u00e9riel 27\/7\/1992). En Italie, la culture du chanvre est interdite (articles 28 et 73 du d\u00e9cret pr\u00e9sidentiel 309\/90), sauf autorisation sp\u00e9ciale (article 17 du d\u00e9cret pr\u00e9sidentiel 309\/90). En l&rsquo;absence d&rsquo;autorisation, les semences ne peuvent \u00eatre utilis\u00e9es qu&rsquo;\u00e0 d&rsquo;autres fins (zootechniques, de collection, etc.). Les semences sont vendues sous r\u00e9serve qu&rsquo;elles ne soient pas utilis\u00e9es par des tiers en contradiction avec la loi.<\/em><\/span><\/div>\n","protected":false},"excerpt":{"rendered":"<p>La g\u00e9n\u00e9tique Kush de la Bubba Isalnd Kush est originaire d&rsquo;Am\u00e9rique du Nord. Les g\u00e9n\u00e9ticiens de Dutch Passion ont d\u00e9velopp\u00e9<\/p>\n","protected":false},"featured_media":140143,"comment_status":"open","ping_status":"closed","template":"","meta":[],"product_brand":[],"product_cat":[7951],"product_tag":[],"class_list":{"0":"post-140157","1":"product","2":"type-product","3":"status-publish","4":"has-post-thumbnail","6":"product_cat-magasin-de-graines","8":"first","9":"outofstock","10":"taxable","11":"shipping-taxable","12":"product-type-variable"},"aioseo_notices":[],"_links":{"self":[{"href":"https:\/\/www.budream.com\/fr\/wp-json\/wp\/v2\/product\/140157","targetHints":{"allow":["GET"]}}],"collection":[{"href":"https:\/\/www.budream.com\/fr\/wp-json\/wp\/v2\/product"}],"about":[{"href":"https:\/\/www.budream.com\/fr\/wp-json\/wp\/v2\/types\/product"}],"replies":[{"embeddable":true,"href":"https:\/\/www.budream.com\/fr\/wp-json\/wp\/v2\/comments?post=140157"}],"version-history":[{"count":0,"href":"https:\/\/www.budream.com\/fr\/wp-json\/wp\/v2\/product\/140157\/revisions"}],"wp:featuredmedia":[{"embeddable":true,"href":"https:\/\/www.budream.com\/fr\/wp-json\/wp\/v2\/media\/140143"}],"wp:attachment":[{"href":"https:\/\/www.budream.com\/fr\/wp-json\/wp\/v2\/media?parent=140157"}],"wp:term":[{"taxonomy":"product_brand","embeddable":true,"href":"https:\/\/www.budream.com\/fr\/wp-json\/wp\/v2\/product_brand?post=140157"},{"taxonomy":"product_cat","embeddable":true,"href":"https:\/\/www.budream.com\/fr\/wp-json\/wp\/v2\/product_cat?post=140157"},{"taxonomy":"product_tag","embeddable":true,"href":"https:\/\/www.budream.com\/fr\/wp-json\/wp\/v2\/product_tag?post=140157"}],"curies":[{"name":"wp","href":"https:\/\/api.w.org\/{rel}","templated":true}]}}