{"id":140579,"date":"2025-07-31T06:13:22","date_gmt":"2025-07-31T04:13:22","guid":{"rendered":"https:\/\/www.budream.com\/shop\/dutch-passion-auto-critical-orange-punch-fem-2\/"},"modified":"2026-04-20T09:41:11","modified_gmt":"2026-04-20T07:41:11","slug":"dutch-passion-auto-critical-orange-punch-fem-2-2","status":"publish","type":"product","link":"https:\/\/www.budream.com\/fr\/shop\/dutch-passion-auto-critical-orange-punch-fem-2-2\/","title":{"rendered":"DUTCH PASSION &#8211; AUTO CRITICAL ORANGE PUNCH FEM"},"content":{"rendered":"<div style=\"text-align: justify\">Auto Critical Orange Punch est une vari\u00e9t\u00e9 de graine f\u00e9minis\u00e9e \u00e0 autofloraison, la premi\u00e8re vari\u00e9t\u00e9 \u00e0 autofloraison de Dutch Passion \u00e0 utiliser la g\u00e9n\u00e9tique Critical. La base g\u00e9n\u00e9tique est Grandaddy Purple (Purps) x Orange Bud. Elle s&rsquo;appelait initialement Orange Punch, jusqu&rsquo;\u00e0 ce qu&rsquo;elle soit crois\u00e9e avec une g\u00e9n\u00e9tique XXL d&rsquo;\u00e9lite, Auto Kritical Bilbo.<\/div>\n<p><\/p>\n<h2><strong>Caract\u00e9ristiques Auto Critical Orange Punch Fem :<\/strong><\/h2>\n<ul style=\"list-style-type: disc\">\n<li><strong>Genre :<\/strong> Autofloraison F\u00e9minis\u00e9e<\/li>\n<li><strong>G\u00e9notype :<\/strong> Hybride Indica\/Sativa<\/li>\n<li><strong>G\u00e9n\u00e9tique :<\/strong> (Grandaddy Purps x Orange Bud) x Auto Critical Bilbo XXL<\/li>\n<li>Jours<strong>:<\/strong> 70 jours<\/li>\n<\/ul>\n<p><\/p>\n<div style=\"text-align: justify\"><span style=\"font-size: 11pt\"><em><strong>ATTENTION :<\/strong> Les graines de chanvre sont exclues de la notion l\u00e9gale de Cannabis, ce qui signifie qu&rsquo;elles ne doivent pas \u00eatre consid\u00e9r\u00e9es comme une substance stup\u00e9fiante (L. 412 de 1974, art. 1, paragraphe 1, lettre B ; Convention unique sur les stup\u00e9fiants de New York de 1961 et tableau II du d\u00e9cret minist\u00e9riel 27\/7\/1992). En Italie, la culture du chanvre est interdite (articles 28 et 73 du d\u00e9cret pr\u00e9sidentiel 309\/90), sauf autorisation sp\u00e9ciale (article 17 du d\u00e9cret pr\u00e9sidentiel 309\/90). En l&rsquo;absence d&rsquo;autorisation, les semences ne peuvent \u00eatre utilis\u00e9es qu&rsquo;\u00e0 d&rsquo;autres fins (zootechniques, de collection, etc.). Les semences sont vendues sous r\u00e9serve qu&rsquo;elles ne soient pas utilis\u00e9es par des tiers en contradiction avec la loi.<\/em><\/span><\/div>\n","protected":false},"excerpt":{"rendered":"<p>Auto Critical Orange Punch est une vari\u00e9t\u00e9 de graine f\u00e9minis\u00e9e \u00e0 autofloraison, la premi\u00e8re vari\u00e9t\u00e9 \u00e0 autofloraison de Dutch Passion<\/p>\n","protected":false},"featured_media":140554,"comment_status":"open","ping_status":"closed","template":"","meta":[],"product_brand":[],"product_cat":[1175],"product_tag":[],"class_list":{"0":"post-140579","1":"product","2":"type-product","3":"status-publish","4":"has-post-thumbnail","6":"product_cat-seedshop","8":"first","9":"instock","10":"taxable","11":"shipping-taxable","12":"purchasable","13":"product-type-variable"},"aioseo_notices":[],"_links":{"self":[{"href":"https:\/\/www.budream.com\/fr\/wp-json\/wp\/v2\/product\/140579","targetHints":{"allow":["GET"]}}],"collection":[{"href":"https:\/\/www.budream.com\/fr\/wp-json\/wp\/v2\/product"}],"about":[{"href":"https:\/\/www.budream.com\/fr\/wp-json\/wp\/v2\/types\/product"}],"replies":[{"embeddable":true,"href":"https:\/\/www.budream.com\/fr\/wp-json\/wp\/v2\/comments?post=140579"}],"version-history":[{"count":1,"href":"https:\/\/www.budream.com\/fr\/wp-json\/wp\/v2\/product\/140579\/revisions"}],"predecessor-version":[{"id":262333,"href":"https:\/\/www.budream.com\/fr\/wp-json\/wp\/v2\/product\/140579\/revisions\/262333"}],"wp:featuredmedia":[{"embeddable":true,"href":"https:\/\/www.budream.com\/fr\/wp-json\/wp\/v2\/media\/140554"}],"wp:attachment":[{"href":"https:\/\/www.budream.com\/fr\/wp-json\/wp\/v2\/media?parent=140579"}],"wp:term":[{"taxonomy":"product_brand","embeddable":true,"href":"https:\/\/www.budream.com\/fr\/wp-json\/wp\/v2\/product_brand?post=140579"},{"taxonomy":"product_cat","embeddable":true,"href":"https:\/\/www.budream.com\/fr\/wp-json\/wp\/v2\/product_cat?post=140579"},{"taxonomy":"product_tag","embeddable":true,"href":"https:\/\/www.budream.com\/fr\/wp-json\/wp\/v2\/product_tag?post=140579"}],"curies":[{"name":"wp","href":"https:\/\/api.w.org\/{rel}","templated":true}]}}