{"id":141439,"date":"2025-07-31T06:33:02","date_gmt":"2025-07-31T04:33:02","guid":{"rendered":"https:\/\/www.budream.com\/shop\/graines-douces-sweet-amnesia-haze-fem-sws72-2\/"},"modified":"2026-04-22T13:30:08","modified_gmt":"2026-04-22T11:30:08","slug":"graines-douces-sweet-amnesia-haze-fem-sws72-2","status":"publish","type":"product","link":"https:\/\/www.budream.com\/fr\/shop\/graines-douces-sweet-amnesia-haze-fem-sws72-2\/","title":{"rendered":"GRAINES DOUCES &#8211; SWEET AMNESIA HAZE\u00ae FEM (SWS72)"},"content":{"rendered":"<div style=\"text-align: justify\">Vari\u00e9t\u00e9 issue de l&rsquo;hybridation de deux clones \u00e9lites d&rsquo;Amnesia Haze.<\/div>\n<p><\/p>\n<h2><strong>Caract\u00e9ristiques Sweet Amnesia Haze&reg; Fem :<\/strong><\/h2>\n<ul style=\"list-style-type: disc\">\n<li><strong>Genre<\/strong>: Hybride F\u00e9minis\u00e9<\/li>\n<li><strong>G\u00e9notype<\/strong>: Hybride : Indica : 30% \/ Sativa : 70%<\/li>\n<li><strong>G\u00e9n\u00e9tique :<\/strong> Clone \u00e9lite d&rsquo;Amnesia Haze<\/li>\n<li>Jours<strong>:<\/strong> 63 jours<\/li>\n<\/ul>\n<p><\/p>\n<div style=\"text-align: justify\"><span style=\"font-size: 11pt\"><em><strong>ATTENTION :<\/strong> Les graines de chanvre sont exclues de la notion l\u00e9gale de Cannabis, ce qui signifie qu&rsquo;elles ne doivent pas \u00eatre consid\u00e9r\u00e9es comme une substance stup\u00e9fiante (L. 412 de 1974, art. 1, virgule 1, lett. B ; Convention unique sur les stup\u00e9fiants de New York de 1961 et tableau II du d\u00e9cret minist\u00e9riel 27\/7\/1992). En Italie, la culture du chanvre est interdite (articles 28 et 73 du d\u00e9cret pr\u00e9sidentiel 309\/90), sauf autorisation sp\u00e9ciale (article 17 du d\u00e9cret pr\u00e9sidentiel 309\/90). En l&rsquo;absence d&rsquo;autorisation, les semences ne peuvent \u00eatre utilis\u00e9es qu&rsquo;\u00e0 d&rsquo;autres fins (zootechniques, de collection, etc.). Les semences sont vendues sous r\u00e9serve qu&rsquo;elles ne soient pas utilis\u00e9es par des tiers en contradiction avec la loi.<\/em><\/span><\/div>\n","protected":false},"excerpt":{"rendered":"<p>Vari\u00e9t\u00e9 issue de l&rsquo;hybridation de deux clones \u00e9lites d&rsquo;Amnesia Haze. Caract\u00e9ristiques Sweet Amnesia Haze&reg; Fem : Genre: Hybride F\u00e9minis\u00e9 G\u00e9notype:<\/p>\n","protected":false},"featured_media":141405,"comment_status":"open","ping_status":"closed","template":"","meta":[],"product_brand":[],"product_cat":[1175],"product_tag":[],"class_list":{"0":"post-141439","1":"product","2":"type-product","3":"status-publish","4":"has-post-thumbnail","6":"product_cat-seedshop","8":"first","9":"instock","10":"taxable","11":"shipping-taxable","12":"purchasable","13":"product-type-variable"},"aioseo_notices":[],"_links":{"self":[{"href":"https:\/\/www.budream.com\/fr\/wp-json\/wp\/v2\/product\/141439","targetHints":{"allow":["GET"]}}],"collection":[{"href":"https:\/\/www.budream.com\/fr\/wp-json\/wp\/v2\/product"}],"about":[{"href":"https:\/\/www.budream.com\/fr\/wp-json\/wp\/v2\/types\/product"}],"replies":[{"embeddable":true,"href":"https:\/\/www.budream.com\/fr\/wp-json\/wp\/v2\/comments?post=141439"}],"version-history":[{"count":1,"href":"https:\/\/www.budream.com\/fr\/wp-json\/wp\/v2\/product\/141439\/revisions"}],"predecessor-version":[{"id":264300,"href":"https:\/\/www.budream.com\/fr\/wp-json\/wp\/v2\/product\/141439\/revisions\/264300"}],"wp:featuredmedia":[{"embeddable":true,"href":"https:\/\/www.budream.com\/fr\/wp-json\/wp\/v2\/media\/141405"}],"wp:attachment":[{"href":"https:\/\/www.budream.com\/fr\/wp-json\/wp\/v2\/media?parent=141439"}],"wp:term":[{"taxonomy":"product_brand","embeddable":true,"href":"https:\/\/www.budream.com\/fr\/wp-json\/wp\/v2\/product_brand?post=141439"},{"taxonomy":"product_cat","embeddable":true,"href":"https:\/\/www.budream.com\/fr\/wp-json\/wp\/v2\/product_cat?post=141439"},{"taxonomy":"product_tag","embeddable":true,"href":"https:\/\/www.budream.com\/fr\/wp-json\/wp\/v2\/product_tag?post=141439"}],"curies":[{"name":"wp","href":"https:\/\/api.w.org\/{rel}","templated":true}]}}