{"id":142117,"date":"2025-07-31T06:49:57","date_gmt":"2025-07-31T04:49:57","guid":{"rendered":"https:\/\/www.budream.com\/shop\/barneys-farm-lsd-auto-fem\/"},"modified":"2026-05-04T10:19:46","modified_gmt":"2026-05-04T08:19:46","slug":"barneys-farm-lsd-auto-fem","status":"publish","type":"product","link":"https:\/\/www.budream.com\/fr\/shop\/barneys-farm-lsd-auto-fem\/","title":{"rendered":"BARNEY&rsquo;S FARM &#8211; LSD AUTO FEM"},"content":{"rendered":"<div style=\"text-align: justify\">LSD Auto de Barney&rsquo;s Farm est un croisement entre la l\u00e9gendaire LSD et leur \u00e9tonnante vari\u00e9t\u00e9 \u00e0 autofloraison Super Magnum Auto.<\/div>\n<p><\/p>\n<h2><strong>Caract\u00e9ristiques LSD Auto Fem :<\/strong><\/h2>\n<ul style=\"list-style-type: disc\">\n<li><strong>Genre :<\/strong> Autofloraison<\/li>\n<li><strong>G\u00e9notype :<\/strong> 70% Indica \/ 30% Sativa<\/li>\n<li><strong>G\u00e9n\u00e9tique :<\/strong> LSD x Super Magnum Auto<\/li>\n<li><strong>Jours :<\/strong> 65 &#8211; 70 jours<\/li>\n<\/ul>\n<p><\/p>\n<div style=\"text-align: justify\"><span style=\"font-size: 11pt\"><em><strong>ATTENTION :<\/strong> Les graines de chanvre sont exclues de la notion l\u00e9gale de Cannabis, ce qui signifie qu&rsquo;elles ne doivent pas \u00eatre consid\u00e9r\u00e9es comme une substance stup\u00e9fiante (L. 412 de 1974, art. 1, alin\u00e9a 1, lettre B ; Convention unique sur les stup\u00e9fiants de New York de 1961 et tableau II du d\u00e9cret minist\u00e9riel 27\/7\/1992). En Italie, la culture du chanvre est interdite (articles 28 et 73 du d\u00e9cret pr\u00e9sidentiel 309\/90), sauf autorisation sp\u00e9ciale (article 17 du d\u00e9cret pr\u00e9sidentiel 309\/90). En l&rsquo;absence d&rsquo;autorisation, les semences ne peuvent \u00eatre utilis\u00e9es qu&rsquo;\u00e0 d&rsquo;autres fins (zootechniques, de collection, etc.). Les semences sont vendues sous r\u00e9serve qu&rsquo;elles ne soient pas utilis\u00e9es par des tiers en contradiction avec la loi.<\/em><\/span><\/div>\n","protected":false},"excerpt":{"rendered":"<p>LSD Auto de Barney&rsquo;s Farm est un croisement entre la l\u00e9gendaire LSD et leur \u00e9tonnante vari\u00e9t\u00e9 \u00e0 autofloraison Super Magnum<\/p>\n","protected":false},"featured_media":142106,"comment_status":"open","ping_status":"closed","template":"","meta":[],"product_brand":[],"product_cat":[7951],"product_tag":[],"class_list":{"0":"post-142117","1":"product","2":"type-product","3":"status-publish","4":"has-post-thumbnail","6":"product_cat-magasin-de-graines","8":"first","9":"instock","10":"sale","11":"taxable","12":"shipping-taxable","13":"purchasable","14":"product-type-variable"},"_links":{"self":[{"href":"https:\/\/www.budream.com\/fr\/wp-json\/wp\/v2\/product\/142117","targetHints":{"allow":["GET"]}}],"collection":[{"href":"https:\/\/www.budream.com\/fr\/wp-json\/wp\/v2\/product"}],"about":[{"href":"https:\/\/www.budream.com\/fr\/wp-json\/wp\/v2\/types\/product"}],"replies":[{"embeddable":true,"href":"https:\/\/www.budream.com\/fr\/wp-json\/wp\/v2\/comments?post=142117"}],"version-history":[{"count":1,"href":"https:\/\/www.budream.com\/fr\/wp-json\/wp\/v2\/product\/142117\/revisions"}],"predecessor-version":[{"id":266733,"href":"https:\/\/www.budream.com\/fr\/wp-json\/wp\/v2\/product\/142117\/revisions\/266733"}],"wp:featuredmedia":[{"embeddable":true,"href":"https:\/\/www.budream.com\/fr\/wp-json\/wp\/v2\/media\/142106"}],"wp:attachment":[{"href":"https:\/\/www.budream.com\/fr\/wp-json\/wp\/v2\/media?parent=142117"}],"wp:term":[{"taxonomy":"product_brand","embeddable":true,"href":"https:\/\/www.budream.com\/fr\/wp-json\/wp\/v2\/product_brand?post=142117"},{"taxonomy":"product_cat","embeddable":true,"href":"https:\/\/www.budream.com\/fr\/wp-json\/wp\/v2\/product_cat?post=142117"},{"taxonomy":"product_tag","embeddable":true,"href":"https:\/\/www.budream.com\/fr\/wp-json\/wp\/v2\/product_tag?post=142117"}],"curies":[{"name":"wp","href":"https:\/\/api.w.org\/{rel}","templated":true}]}}