{"id":142574,"date":"2025-07-31T07:06:35","date_gmt":"2025-07-31T05:06:35","guid":{"rendered":"https:\/\/www.budream.com\/shop\/graines-douces-s-a-d-sweet-afgani-delicious-s1-fem-sws02\/"},"modified":"2026-04-28T16:27:29","modified_gmt":"2026-04-28T14:27:29","slug":"graines-douces-s-a-d-sweet-afgani-delicious-s1-fem-sws02","status":"publish","type":"product","link":"https:\/\/www.budream.com\/fr\/shop\/graines-douces-s-a-d-sweet-afgani-delicious-s1-fem-sws02\/","title":{"rendered":"GRAINES DOUCES &#8211; S.A.D. SWEET AFGANI DELICIOUS S1\u00ae FEM (SWS02)"},"content":{"rendered":"<div style=\"text-align: justify\">Autopollinis\u00e9e \u00e0 partir d&rsquo;une de nos plantes m\u00e8res, Black Domina s\u00e9lectionn\u00e9e \u00e0 partir de graines en 1998, largement connue dans l&rsquo;industrie sous le nom de Black Domina &rsquo;98. L&rsquo;une des g\u00e9n\u00e9tiques les plus prim\u00e9es de notre catalogue.<\/div>\n<p><\/p>\n<h2><strong>Caract\u00e9ristiques S.A.D. Sweet Afgani Delicious S1 Fem (SWS02) :<\/strong><\/h2>\n<ul style=\"list-style-type: disc\">\n<li><strong>Genre :<\/strong> Hybride F\u00e9minis\u00e9e<\/li>\n<li><strong>G\u00e9notype<\/strong>: Hybride : Indica : 90% \/ Sativa : 10%<\/li>\n<li><strong>G\u00e9n\u00e9tique : <\/strong>Black Domina &rsquo;98<\/li>\n<li><strong>Jours :<\/strong> 56-63 jours<\/li>\n<\/ul>\n<p><\/p>\n<div style=\"text-align: justify\"><span style=\"font-size: 11pt\"><em><strong>ATTENTION :<\/strong> Les graines de chanvre sont exclues de la notion l\u00e9gale de Cannabis, ce qui signifie qu&rsquo;elles ne doivent pas \u00eatre consid\u00e9r\u00e9es comme une substance narcotique (Loi 412 de 1974, Art. 1, paragraphe 1, lettre B ; Convention Unique sur les Stup\u00e9fiants de New York de 1961 et tableau II du D\u00e9cret Minist\u00e9riel 27\/7\/1992). En Italie, la culture du chanvre est interdite (articles 28 et 73 du d\u00e9cret pr\u00e9sidentiel 309\/90), sauf autorisation sp\u00e9ciale (article 17 du d\u00e9cret pr\u00e9sidentiel 309\/90). En l&rsquo;absence d&rsquo;autorisation, les semences ne peuvent \u00eatre utilis\u00e9es qu&rsquo;\u00e0 d&rsquo;autres fins (zootechniques, de collection, etc.). Les semences sont vendues sous r\u00e9serve qu&rsquo;elles ne soient pas utilis\u00e9es par des tiers en contradiction avec la loi.<\/em><\/span><\/div>\n","protected":false},"excerpt":{"rendered":"<p>Autopollinis\u00e9e \u00e0 partir d&rsquo;une de nos plantes m\u00e8res, Black Domina s\u00e9lectionn\u00e9e \u00e0 partir de graines en 1998, largement connue dans<\/p>\n","protected":false},"featured_media":142563,"comment_status":"open","ping_status":"closed","template":"","meta":[],"product_brand":[],"product_cat":[7951],"product_tag":[],"class_list":{"0":"post-142574","1":"product","2":"type-product","3":"status-publish","4":"has-post-thumbnail","6":"product_cat-magasin-de-graines","8":"first","9":"instock","10":"sale","11":"taxable","12":"shipping-taxable","13":"purchasable","14":"product-type-variable"},"_links":{"self":[{"href":"https:\/\/www.budream.com\/fr\/wp-json\/wp\/v2\/product\/142574","targetHints":{"allow":["GET"]}}],"collection":[{"href":"https:\/\/www.budream.com\/fr\/wp-json\/wp\/v2\/product"}],"about":[{"href":"https:\/\/www.budream.com\/fr\/wp-json\/wp\/v2\/types\/product"}],"replies":[{"embeddable":true,"href":"https:\/\/www.budream.com\/fr\/wp-json\/wp\/v2\/comments?post=142574"}],"version-history":[{"count":1,"href":"https:\/\/www.budream.com\/fr\/wp-json\/wp\/v2\/product\/142574\/revisions"}],"predecessor-version":[{"id":262062,"href":"https:\/\/www.budream.com\/fr\/wp-json\/wp\/v2\/product\/142574\/revisions\/262062"}],"wp:featuredmedia":[{"embeddable":true,"href":"https:\/\/www.budream.com\/fr\/wp-json\/wp\/v2\/media\/142563"}],"wp:attachment":[{"href":"https:\/\/www.budream.com\/fr\/wp-json\/wp\/v2\/media?parent=142574"}],"wp:term":[{"taxonomy":"product_brand","embeddable":true,"href":"https:\/\/www.budream.com\/fr\/wp-json\/wp\/v2\/product_brand?post=142574"},{"taxonomy":"product_cat","embeddable":true,"href":"https:\/\/www.budream.com\/fr\/wp-json\/wp\/v2\/product_cat?post=142574"},{"taxonomy":"product_tag","embeddable":true,"href":"https:\/\/www.budream.com\/fr\/wp-json\/wp\/v2\/product_tag?post=142574"}],"curies":[{"name":"wp","href":"https:\/\/api.w.org\/{rel}","templated":true}]}}