{"id":143627,"date":"2025-07-31T07:28:30","date_gmt":"2025-07-31T05:28:30","guid":{"rendered":"https:\/\/www.budream.com\/shop\/biobizz-manteau-gauche-2\/"},"modified":"2026-03-05T03:04:17","modified_gmt":"2026-03-05T01:04:17","slug":"biobizz-manteau-gauche-2","status":"publish","type":"product","link":"https:\/\/www.budream.com\/fr\/shop\/biobizz-manteau-gauche-2\/","title":{"rendered":"BIOBIZZ &#8211; MANTEAU GAUCHE"},"content":{"rendered":"<p><strong>Biobizz LEAFT COAT est un revigorant pour les plantes.<br \/><\/strong><br \/>Pulv\u00e9ris\u00e9 sur les plantes, il ralentit et r\u00e9gule l&rsquo;\u00e9vapotranspiration des feuilles, facilitant l&rsquo;enracinement des boutures et la sant\u00e9 des plantes stress\u00e9es. L&rsquo;utilisation de LeafCoat renforce les plantes en stimulant leur capacit\u00e9 naturelle \u00e0 r\u00e9sister \u00e0 l&rsquo;adversit\u00e9.<\/p>\n<p>Pulv\u00e9ris\u00e9 sur les feuilles, il forme une couche tr\u00e8s fine et \u00e9lastique (1,5 micron) contenant les nutriments n\u00e9cessaires \u00e0 la plante. Le latex naturel cr\u00e9e une couche protectrice sur la feuille, perm\u00e9able \u00e0 l&rsquo;air et \u00e0 la lumi\u00e8re, mais aussi biod\u00e9gradable en 2 semaines. Cette fine couche est n\u00e9anmoins suffisamment efficace pour prot\u00e9ger m\u00e9caniquement la plante contre les antagonistes naturels. LeafCoat prot\u00e8ge les plantes en leur conf\u00e9rant un puissant effet r\u00e9pulsif contre les parasites. Gr\u00e2ce \u00e0 sa viscosit\u00e9, il emp\u00eache m\u00e9caniquement l&rsquo;apparition d&rsquo;infections parasitaires et fongiques sur les syst\u00e8mes foliaires.<\/p>\n<p>Peut \u00eatre utilis\u00e9 d\u00e8s la phase v\u00e9g\u00e9tative et jusqu&rsquo;\u00e0 deux semaines avant la r\u00e9colte.<\/p>\n<h3><strong>Qu&rsquo;est-ce que le Leaf-Coat ?<\/strong><\/h3>\n<p>Leaf-Coat est un produit pr\u00eat \u00e0 l&#8217;emploi qui renforce et prot\u00e8ge les plantes.<\/p>\n<p>Compos\u00e9 de latex naturel, il a \u00e9t\u00e9 con\u00e7u \u00e0 l&rsquo;origine pour emp\u00eacher l&rsquo;\u00e9vaporation. Il cr\u00e9e une barri\u00e8re perm\u00e9able et autod\u00e9gradable sur la feuille tout en permettant \u00e0 l&rsquo;air et \u00e0 la lumi\u00e8re de filtrer.<\/p>\n<h3><strong>Pourquoi Leaf-Coat prot\u00e8ge le mieux dans toutes les conditions<\/strong><\/h3>\n<p>Si l&rsquo;environnement est trop chaud-humide (temp\u00e9rature sup\u00e9rieure \u00e0 28 &deg;C), Leaf-Coat aide la plante \u00e0 retenir l&rsquo;eau n\u00e9cessaire lors de l&rsquo;\u00e9vaporation. En m\u00eame temps, la couche de latex naturel qui se forme sur les feuilles aide la plante \u00e0 respirer et l&#8217;emp\u00eache de suinter. Et si le thermom\u00e8tre chute, comme en hiver, Leaf-Coat prot\u00e8ge contre le froid et aide \u00e0 maintenir la temp\u00e9rature des feuilles constante.<\/p>\n<p>Alternative verte et \u00e9cologique aux pesticides, Leaf-Coat est vraiment le choix id\u00e9al et le plus s\u00fbr. De plus, en r\u00e9duisant l&rsquo;utilisation des pesticides, vous \u00e9conomisez de l&rsquo;argent ! Contrairement aux produits synth\u00e9tiques et toxiques, il a une odeur agr\u00e9able et n&rsquo;irrite pas. C&rsquo;est justement parce que Leaf-Coat n&rsquo;est pas absorb\u00e9 par les feuilles qu&rsquo;il n&rsquo;a pas d&rsquo;effet sur l&rsquo;ar\u00f4me du fruit.<\/p>\n<h3><strong>Comment l&rsquo;utiliser ?<\/strong><\/h3>\n<p>Il n&rsquo;est pas n\u00e9cessaire de m\u00e9langer Leaf-Coat avec de l&rsquo;eau : il suffit de l&rsquo;appliquer directement \u00e0 partir du flacon, de pr\u00e9f\u00e9rence par pulv\u00e9risation. Pulv\u00e9risez le produit sur toutes les feuilles et les fleurs, en r\u00e9p\u00e9tant l&rsquo;op\u00e9ration deux fois par semaine jusqu&rsquo;\u00e0 environ 15 jours apr\u00e8s la fin de la floraison.<\/p>\n<p>Quelques heures apr\u00e8s l&rsquo;application, une couche \u00e9lastique tr\u00e8s fine, d&rsquo;une \u00e9paisseur de 1,5 micron seulement, se forme sur les feuilles. Les effets b\u00e9n\u00e9fiques durent jusqu&rsquo;\u00e0 2 semaines, lorsque la d\u00e9composition naturelle due \u00e0 la lumi\u00e8re ou au soleil commence.<\/p>\n","protected":false},"excerpt":{"rendered":"<p>Biobizz LEAFT COAT est un revigorant pour les plantes.Pulv\u00e9ris\u00e9 sur les plantes, il ralentit et r\u00e9gule l&rsquo;\u00e9vapotranspiration des feuilles, facilitant<\/p>\n","protected":false},"featured_media":143607,"comment_status":"open","ping_status":"closed","template":"","meta":[],"product_brand":[],"product_cat":[7928],"product_tag":[],"class_list":{"0":"post-143627","1":"product","2":"type-product","3":"status-publish","4":"has-post-thumbnail","6":"product_cat-antiparasitaires-et-defense","8":"first","9":"instock","10":"taxable","11":"shipping-taxable","12":"purchasable","13":"product-type-variable"},"_links":{"self":[{"href":"https:\/\/www.budream.com\/fr\/wp-json\/wp\/v2\/product\/143627","targetHints":{"allow":["GET"]}}],"collection":[{"href":"https:\/\/www.budream.com\/fr\/wp-json\/wp\/v2\/product"}],"about":[{"href":"https:\/\/www.budream.com\/fr\/wp-json\/wp\/v2\/types\/product"}],"replies":[{"embeddable":true,"href":"https:\/\/www.budream.com\/fr\/wp-json\/wp\/v2\/comments?post=143627"}],"version-history":[{"count":0,"href":"https:\/\/www.budream.com\/fr\/wp-json\/wp\/v2\/product\/143627\/revisions"}],"wp:featuredmedia":[{"embeddable":true,"href":"https:\/\/www.budream.com\/fr\/wp-json\/wp\/v2\/media\/143607"}],"wp:attachment":[{"href":"https:\/\/www.budream.com\/fr\/wp-json\/wp\/v2\/media?parent=143627"}],"wp:term":[{"taxonomy":"product_brand","embeddable":true,"href":"https:\/\/www.budream.com\/fr\/wp-json\/wp\/v2\/product_brand?post=143627"},{"taxonomy":"product_cat","embeddable":true,"href":"https:\/\/www.budream.com\/fr\/wp-json\/wp\/v2\/product_cat?post=143627"},{"taxonomy":"product_tag","embeddable":true,"href":"https:\/\/www.budream.com\/fr\/wp-json\/wp\/v2\/product_tag?post=143627"}],"curies":[{"name":"wp","href":"https:\/\/api.w.org\/{rel}","templated":true}]}}