{"id":143918,"date":"2025-07-31T07:33:45","date_gmt":"2025-07-31T05:33:45","guid":{"rendered":"https:\/\/www.budream.com\/shop\/biobizz-bio-up-bio-ph-2\/"},"modified":"2026-03-25T19:42:10","modified_gmt":"2026-03-25T17:42:10","slug":"biobizz-bio-up-bio-ph-2","status":"publish","type":"product","link":"https:\/\/www.budream.com\/fr\/shop\/biobizz-bio-up-bio-ph-2\/","title":{"rendered":"BIOBIZZ &#8211; BIO UP (BIO pH+)"},"content":{"rendered":"<p>Nous souhaitons la bienvenue au dernier n\u00e9 de la famille Biobizz. Baptis\u00e9 Bio-Up, il est con\u00e7u sp\u00e9cifiquement pour le secteur de l&rsquo;agriculture biologique. Biobizz Bio-Up est une formulation \u00e0 base d&rsquo;acides humiques r\u00e9colt\u00e9s naturellement, sp\u00e9cialement con\u00e7ue pour les cultivateurs qui veulent garder tout ce qui est biologique dans leur culture, de la plantation \u00e0 la r\u00e9colte.<\/p>\n<p>La formulation naturelle de Bio-Up permet un ajustement rapide du pH pour tout type de substrat et tout type de culture, sans nuire \u00e0 la vie microbienne du sol<strong>.<\/strong> <\/p>\n<p>Il est con\u00e7u pour fonctionner parfaitement avec les nutriments Biobizz et peut \u00eatre utilis\u00e9 dans n&rsquo;importe quel type d&rsquo;irrigation. Il peut \u00eatre utilis\u00e9 aussi bien pendant la p\u00e9riode de croissance que pendant la p\u00e9riode de floraison.<\/p>\n<h2><strong><span style=\"text-decoration: underline\">Comment utiliser Bio-Up<\/span><\/strong><\/h2>\n<p>M\u00e9langer la quantit\u00e9 n\u00e9cessaire de nutriments Biobizz et mesurer le pH de la solution. Appliquer 0,1 ml de Bio-Up pour augmenter le pH de 0,1 point. Ajoutez la quantit\u00e9 n\u00e9cessaire de Bio-Up, m\u00e9langez pendant 10 secondes et mesurez \u00e0 nouveau le pH. Continuez \u00e0 ajouter du Bio-Up jusqu&rsquo;\u00e0 ce que vous atteigniez un pH optimal compris entre 6,2 et 6,5. Vous \u00eates alors pr\u00eat \u00e0 donner le m\u00e9lange nutritif \u00e0 vos plantes.<\/p>\n<h2><strong><span style=\"text-decoration: underline\">Pourquoi choisir Bio-Up ?<\/span><br \/><\/strong><\/h2>\n<p>Bio-Up peut \u00eatre utilis\u00e9 pendant la p\u00e9riode de croissance et de floraison, dans chaque irrigation et en combinaison avec chaque substrat ou produit liquide Biobizz.<\/p>\n<p>Bio-Up ne contient pas d&rsquo;acides forts. Cela signifie que ce r\u00e9gulateur de pH 100% biologique ne nuit pas \u00e0 la vie microbienne dans le substrat.<\/p>\n","protected":false},"excerpt":{"rendered":"<p>Nous souhaitons la bienvenue au dernier n\u00e9 de la famille Biobizz. Baptis\u00e9 Bio-Up, il est con\u00e7u sp\u00e9cifiquement pour le secteur<\/p>\n","protected":false},"featured_media":143880,"comment_status":"open","ping_status":"closed","template":"","meta":[],"product_brand":[],"product_cat":[7933],"product_tag":[],"class_list":{"0":"post-143918","1":"product","2":"type-product","3":"status-publish","4":"has-post-thumbnail","6":"product_cat-engrais","8":"first","9":"instock","10":"sale","11":"taxable","12":"shipping-taxable","13":"purchasable","14":"product-type-variable"},"_links":{"self":[{"href":"https:\/\/www.budream.com\/fr\/wp-json\/wp\/v2\/product\/143918","targetHints":{"allow":["GET"]}}],"collection":[{"href":"https:\/\/www.budream.com\/fr\/wp-json\/wp\/v2\/product"}],"about":[{"href":"https:\/\/www.budream.com\/fr\/wp-json\/wp\/v2\/types\/product"}],"replies":[{"embeddable":true,"href":"https:\/\/www.budream.com\/fr\/wp-json\/wp\/v2\/comments?post=143918"}],"version-history":[{"count":0,"href":"https:\/\/www.budream.com\/fr\/wp-json\/wp\/v2\/product\/143918\/revisions"}],"wp:featuredmedia":[{"embeddable":true,"href":"https:\/\/www.budream.com\/fr\/wp-json\/wp\/v2\/media\/143880"}],"wp:attachment":[{"href":"https:\/\/www.budream.com\/fr\/wp-json\/wp\/v2\/media?parent=143918"}],"wp:term":[{"taxonomy":"product_brand","embeddable":true,"href":"https:\/\/www.budream.com\/fr\/wp-json\/wp\/v2\/product_brand?post=143918"},{"taxonomy":"product_cat","embeddable":true,"href":"https:\/\/www.budream.com\/fr\/wp-json\/wp\/v2\/product_cat?post=143918"},{"taxonomy":"product_tag","embeddable":true,"href":"https:\/\/www.budream.com\/fr\/wp-json\/wp\/v2\/product_tag?post=143918"}],"curies":[{"name":"wp","href":"https:\/\/api.w.org\/{rel}","templated":true}]}}