{"id":144642,"date":"2025-07-31T07:50:00","date_gmt":"2025-07-31T05:50:00","guid":{"rendered":"https:\/\/www.budream.com\/shop\/dutch-passion-cbd-auto-charlottes-angel-fem\/"},"modified":"2026-03-27T11:06:43","modified_gmt":"2026-03-27T09:06:43","slug":"dutch-passion-cbd-auto-charlottes-angel-fem","status":"publish","type":"product","link":"https:\/\/www.budream.com\/fr\/shop\/dutch-passion-cbd-auto-charlottes-angel-fem\/","title":{"rendered":"DUTCH PASSION &#8211; CBD AUTO CHARLOTTE&rsquo;S ANGEL\u00ae FEM"},"content":{"rendered":"<div style=\"text-align: justify\">CBD Charlotte&rsquo;s Angel est la premi\u00e8re vari\u00e9t\u00e9 \u00e0 haute teneur en CBD de Dutch Passion. CBD Charlotte&rsquo;s Angel a \u00e9t\u00e9 crois\u00e9e avec CBD Auto Compassion Lime pour en faire une vari\u00e9t\u00e9 \u00e0 autofloraison. Elle est compos\u00e9e de 20 % d&rsquo;indica et de 80 % de sativa. Le taux de CBD est d&rsquo;environ 16 % et le taux de THC est toujours inf\u00e9rieur \u00e0 1 %.<\/div>\n<p><\/p>\n<h2><strong>Caract\u00e9ristiques CBD Auto Charlotte&rsquo;s Angel Fem :<\/strong><\/h2>\n<ul style=\"list-style-type: disc\">\n<li><strong>Genre :<\/strong> Auto-florissante F\u00e9minis\u00e9e L<\/li>\n<li><strong>G\u00e9notype :<\/strong> Hybride \u00e0 dominance sativa<\/li>\n<li><strong>G\u00e9n\u00e9tique :<\/strong> CBD Charlotte&rsquo;s Angel X CBD Auto Compassion Lime<\/li>\n<li>Jours<strong>:<\/strong> 91 jours<\/li>\n<\/ul>\n<p><\/p>\n<div style=\"text-align: justify\"><span style=\"font-size: 11pt\"><em><strong>ATTENTION :<\/strong> Les graines de chanvre sont exclues de la notion l\u00e9gale de Cannabis, ce qui signifie qu&rsquo;elles ne doivent pas \u00eatre consid\u00e9r\u00e9es comme une substance stup\u00e9fiante (L. 412 de 1974, art. 1, alin\u00e9a 1, lettre B ; Convention unique sur les stup\u00e9fiants de New York de 1961 et tableau II du d\u00e9cret minist\u00e9riel 27\/7\/1992). En Italie, la culture du chanvre est interdite (articles 28 et 73 du d\u00e9cret pr\u00e9sidentiel 309\/90), sauf autorisation sp\u00e9ciale (article 17 du d\u00e9cret pr\u00e9sidentiel 309\/90). En l&rsquo;absence d&rsquo;autorisation, les semences ne peuvent \u00eatre utilis\u00e9es qu&rsquo;\u00e0 d&rsquo;autres fins (zootechniques, de collection, etc.). Les semences sont vendues sous r\u00e9serve qu&rsquo;elles ne soient pas utilis\u00e9es par des tiers en contradiction avec la loi.<\/em><\/span><\/div>\n","protected":false},"excerpt":{"rendered":"<p>CBD Charlotte&rsquo;s Angel est la premi\u00e8re vari\u00e9t\u00e9 \u00e0 haute teneur en CBD de Dutch Passion. CBD Charlotte&rsquo;s Angel a \u00e9t\u00e9<\/p>\n","protected":false},"featured_media":144631,"comment_status":"open","ping_status":"closed","template":"","meta":[],"product_brand":[],"product_cat":[7951],"product_tag":[],"class_list":{"0":"post-144642","1":"product","2":"type-product","3":"status-publish","4":"has-post-thumbnail","6":"product_cat-magasin-de-graines","8":"first","9":"instock","10":"sale","11":"taxable","12":"shipping-taxable","13":"purchasable","14":"product-type-variable"},"_links":{"self":[{"href":"https:\/\/www.budream.com\/fr\/wp-json\/wp\/v2\/product\/144642","targetHints":{"allow":["GET"]}}],"collection":[{"href":"https:\/\/www.budream.com\/fr\/wp-json\/wp\/v2\/product"}],"about":[{"href":"https:\/\/www.budream.com\/fr\/wp-json\/wp\/v2\/types\/product"}],"replies":[{"embeddable":true,"href":"https:\/\/www.budream.com\/fr\/wp-json\/wp\/v2\/comments?post=144642"}],"version-history":[{"count":0,"href":"https:\/\/www.budream.com\/fr\/wp-json\/wp\/v2\/product\/144642\/revisions"}],"wp:featuredmedia":[{"embeddable":true,"href":"https:\/\/www.budream.com\/fr\/wp-json\/wp\/v2\/media\/144631"}],"wp:attachment":[{"href":"https:\/\/www.budream.com\/fr\/wp-json\/wp\/v2\/media?parent=144642"}],"wp:term":[{"taxonomy":"product_brand","embeddable":true,"href":"https:\/\/www.budream.com\/fr\/wp-json\/wp\/v2\/product_brand?post=144642"},{"taxonomy":"product_cat","embeddable":true,"href":"https:\/\/www.budream.com\/fr\/wp-json\/wp\/v2\/product_cat?post=144642"},{"taxonomy":"product_tag","embeddable":true,"href":"https:\/\/www.budream.com\/fr\/wp-json\/wp\/v2\/product_tag?post=144642"}],"curies":[{"name":"wp","href":"https:\/\/api.w.org\/{rel}","templated":true}]}}