{"id":144696,"date":"2025-07-31T07:51:27","date_gmt":"2025-07-31T05:51:27","guid":{"rendered":"https:\/\/www.budream.com\/shop\/barneys-farm-glookies-fem\/"},"modified":"2026-04-16T11:51:18","modified_gmt":"2026-04-16T09:51:18","slug":"barneys-farm-glookies-fem","status":"publish","type":"product","link":"https:\/\/www.budream.com\/fr\/shop\/barneys-farm-glookies-fem\/","title":{"rendered":"BARNEY&rsquo;S FARM &#8211; GLOOKIES FEM"},"content":{"rendered":"<div style=\"text-align: justify\">Si Marvel devait cr\u00e9er une vari\u00e9t\u00e9 pour les Avengers, ce serait certainement la GLOOKIES.<strong> D\u00e9couvrez <\/strong>cette vari\u00e9t\u00e9 de super-h\u00e9ros \u00e0 dominante Indica cr\u00e9\u00e9e par la fusion minutieuse de deux vari\u00e9t\u00e9s \u00e9clectiques de cannabis superstar. Gorilla Glue et Thin Mint Girl Scout Cookies n&rsquo;ont plus besoin d&rsquo;\u00eatre pr\u00e9sent\u00e9s. Une nouvelle addition ph\u00e9nom\u00e9nale \u00e0 la collection Cali de Barney&rsquo;s Farm.<\/div>\n<p><\/p>\n<h2><strong>Caract\u00e9ristiques Glookies Fem :<\/strong><\/h2>\n<ul style=\"list-style-type: disc\">\n<li><strong>Genre :<\/strong> F\u00e9minis\u00e9e<\/li>\n<li><strong>G\u00e9notype :<\/strong> 70% Indica \/ 30% Sativa<\/li>\n<li><strong>G\u00e9n\u00e9tique :<\/strong> Gorilla Glue x Thin Mint Girl Scout Cookies<\/li>\n<li><strong>Jours de floraison :<\/strong> 60 &#8211; 70 jours<\/li>\n<\/ul>\n<p><\/p>\n<div style=\"text-align: justify\"><span style=\"font-size: 11pt\"><em><strong>ATTENTION :<\/strong> Les graines de chanvre sont exclues de la notion l\u00e9gale de Cannabis, ce qui signifie qu&rsquo;elles ne doivent pas \u00eatre consid\u00e9r\u00e9es comme une substance stup\u00e9fiante (L. 412 de 1974, art. 1, paragraphe 1, lettre B ; Convention unique sur les stup\u00e9fiants de New York de 1961 et tableau II du d\u00e9cret minist\u00e9riel 27\/7\/1992). En Italie, la culture du chanvre est interdite (articles 28 et 73 du d\u00e9cret pr\u00e9sidentiel 309\/90), sauf autorisation sp\u00e9ciale (article 17 du d\u00e9cret pr\u00e9sidentiel 309\/90). En l&rsquo;absence d&rsquo;autorisation, les semences ne peuvent \u00eatre utilis\u00e9es qu&rsquo;\u00e0 d&rsquo;autres fins (zootechniques, de collection, etc.). Les semences sont vendues sous r\u00e9serve qu&rsquo;elles ne soient pas utilis\u00e9es par des tiers en contradiction avec la loi.<\/em><\/span><\/div>\n","protected":false},"excerpt":{"rendered":"<p>Si Marvel devait cr\u00e9er une vari\u00e9t\u00e9 pour les Avengers, ce serait certainement la GLOOKIES. D\u00e9couvrez cette vari\u00e9t\u00e9 de super-h\u00e9ros \u00e0<\/p>\n","protected":false},"featured_media":144682,"comment_status":"open","ping_status":"closed","template":"","meta":[],"product_brand":[],"product_cat":[7951],"product_tag":[],"class_list":{"0":"post-144696","1":"product","2":"type-product","3":"status-publish","4":"has-post-thumbnail","6":"product_cat-magasin-de-graines","8":"first","9":"instock","10":"taxable","11":"shipping-taxable","12":"purchasable","13":"product-type-variable"},"aioseo_notices":[],"_links":{"self":[{"href":"https:\/\/www.budream.com\/fr\/wp-json\/wp\/v2\/product\/144696","targetHints":{"allow":["GET"]}}],"collection":[{"href":"https:\/\/www.budream.com\/fr\/wp-json\/wp\/v2\/product"}],"about":[{"href":"https:\/\/www.budream.com\/fr\/wp-json\/wp\/v2\/types\/product"}],"replies":[{"embeddable":true,"href":"https:\/\/www.budream.com\/fr\/wp-json\/wp\/v2\/comments?post=144696"}],"wp:featuredmedia":[{"embeddable":true,"href":"https:\/\/www.budream.com\/fr\/wp-json\/wp\/v2\/media\/144682"}],"wp:attachment":[{"href":"https:\/\/www.budream.com\/fr\/wp-json\/wp\/v2\/media?parent=144696"}],"wp:term":[{"taxonomy":"product_brand","embeddable":true,"href":"https:\/\/www.budream.com\/fr\/wp-json\/wp\/v2\/product_brand?post=144696"},{"taxonomy":"product_cat","embeddable":true,"href":"https:\/\/www.budream.com\/fr\/wp-json\/wp\/v2\/product_cat?post=144696"},{"taxonomy":"product_tag","embeddable":true,"href":"https:\/\/www.budream.com\/fr\/wp-json\/wp\/v2\/product_tag?post=144696"}],"curies":[{"name":"wp","href":"https:\/\/api.w.org\/{rel}","templated":true}]}}