{"id":145328,"date":"2025-07-31T08:17:11","date_gmt":"2025-07-31T06:17:11","guid":{"rendered":"https:\/\/www.budream.com\/shop\/barneys-farm-dos-si-dos-33-fem\/"},"modified":"2026-03-24T02:02:33","modified_gmt":"2026-03-24T00:02:33","slug":"barneys-farm-dos-si-dos-33-fem","status":"publish","type":"product","link":"https:\/\/www.budream.com\/fr\/shop\/barneys-farm-dos-si-dos-33-fem\/","title":{"rendered":"BARNEY&rsquo;S FARM &#8211; DOS SI DOS 33 FEM"},"content":{"rendered":"<div style=\"text-align: justify\">La Dos Si Dos a \u00e9t\u00e9 d\u00e9velopp\u00e9e \u00e0 partir de l&rsquo;OG Kush Breath, une Girl Scout Cookies feno de K.O crois\u00e9e avec la Face Off OG et \u00e0 nouveau crois\u00e9e avec la l\u00e9gendaire Cookies Kush (OG Kush X GSC feno). Ajoutez \u00e0 la recette un m\u00e9lange subtil de Ice Cream #33 avec son charmant h\u00e9ritage Sunset Sherbet x Thin Mint GSC et voil\u00e0 !<\/div>\n<p><\/p>\n<h2><strong>Caract\u00e9ristiques Dos Si Dos 33 Fem :<\/strong><\/h2>\n<ul style=\"list-style-type: disc\">\n<li><strong>Genre :<\/strong> F\u00e9minis\u00e9e<\/li>\n<li><strong>G\u00e9notype :<\/strong> 60% Indica \/ 40% Sativa<\/li>\n<li><strong>G\u00e9n\u00e9tique :<\/strong> Dos Si Dos x Gelato #33<\/li>\n<li><strong>Jours de floraison :<\/strong> 60 &#8211; 65 jours<\/li>\n<\/ul>\n<p><\/p>\n<div style=\"text-align: justify\"><span style=\"font-size: 11pt\"><em><strong>ATTENTION :<\/strong> Les graines de chanvre sont exclues de la notion l\u00e9gale de Cannabis, ce qui signifie qu&rsquo;elles ne doivent pas \u00eatre consid\u00e9r\u00e9es comme une substance stup\u00e9fiante (L. 412 de 1974, Art. 1, paragraphe 1, lettre B ; Convention unique sur les stup\u00e9fiants de New York de 1961 et tableau II du d\u00e9cret minist\u00e9riel 27\/7\/1992). En Italie, la culture du chanvre est interdite (articles 28 et 73 du d\u00e9cret pr\u00e9sidentiel 309\/90), sauf autorisation sp\u00e9ciale (article 17 du d\u00e9cret pr\u00e9sidentiel 309\/90). En l&rsquo;absence d&rsquo;autorisation, les semences ne peuvent \u00eatre utilis\u00e9es qu&rsquo;\u00e0 d&rsquo;autres fins (zootechniques, de collection, etc.). Les semences sont vendues sous r\u00e9serve qu&rsquo;elles ne soient pas utilis\u00e9es par des tiers en contradiction avec la loi.<\/em><\/span><\/div>\n","protected":false},"excerpt":{"rendered":"<p>La Dos Si Dos a \u00e9t\u00e9 d\u00e9velopp\u00e9e \u00e0 partir de l&rsquo;OG Kush Breath, une Girl Scout Cookies feno de K.O<\/p>\n","protected":false},"featured_media":145317,"comment_status":"open","ping_status":"closed","template":"","meta":[],"product_brand":[],"product_cat":[7951],"product_tag":[],"class_list":{"0":"post-145328","1":"product","2":"type-product","3":"status-publish","4":"has-post-thumbnail","6":"product_cat-magasin-de-graines","8":"first","9":"instock","10":"taxable","11":"shipping-taxable","12":"purchasable","13":"product-type-variable"},"aioseo_notices":[],"_links":{"self":[{"href":"https:\/\/www.budream.com\/fr\/wp-json\/wp\/v2\/product\/145328","targetHints":{"allow":["GET"]}}],"collection":[{"href":"https:\/\/www.budream.com\/fr\/wp-json\/wp\/v2\/product"}],"about":[{"href":"https:\/\/www.budream.com\/fr\/wp-json\/wp\/v2\/types\/product"}],"replies":[{"embeddable":true,"href":"https:\/\/www.budream.com\/fr\/wp-json\/wp\/v2\/comments?post=145328"}],"version-history":[{"count":0,"href":"https:\/\/www.budream.com\/fr\/wp-json\/wp\/v2\/product\/145328\/revisions"}],"wp:featuredmedia":[{"embeddable":true,"href":"https:\/\/www.budream.com\/fr\/wp-json\/wp\/v2\/media\/145317"}],"wp:attachment":[{"href":"https:\/\/www.budream.com\/fr\/wp-json\/wp\/v2\/media?parent=145328"}],"wp:term":[{"taxonomy":"product_brand","embeddable":true,"href":"https:\/\/www.budream.com\/fr\/wp-json\/wp\/v2\/product_brand?post=145328"},{"taxonomy":"product_cat","embeddable":true,"href":"https:\/\/www.budream.com\/fr\/wp-json\/wp\/v2\/product_cat?post=145328"},{"taxonomy":"product_tag","embeddable":true,"href":"https:\/\/www.budream.com\/fr\/wp-json\/wp\/v2\/product_tag?post=145328"}],"curies":[{"name":"wp","href":"https:\/\/api.w.org\/{rel}","templated":true}]}}