{"id":145619,"date":"2025-07-31T08:28:15","date_gmt":"2025-07-31T06:28:15","guid":{"rendered":"https:\/\/www.budream.com\/shop\/dutch-passion-sugar-bomb-punch-fem\/"},"modified":"2026-03-26T14:13:39","modified_gmt":"2026-03-26T12:13:39","slug":"dutch-passion-sugar-bomb-punch-fem","status":"publish","type":"product","link":"https:\/\/www.budream.com\/fr\/shop\/dutch-passion-sugar-bomb-punch-fem\/","title":{"rendered":"DUTCH PASSION &#8211; SUGAR BOMB PUNCH FEM"},"content":{"rendered":"<div style=\"text-align: justify\">Sugar Bomb Punch est un croisement entre THC Bomb et Critical Orange Punch x Bubba Island Kush. Ce \u00ab\u00a03-way cross\u00a0\u00bb a cr\u00e9\u00e9 un profil tr\u00e8s int\u00e9ressant et diversifi\u00e9. La combinaison de ces 3 vari\u00e9t\u00e9s a cr\u00e9\u00e9 une nouvelle vari\u00e9t\u00e9 qui n&rsquo;a pas d&rsquo;\u00e9gal.<\/div>\n<p><\/p>\n<h2><strong>Caract\u00e9ristiques Sugar Bomb Punch Fem :<\/strong><\/h2>\n<ul style=\"list-style-type: disc\">\n<li><strong>Genre :<\/strong> XXL f\u00e9minis\u00e9e<\/li>\n<li><strong>G\u00e9notype :<\/strong> Hybride \u00e0 dominance indica<\/li>\n<li><strong>G\u00e9n\u00e9tique :<\/strong> THC Bomb X (Critical Orange Punch x Bubba Island Kush)<\/li>\n<li><strong>Jours :<\/strong> 63<\/li>\n<\/ul>\n<p><\/p>\n<div style=\"text-align: justify\"><span style=\"font-size: 11pt\"><em><strong>ATTENTION :<\/strong> Les graines de chanvre sont exclues de la notion l\u00e9gale de Cannabis, ce qui signifie qu&rsquo;elles ne doivent pas \u00eatre consid\u00e9r\u00e9es comme une substance stup\u00e9fiante (L. 412 de 1974, art. 1, paragraphe 1, lettre B ; Convention unique sur les stup\u00e9fiants de New York de 1961 et tableau II du d\u00e9cret minist\u00e9riel 27\/7\/1992). En Italie, la culture du chanvre est interdite (articles 28 et 73 du d\u00e9cret pr\u00e9sidentiel 309\/90), sauf autorisation sp\u00e9ciale (article 17 du d\u00e9cret pr\u00e9sidentiel 309\/90). En l&rsquo;absence d&rsquo;autorisation, les semences ne peuvent \u00eatre utilis\u00e9es qu&rsquo;\u00e0 d&rsquo;autres fins (zootechniques, de collection, etc.). Les semences sont vendues sous r\u00e9serve qu&rsquo;elles ne soient pas utilis\u00e9es par des tiers en contradiction avec la loi.<\/em><\/span><\/div>\n","protected":false},"excerpt":{"rendered":"<p>Sugar Bomb Punch est un croisement entre THC Bomb et Critical Orange Punch x Bubba Island Kush. Ce \u00ab\u00a03-way cross\u00a0\u00bb<\/p>\n","protected":false},"featured_media":145609,"comment_status":"open","ping_status":"closed","template":"","meta":[],"product_brand":[],"product_cat":[7951],"product_tag":[],"class_list":{"0":"post-145619","1":"product","2":"type-product","3":"status-publish","4":"has-post-thumbnail","6":"product_cat-magasin-de-graines","8":"first","9":"instock","10":"taxable","11":"shipping-taxable","12":"purchasable","13":"product-type-variable"},"aioseo_notices":[],"_links":{"self":[{"href":"https:\/\/www.budream.com\/fr\/wp-json\/wp\/v2\/product\/145619","targetHints":{"allow":["GET"]}}],"collection":[{"href":"https:\/\/www.budream.com\/fr\/wp-json\/wp\/v2\/product"}],"about":[{"href":"https:\/\/www.budream.com\/fr\/wp-json\/wp\/v2\/types\/product"}],"replies":[{"embeddable":true,"href":"https:\/\/www.budream.com\/fr\/wp-json\/wp\/v2\/comments?post=145619"}],"version-history":[{"count":0,"href":"https:\/\/www.budream.com\/fr\/wp-json\/wp\/v2\/product\/145619\/revisions"}],"wp:featuredmedia":[{"embeddable":true,"href":"https:\/\/www.budream.com\/fr\/wp-json\/wp\/v2\/media\/145609"}],"wp:attachment":[{"href":"https:\/\/www.budream.com\/fr\/wp-json\/wp\/v2\/media?parent=145619"}],"wp:term":[{"taxonomy":"product_brand","embeddable":true,"href":"https:\/\/www.budream.com\/fr\/wp-json\/wp\/v2\/product_brand?post=145619"},{"taxonomy":"product_cat","embeddable":true,"href":"https:\/\/www.budream.com\/fr\/wp-json\/wp\/v2\/product_cat?post=145619"},{"taxonomy":"product_tag","embeddable":true,"href":"https:\/\/www.budream.com\/fr\/wp-json\/wp\/v2\/product_tag?post=145619"}],"curies":[{"name":"wp","href":"https:\/\/api.w.org\/{rel}","templated":true}]}}