{"id":146936,"date":"2025-07-31T09:09:31","date_gmt":"2025-07-31T07:09:31","guid":{"rendered":"https:\/\/www.budream.com\/shop\/passion-hollandaise-glueberry-og-fem\/"},"modified":"2026-04-29T16:43:03","modified_gmt":"2026-04-29T14:43:03","slug":"passion-hollandaise-glueberry-og-fem","status":"publish","type":"product","link":"https:\/\/www.budream.com\/fr\/shop\/passion-hollandaise-glueberry-og-fem\/","title":{"rendered":"PASSION HOLLANDAISE &#8211; GLUEBERRY OG FEM"},"content":{"rendered":"<div style=\"text-align: justify\">Glueberry O.G. est le r\u00e9sultat d&rsquo;une hybridation entre nos vari\u00e9t\u00e9s originales Blueberry, Gorilla Glue (GG) et O.G. Kush.<\/div>\n<div style=\"text-align: justify\">Gorilla Glue est une vari\u00e9t\u00e9 populaire aux \u00c9tats-Unis. Cette vari\u00e9t\u00e9 est le meilleur r\u00e9sultat du croisement entre Chem&rsquo;s Sister, Sour Dubb et Chocolate Diesel.<\/div>\n<div style=\"text-align: justify\">Une autre vari\u00e9t\u00e9 am\u00e9ricaine utilis\u00e9e pour obtenir la Glueberry O.G. est l&rsquo;incontournable O.G. Kush.<\/div>\n<div style=\"text-align: justify\">La Blueberry est une vari\u00e9t\u00e9 classique de Dutch Passion.<\/div>\n<p><\/p>\n<h2><strong>Caract\u00e9ristiques Glueberry OG Fem :<\/strong><\/h2>\n<ul style=\"list-style-type: disc\">\n<li><strong>Genre :<\/strong> Hybride f\u00e9minis\u00e9 XL<\/li>\n<li><strong>G\u00e9notype :<\/strong> Hybride Indica\/Sativa<\/li>\n<li><strong>G\u00e9n\u00e9tique :<\/strong> (Gorilla Glue #4 X OG Kush) x Blueberry<\/li>\n<li>Jours<strong>:<\/strong> 56 jours<\/li>\n<\/ul>\n<p><\/p>\n<div style=\"text-align: justify\"><span style=\"font-size: 11pt\"><em><strong>ATTENTION :<\/strong> Les graines de chanvre sont exclues de la notion l\u00e9gale de Cannabis, ce qui signifie qu&rsquo;elles ne doivent pas \u00eatre consid\u00e9r\u00e9es comme une substance stup\u00e9fiante (L. 412 de 1974, art. 1, paragraphe 1, lettre B ; Convention unique sur les stup\u00e9fiants de New York de 1961 et tableau II du d\u00e9cret minist\u00e9riel 27\/7\/1992). En Italie, la culture du chanvre est interdite (articles 28 et 73 du d\u00e9cret pr\u00e9sidentiel 309\/90), sauf autorisation sp\u00e9ciale (article 17 du d\u00e9cret pr\u00e9sidentiel 309\/90). En l&rsquo;absence d&rsquo;autorisation, les semences ne peuvent \u00eatre utilis\u00e9es qu&rsquo;\u00e0 d&rsquo;autres fins (zootechniques, de collection, etc.). Les semences sont vendues sous r\u00e9serve qu&rsquo;elles ne soient pas utilis\u00e9es par des tiers en contradiction avec la loi.<\/em><\/span><\/div>\n","protected":false},"excerpt":{"rendered":"<p>Glueberry O.G. est le r\u00e9sultat d&rsquo;une hybridation entre nos vari\u00e9t\u00e9s originales Blueberry, Gorilla Glue (GG) et O.G. Kush. Gorilla Glue<\/p>\n","protected":false},"featured_media":146926,"comment_status":"open","ping_status":"closed","template":"","meta":[],"product_brand":[],"product_cat":[7951],"product_tag":[],"class_list":{"0":"post-146936","1":"product","2":"type-product","3":"status-publish","4":"has-post-thumbnail","6":"product_cat-magasin-de-graines","8":"first","9":"instock","10":"sale","11":"taxable","12":"shipping-taxable","13":"purchasable","14":"product-type-variable"},"_links":{"self":[{"href":"https:\/\/www.budream.com\/fr\/wp-json\/wp\/v2\/product\/146936","targetHints":{"allow":["GET"]}}],"collection":[{"href":"https:\/\/www.budream.com\/fr\/wp-json\/wp\/v2\/product"}],"about":[{"href":"https:\/\/www.budream.com\/fr\/wp-json\/wp\/v2\/types\/product"}],"replies":[{"embeddable":true,"href":"https:\/\/www.budream.com\/fr\/wp-json\/wp\/v2\/comments?post=146936"}],"version-history":[{"count":1,"href":"https:\/\/www.budream.com\/fr\/wp-json\/wp\/v2\/product\/146936\/revisions"}],"predecessor-version":[{"id":266171,"href":"https:\/\/www.budream.com\/fr\/wp-json\/wp\/v2\/product\/146936\/revisions\/266171"}],"wp:featuredmedia":[{"embeddable":true,"href":"https:\/\/www.budream.com\/fr\/wp-json\/wp\/v2\/media\/146926"}],"wp:attachment":[{"href":"https:\/\/www.budream.com\/fr\/wp-json\/wp\/v2\/media?parent=146936"}],"wp:term":[{"taxonomy":"product_brand","embeddable":true,"href":"https:\/\/www.budream.com\/fr\/wp-json\/wp\/v2\/product_brand?post=146936"},{"taxonomy":"product_cat","embeddable":true,"href":"https:\/\/www.budream.com\/fr\/wp-json\/wp\/v2\/product_cat?post=146936"},{"taxonomy":"product_tag","embeddable":true,"href":"https:\/\/www.budream.com\/fr\/wp-json\/wp\/v2\/product_tag?post=146936"}],"curies":[{"name":"wp","href":"https:\/\/api.w.org\/{rel}","templated":true}]}}