{"id":147148,"date":"2025-07-31T09:16:37","date_gmt":"2025-07-31T07:16:37","guid":{"rendered":"https:\/\/www.budream.com\/shop\/barneys-farm-dos-si-dos-auto-fem\/"},"modified":"2026-03-24T12:06:53","modified_gmt":"2026-03-24T10:06:53","slug":"barneys-farm-dos-si-dos-auto-fem","status":"publish","type":"product","link":"https:\/\/www.budream.com\/fr\/shop\/barneys-farm-dos-si-dos-auto-fem\/","title":{"rendered":"BARNEY&rsquo;S FARM &#8211; DOS SI DOS AUTO FEM"},"content":{"rendered":"<p>DOS SI DOS AUTO est un nouveau super-hybride extraordinaire \u00e0 floraison automatique et \u00e0 dominance Indica (65% Indica \/ 35% Sativa) qui s&rsquo;int\u00e8gre parfaitement dans la collection Cali Autoflowering de Barney&rsquo;s Farm, qui ne cesse de s&rsquo;agrandir.<\/p>\n<h2><strong>Caract\u00e9ristiques Dos Si Dos Auto Fem :<\/strong><\/h2>\n<ul style=\"list-style-type: disc\">\n<li><strong>Genre :<\/strong> Autofloraison<\/li>\n<li><strong>G\u00e9notype :<\/strong> 65% Indica \/ 35% Sativa<\/li>\n<li><strong>G\u00e9n\u00e9tique :<\/strong> Dos Si Dos x BF Super Auto #1<\/li>\n<li>Jours<strong>:<\/strong> 70 &#8211; 75 jours<\/li>\n<\/ul>\n<p><span style=\"font-size: 11pt\"><em><strong>ATTENTION :<\/strong> Les graines de chanvre sont exclues de la notion l\u00e9gale de Cannabis, ce qui signifie qu&rsquo;elles ne doivent pas \u00eatre consid\u00e9r\u00e9es comme une substance narcotique (Loi 412 de 1974, Art. 1, paragraphe 1, lettre B ; Convention Unique sur les Stup\u00e9fiants de New York de 1961 et tableau II du D\u00e9cret Minist\u00e9riel 27\/7\/1992). En Italie, la culture du chanvre est interdite (articles 28 et 73 du d\u00e9cret pr\u00e9sidentiel 309\/90), sauf autorisation sp\u00e9ciale (article 17 du d\u00e9cret pr\u00e9sidentiel 309\/90). En l&rsquo;absence d&rsquo;autorisation, les semences ne peuvent \u00eatre utilis\u00e9es qu&rsquo;\u00e0 d&rsquo;autres fins (zootechniques, de collection, etc.). Les semences sont vendues sous r\u00e9serve qu&rsquo;elles ne soient pas utilis\u00e9es par des tiers en contradiction avec la loi.<\/em><\/span><\/p>\n","protected":false},"excerpt":{"rendered":"<p>DOS SI DOS AUTO est un nouveau super-hybride extraordinaire \u00e0 floraison automatique et \u00e0 dominance Indica (65% Indica \/ 35%<\/p>\n","protected":false},"featured_media":147138,"comment_status":"open","ping_status":"closed","template":"","meta":[],"product_brand":[],"product_cat":[7951],"product_tag":[],"class_list":{"0":"post-147148","1":"product","2":"type-product","3":"status-publish","4":"has-post-thumbnail","6":"product_cat-magasin-de-graines","8":"first","9":"instock","10":"taxable","11":"shipping-taxable","12":"purchasable","13":"product-type-variable"},"aioseo_notices":[],"_links":{"self":[{"href":"https:\/\/www.budream.com\/fr\/wp-json\/wp\/v2\/product\/147148","targetHints":{"allow":["GET"]}}],"collection":[{"href":"https:\/\/www.budream.com\/fr\/wp-json\/wp\/v2\/product"}],"about":[{"href":"https:\/\/www.budream.com\/fr\/wp-json\/wp\/v2\/types\/product"}],"replies":[{"embeddable":true,"href":"https:\/\/www.budream.com\/fr\/wp-json\/wp\/v2\/comments?post=147148"}],"version-history":[{"count":0,"href":"https:\/\/www.budream.com\/fr\/wp-json\/wp\/v2\/product\/147148\/revisions"}],"wp:featuredmedia":[{"embeddable":true,"href":"https:\/\/www.budream.com\/fr\/wp-json\/wp\/v2\/media\/147138"}],"wp:attachment":[{"href":"https:\/\/www.budream.com\/fr\/wp-json\/wp\/v2\/media?parent=147148"}],"wp:term":[{"taxonomy":"product_brand","embeddable":true,"href":"https:\/\/www.budream.com\/fr\/wp-json\/wp\/v2\/product_brand?post=147148"},{"taxonomy":"product_cat","embeddable":true,"href":"https:\/\/www.budream.com\/fr\/wp-json\/wp\/v2\/product_cat?post=147148"},{"taxonomy":"product_tag","embeddable":true,"href":"https:\/\/www.budream.com\/fr\/wp-json\/wp\/v2\/product_tag?post=147148"}],"curies":[{"name":"wp","href":"https:\/\/api.w.org\/{rel}","templated":true}]}}