{"id":147210,"date":"2025-07-31T09:18:50","date_gmt":"2025-07-31T07:18:50","guid":{"rendered":"https:\/\/www.budream.com\/shop\/barneys-farm-gorilla-glue-auto-fem-3\/"},"modified":"2026-04-13T15:57:17","modified_gmt":"2026-04-13T13:57:17","slug":"barneys-farm-gorilla-glue-auto-fem-3","status":"publish","type":"product","link":"https:\/\/www.budream.com\/fr\/shop\/barneys-farm-gorilla-glue-auto-fem-3\/","title":{"rendered":"BARNEY&rsquo;S FARM &#8211; GORILLA GLUE AUTO FEM"},"content":{"rendered":"<p>GORILLA GLUE AUTO de Barney&rsquo;s Farm est un hybride \u00e0 floraison rapide. Cette nouvelle version super rapide (55% Indica) est le r\u00e9sultat du croisement de la glorieuse Gorilla Glue avec la superbe nouvelle g\u00e9n\u00e9ration de la souche Super Auto #1.<\/p>\n<h2><strong>Caract\u00e9ristiques Gorilla Glue Auto Fem :<\/strong><\/h2>\n<ul style=\"list-style-type: disc\">\n<li><strong>Genre :<\/strong> Autofloraison<\/li>\n<li><strong>G\u00e9notype :<\/strong> 55% Indica \/ 45% Sativa<\/li>\n<li><strong>G\u00e9n\u00e9tique :<\/strong> Gorilla Glue #4 x BF Super Auto #1<\/li>\n<li>Jours<strong>:<\/strong> 70 &#8211; 75 jours<\/li>\n<\/ul>\n<p><span style=\"font-size: 11pt\"><em><strong>ATTENTION :<\/strong> Les graines de chanvre sont exclues de la notion l\u00e9gale de Cannabis, ce qui signifie qu&rsquo;elles ne doivent pas \u00eatre consid\u00e9r\u00e9es comme une substance stup\u00e9fiante (L. 412 de 1974, art. 1, paragraphe 1, lettre B ; Convention unique sur les stup\u00e9fiants de New York de 1961 et tableau II du d\u00e9cret minist\u00e9riel 27\/7\/1992). En Italie, la culture du chanvre est interdite (articles 28 et 73 du d\u00e9cret pr\u00e9sidentiel 309\/90), sauf autorisation sp\u00e9ciale (article 17 du d\u00e9cret pr\u00e9sidentiel 309\/90). En l&rsquo;absence d&rsquo;autorisation, les semences ne peuvent \u00eatre utilis\u00e9es qu&rsquo;\u00e0 d&rsquo;autres fins (zootechniques, de collection, etc.). Les semences sont vendues sous r\u00e9serve qu&rsquo;elles ne soient pas utilis\u00e9es par des tiers en contradiction avec la loi.<\/em><\/span><\/p>\n","protected":false},"excerpt":{"rendered":"<p>GORILLA GLUE AUTO de Barney&rsquo;s Farm est un hybride \u00e0 floraison rapide. Cette nouvelle version super rapide (55% Indica) est<\/p>\n","protected":false},"featured_media":147183,"comment_status":"open","ping_status":"closed","template":"","meta":[],"product_brand":[],"product_cat":[7951],"product_tag":[],"class_list":{"0":"post-147210","1":"product","2":"type-product","3":"status-publish","4":"has-post-thumbnail","6":"product_cat-magasin-de-graines","8":"first","9":"instock","10":"sale","11":"taxable","12":"shipping-taxable","13":"purchasable","14":"product-type-variable"},"_links":{"self":[{"href":"https:\/\/www.budream.com\/fr\/wp-json\/wp\/v2\/product\/147210","targetHints":{"allow":["GET"]}}],"collection":[{"href":"https:\/\/www.budream.com\/fr\/wp-json\/wp\/v2\/product"}],"about":[{"href":"https:\/\/www.budream.com\/fr\/wp-json\/wp\/v2\/types\/product"}],"replies":[{"embeddable":true,"href":"https:\/\/www.budream.com\/fr\/wp-json\/wp\/v2\/comments?post=147210"}],"version-history":[{"count":1,"href":"https:\/\/www.budream.com\/fr\/wp-json\/wp\/v2\/product\/147210\/revisions"}],"predecessor-version":[{"id":262548,"href":"https:\/\/www.budream.com\/fr\/wp-json\/wp\/v2\/product\/147210\/revisions\/262548"}],"wp:featuredmedia":[{"embeddable":true,"href":"https:\/\/www.budream.com\/fr\/wp-json\/wp\/v2\/media\/147183"}],"wp:attachment":[{"href":"https:\/\/www.budream.com\/fr\/wp-json\/wp\/v2\/media?parent=147210"}],"wp:term":[{"taxonomy":"product_brand","embeddable":true,"href":"https:\/\/www.budream.com\/fr\/wp-json\/wp\/v2\/product_brand?post=147210"},{"taxonomy":"product_cat","embeddable":true,"href":"https:\/\/www.budream.com\/fr\/wp-json\/wp\/v2\/product_cat?post=147210"},{"taxonomy":"product_tag","embeddable":true,"href":"https:\/\/www.budream.com\/fr\/wp-json\/wp\/v2\/product_tag?post=147210"}],"curies":[{"name":"wp","href":"https:\/\/api.w.org\/{rel}","templated":true}]}}