{"id":147271,"date":"2025-07-31T09:20:10","date_gmt":"2025-07-31T07:20:10","guid":{"rendered":"https:\/\/www.budream.com\/shop\/barneys-farm-gorilla-zkittlez-auto-fem\/"},"modified":"2026-04-16T11:58:40","modified_gmt":"2026-04-16T09:58:40","slug":"barneys-farm-gorilla-zkittlez-auto-fem","status":"publish","type":"product","link":"https:\/\/www.budream.com\/fr\/shop\/barneys-farm-gorilla-zkittlez-auto-fem\/","title":{"rendered":"BARNEY&rsquo;S FARM &#8211; GORILLA ZKITTLEZ AUTO FEM"},"content":{"rendered":"<div style=\"text-align: justify\">GORILLA ZKITTLEZ AUTO &#8211; La vari\u00e9t\u00e9 f\u00e9minis\u00e9e la plus vendue de la Cali Collection vient de recevoir le traitement auto. C&rsquo;est le croisement initial de Gorilla Glue x Zkittlez, puis r\u00e9tro-crois\u00e9 avec la vari\u00e9t\u00e9 Super auto #1 qui lui a donn\u00e9 une force extraordinaire et une r\u00e9sistance aux insectes et au stress.<\/div>\n<p><\/p>\n<h2><strong>Caract\u00e9ristiques Gorilla Zkittlez Auto Fem :<\/strong><\/h2>\n<ul style=\"list-style-type: disc\">\n<li><strong>Genre :<\/strong> Autofloraison<\/li>\n<li><strong>G\u00e9notype :<\/strong> 75% Indica \/ 25% Sativa<\/li>\n<li><strong>G\u00e9n\u00e9tique :<\/strong> Gorilla Glue x Zkittlez x BF Super Auto #1<\/li>\n<li>Jours<strong>:<\/strong> 75 jours<\/li>\n<\/ul>\n<p><\/p>\n<div style=\"text-align: justify\"><span style=\"font-size: 11pt\"><em><strong>ATTENTION :<\/strong> Les graines de chanvre sont exclues de la notion l\u00e9gale de Cannabis, ce qui signifie qu&rsquo;elles ne doivent pas \u00eatre consid\u00e9r\u00e9es comme une substance stup\u00e9fiante (L. 412 de 1974, art. 1, alin\u00e9a 1, lettre B ; Convention unique sur les stup\u00e9fiants de New York de 1961 et tableau II du d\u00e9cret minist\u00e9riel 27\/7\/1992). En Italie, la culture du chanvre est interdite (articles 28 et 73 du d\u00e9cret pr\u00e9sidentiel 309\/90), sauf autorisation sp\u00e9ciale (article 17 du d\u00e9cret pr\u00e9sidentiel 309\/90). En l&rsquo;absence d&rsquo;autorisation, les semences ne peuvent \u00eatre utilis\u00e9es qu&rsquo;\u00e0 d&rsquo;autres fins (zootechniques, de collection, etc.). Les semences sont vendues sous r\u00e9serve qu&rsquo;elles ne soient pas utilis\u00e9es par des tiers en contradiction avec la loi.<\/em><\/span><\/div>\n","protected":false},"excerpt":{"rendered":"<p>GORILLA ZKITTLEZ AUTO &#8211; La vari\u00e9t\u00e9 f\u00e9minis\u00e9e la plus vendue de la Cali Collection vient de recevoir le traitement auto.<\/p>\n","protected":false},"featured_media":147255,"comment_status":"open","ping_status":"closed","template":"","meta":[],"product_brand":[],"product_cat":[7951],"product_tag":[],"class_list":{"0":"post-147271","1":"product","2":"type-product","3":"status-publish","4":"has-post-thumbnail","6":"product_cat-magasin-de-graines","8":"first","9":"instock","10":"sale","11":"taxable","12":"shipping-taxable","13":"purchasable","14":"product-type-variable"},"_links":{"self":[{"href":"https:\/\/www.budream.com\/fr\/wp-json\/wp\/v2\/product\/147271","targetHints":{"allow":["GET"]}}],"collection":[{"href":"https:\/\/www.budream.com\/fr\/wp-json\/wp\/v2\/product"}],"about":[{"href":"https:\/\/www.budream.com\/fr\/wp-json\/wp\/v2\/types\/product"}],"replies":[{"embeddable":true,"href":"https:\/\/www.budream.com\/fr\/wp-json\/wp\/v2\/comments?post=147271"}],"version-history":[{"count":1,"href":"https:\/\/www.budream.com\/fr\/wp-json\/wp\/v2\/product\/147271\/revisions"}],"predecessor-version":[{"id":262256,"href":"https:\/\/www.budream.com\/fr\/wp-json\/wp\/v2\/product\/147271\/revisions\/262256"}],"wp:featuredmedia":[{"embeddable":true,"href":"https:\/\/www.budream.com\/fr\/wp-json\/wp\/v2\/media\/147255"}],"wp:attachment":[{"href":"https:\/\/www.budream.com\/fr\/wp-json\/wp\/v2\/media?parent=147271"}],"wp:term":[{"taxonomy":"product_brand","embeddable":true,"href":"https:\/\/www.budream.com\/fr\/wp-json\/wp\/v2\/product_brand?post=147271"},{"taxonomy":"product_cat","embeddable":true,"href":"https:\/\/www.budream.com\/fr\/wp-json\/wp\/v2\/product_cat?post=147271"},{"taxonomy":"product_tag","embeddable":true,"href":"https:\/\/www.budream.com\/fr\/wp-json\/wp\/v2\/product_tag?post=147271"}],"curies":[{"name":"wp","href":"https:\/\/api.w.org\/{rel}","templated":true}]}}