{"id":147821,"date":"2025-07-31T09:35:48","date_gmt":"2025-07-31T07:35:48","guid":{"rendered":"https:\/\/www.budream.com\/shop\/green-house-seed-co-banana-krumble-fem\/"},"modified":"2026-03-26T16:37:13","modified_gmt":"2026-03-26T14:37:13","slug":"green-house-seed-co-banana-krumble-fem","status":"publish","type":"product","link":"https:\/\/www.budream.com\/fr\/shop\/green-house-seed-co-banana-krumble-fem\/","title":{"rendered":"GREEN HOUSE SEED CO. &#8211; BANANA KRUMBLE FEM"},"content":{"rendered":"<p>Pour cr\u00e9er la Banana Krumble, Greenhouse Seeds a s\u00e9lectionn\u00e9 un sp\u00e9cimen de Banana Punch et l&rsquo;a combin\u00e9 avec la vari\u00e9t\u00e9 OG Kush.<\/p>\n<h2><strong>Caract\u00e9ristiques Banana Krumble Fem<\/strong><\/h2>\n<ul style=\"list-style-type: disc\">\n<li><strong>Genre :<\/strong> F\u00e9minis\u00e9e<\/li>\n<li><strong>G\u00e9notype :<\/strong> Hybride 70% Indica 30% Sativa<\/li>\n<li><strong>G\u00e9n\u00e9tique :<\/strong> Banana Punch x Og Kush<\/li>\n<li><strong>Jours :<\/strong> 56-63<\/li>\n<\/ul>\n<p><span style=\"font-size: 11pt\"><em><strong>ATTENTION :<\/strong> Les graines de chanvre sont exclues de la notion l\u00e9gale de Cannabis, ce qui signifie qu&rsquo;elles ne doivent pas \u00eatre consid\u00e9r\u00e9es comme une substance stup\u00e9fiante (L. 412 de 1974, Art. 1, paragraphe 1, lett. B ; Convention unique sur les stup\u00e9fiants de New York de 1961 et tableau II du d\u00e9cret minist\u00e9riel 27\/7\/1992). En Italie, la culture du chanvre est interdite (articles 28 et 73 du d\u00e9cret pr\u00e9sidentiel 309\/90), sauf autorisation sp\u00e9ciale (article 17 du d\u00e9cret pr\u00e9sidentiel 309\/90). En l&rsquo;absence d&rsquo;autorisation, les semences ne peuvent \u00eatre utilis\u00e9es qu&rsquo;\u00e0 d&rsquo;autres fins (zootechniques, de collection, etc.). Les semences sont vendues sous r\u00e9serve qu&rsquo;elles ne soient pas utilis\u00e9es par des tiers en contradiction avec la loi.<\/em><\/span><\/p>\n","protected":false},"excerpt":{"rendered":"<p>Pour cr\u00e9er la Banana Krumble, Greenhouse Seeds a s\u00e9lectionn\u00e9 un sp\u00e9cimen de Banana Punch et l&rsquo;a combin\u00e9 avec la vari\u00e9t\u00e9<\/p>\n","protected":false},"featured_media":214819,"comment_status":"open","ping_status":"closed","template":"","meta":[],"product_brand":[],"product_cat":[7951],"product_tag":[],"class_list":{"0":"post-147821","1":"product","2":"type-product","3":"status-publish","4":"has-post-thumbnail","6":"product_cat-magasin-de-graines","8":"first","9":"instock","10":"taxable","11":"shipping-taxable","12":"purchasable","13":"product-type-variable"},"aioseo_notices":[],"_links":{"self":[{"href":"https:\/\/www.budream.com\/fr\/wp-json\/wp\/v2\/product\/147821","targetHints":{"allow":["GET"]}}],"collection":[{"href":"https:\/\/www.budream.com\/fr\/wp-json\/wp\/v2\/product"}],"about":[{"href":"https:\/\/www.budream.com\/fr\/wp-json\/wp\/v2\/types\/product"}],"replies":[{"embeddable":true,"href":"https:\/\/www.budream.com\/fr\/wp-json\/wp\/v2\/comments?post=147821"}],"version-history":[{"count":0,"href":"https:\/\/www.budream.com\/fr\/wp-json\/wp\/v2\/product\/147821\/revisions"}],"wp:featuredmedia":[{"embeddable":true,"href":"https:\/\/www.budream.com\/fr\/wp-json\/wp\/v2\/media\/214819"}],"wp:attachment":[{"href":"https:\/\/www.budream.com\/fr\/wp-json\/wp\/v2\/media?parent=147821"}],"wp:term":[{"taxonomy":"product_brand","embeddable":true,"href":"https:\/\/www.budream.com\/fr\/wp-json\/wp\/v2\/product_brand?post=147821"},{"taxonomy":"product_cat","embeddable":true,"href":"https:\/\/www.budream.com\/fr\/wp-json\/wp\/v2\/product_cat?post=147821"},{"taxonomy":"product_tag","embeddable":true,"href":"https:\/\/www.budream.com\/fr\/wp-json\/wp\/v2\/product_tag?post=147821"}],"curies":[{"name":"wp","href":"https:\/\/api.w.org\/{rel}","templated":true}]}}