{"id":147963,"date":"2025-07-31T09:40:50","date_gmt":"2025-07-31T07:40:50","guid":{"rendered":"https:\/\/www.budream.com\/shop\/dutch-passion-cbg-force-fem\/"},"modified":"2025-12-22T13:08:36","modified_gmt":"2025-12-22T11:08:36","slug":"dutch-passion-cbg-force-fem","status":"publish","type":"product","link":"https:\/\/www.budream.com\/fr\/shop\/dutch-passion-cbg-force-fem\/","title":{"rendered":"DUTCH PASSION &#8211; CBG-FORCE FEM"},"content":{"rendered":"<p><strong>La premi\u00e8re g\u00e9n\u00e9tique CBG sur le march\u00e9 disponible \u00e0 partir du 01 septembre 2020.<br \/><\/strong><\/p>\n<div style=\"text-align: justify\">CBG-Force fait partie de la premi\u00e8re g\u00e9n\u00e9ration de graines de cannabis f\u00e9minis\u00e9es riches en CBG de Dutch Passion. Avec 12-15% de CBG et seulement des traces de THC, c&rsquo;est l&rsquo;une des premi\u00e8res vari\u00e9t\u00e9s jamais produites qui fournit de grandes quantit\u00e9s d&rsquo;un cannabino\u00efde int\u00e9ressant et jusqu&rsquo;\u00e0 pr\u00e9sent sous-estim\u00e9.<\/div>\n<p><\/p>\n<h2><strong>Caract\u00e9ristiques CBG-Force Fem :<\/strong><\/h2>\n<ul style=\"list-style-type: disc\">\n<li><strong>Genre :<\/strong> F\u00e9minis\u00e9e<\/li>\n<li><strong>G\u00e9notype :<\/strong> Hybride Indica\/Sativa<\/li>\n<li><strong>G\u00e9n\u00e9tique<\/strong>: Inconnu<\/li>\n<li><strong>Jours :<\/strong> 49 &#8211; 56<\/li>\n<\/ul>\n<p><\/p>\n<div style=\"text-align: justify\"><span style=\"font-size: 11pt\"><em><strong>ATTENTION :<\/strong> Les graines de chanvre sont exclues de la notion l\u00e9gale de Cannabis, ce qui signifie qu&rsquo;elles ne doivent pas \u00eatre consid\u00e9r\u00e9es comme une substance stup\u00e9fiante (L. 412 de 1974, Art. 1, paragraphe 1, lett. B ; Convention unique sur les stup\u00e9fiants de New York de 1961 et tableau II du d\u00e9cret minist\u00e9riel 27\/7\/1992). En Italie, la culture du chanvre est interdite (articles 28 et 73 du d\u00e9cret pr\u00e9sidentiel 309\/90), sauf autorisation sp\u00e9ciale (article 17 du d\u00e9cret pr\u00e9sidentiel 309\/90). En l&rsquo;absence d&rsquo;autorisation, les semences ne peuvent \u00eatre utilis\u00e9es qu&rsquo;\u00e0 d&rsquo;autres fins (zootechniques, de collection, etc.). Les semences sont vendues sous r\u00e9serve qu&rsquo;elles ne soient pas utilis\u00e9es par des tiers en contradiction avec la loi.<\/em><\/span><\/div>\n","protected":false},"excerpt":{"rendered":"<p>La premi\u00e8re g\u00e9n\u00e9tique CBG sur le march\u00e9 disponible \u00e0 partir du 01 septembre 2020. CBG-Force fait partie de la premi\u00e8re<\/p>\n","protected":false},"featured_media":147948,"comment_status":"open","ping_status":"closed","template":"","meta":[],"product_brand":[],"product_cat":[7951],"product_tag":[],"class_list":{"0":"post-147963","1":"product","2":"type-product","3":"status-publish","4":"has-post-thumbnail","6":"product_cat-magasin-de-graines","8":"first","9":"instock","10":"taxable","11":"shipping-taxable","12":"purchasable","13":"product-type-variable"},"aioseo_notices":[],"_links":{"self":[{"href":"https:\/\/www.budream.com\/fr\/wp-json\/wp\/v2\/product\/147963","targetHints":{"allow":["GET"]}}],"collection":[{"href":"https:\/\/www.budream.com\/fr\/wp-json\/wp\/v2\/product"}],"about":[{"href":"https:\/\/www.budream.com\/fr\/wp-json\/wp\/v2\/types\/product"}],"replies":[{"embeddable":true,"href":"https:\/\/www.budream.com\/fr\/wp-json\/wp\/v2\/comments?post=147963"}],"version-history":[{"count":0,"href":"https:\/\/www.budream.com\/fr\/wp-json\/wp\/v2\/product\/147963\/revisions"}],"wp:featuredmedia":[{"embeddable":true,"href":"https:\/\/www.budream.com\/fr\/wp-json\/wp\/v2\/media\/147948"}],"wp:attachment":[{"href":"https:\/\/www.budream.com\/fr\/wp-json\/wp\/v2\/media?parent=147963"}],"wp:term":[{"taxonomy":"product_brand","embeddable":true,"href":"https:\/\/www.budream.com\/fr\/wp-json\/wp\/v2\/product_brand?post=147963"},{"taxonomy":"product_cat","embeddable":true,"href":"https:\/\/www.budream.com\/fr\/wp-json\/wp\/v2\/product_cat?post=147963"},{"taxonomy":"product_tag","embeddable":true,"href":"https:\/\/www.budream.com\/fr\/wp-json\/wp\/v2\/product_tag?post=147963"}],"curies":[{"name":"wp","href":"https:\/\/api.w.org\/{rel}","templated":true}]}}