{"id":148987,"date":"2025-07-31T10:08:40","date_gmt":"2025-07-31T08:08:40","guid":{"rendered":"https:\/\/www.budream.com\/shop\/barneys-farm-peyote-cookies-fem-disponible-dans-la-limite-des-stocks-disponibles\/"},"modified":"2026-03-18T16:24:04","modified_gmt":"2026-03-18T14:24:04","slug":"barneys-farm-peyote-cookies-fem-disponible-dans-la-limite-des-stocks-disponibles","status":"publish","type":"product","link":"https:\/\/www.budream.com\/fr\/shop\/barneys-farm-peyote-cookies-fem-disponible-dans-la-limite-des-stocks-disponibles\/","title":{"rendered":"BARNEY&rsquo;S FARM &#8211; PEYOTE COOKIES FEM Disponible dans la limite des stocks disponibles"},"content":{"rendered":"<div style=\"text-align: justify\">La PEYOTE COOKIES est issue du croisement de la Peyote Purple et de la l\u00e9gendaire Cookies Kush. Gr\u00e2ce \u00e0 une s\u00e9lection extensive et minutieuse et \u00e0 des r\u00e9trocroisements, ils ont r\u00e9ussi \u00e0 isoler les meilleures qualit\u00e9s des deux souches parentales en une seule souche.<\/div>\n<p><\/p>\n<h2><strong>Caract\u00e9ristiques Peyote Cookies Fem :<\/strong><\/h2>\n<ul style=\"list-style-type: disc\">\n<li><strong>Genre :<\/strong> F\u00e9minis\u00e9e<\/li>\n<li><strong>G\u00e9notype :<\/strong> 95% Indica \/ 5% Sativa<\/li>\n<li><strong>G\u00e9n\u00e9tique :<\/strong> Peyote Purple x Cookies Kush<\/li>\n<li><strong>Jours de floraison :<\/strong> 55 &#8211; 60 jours<\/li>\n<\/ul>\n<p><\/p>\n<div style=\"text-align: justify\"><span style=\"font-size: 11pt\"><em><strong>ATTENTION :<\/strong> Les graines de chanvre sont exclues de la notion l\u00e9gale de Cannabis, ce qui signifie qu&rsquo;elles ne doivent pas \u00eatre consid\u00e9r\u00e9es comme une substance stup\u00e9fiante (L. 412 de 1974, art. 1, virgule 1, lett. B ; Convention unique sur les stup\u00e9fiants de New York de 1961 et tableau II du d\u00e9cret minist\u00e9riel 27\/7\/1992). En Italie, la culture du chanvre est interdite (articles 28 et 73 du d\u00e9cret pr\u00e9sidentiel 309\/90), sauf autorisation sp\u00e9ciale (article 17 du d\u00e9cret pr\u00e9sidentiel 309\/90). En l&rsquo;absence d&rsquo;autorisation, les semences ne peuvent \u00eatre utilis\u00e9es qu&rsquo;\u00e0 d&rsquo;autres fins (zootechniques, de collection, etc.). Les semences sont vendues sous r\u00e9serve qu&rsquo;elles ne soient pas utilis\u00e9es par des tiers en contradiction avec la loi.<\/em><\/span><\/div>\n","protected":false},"excerpt":{"rendered":"<p>La PEYOTE COOKIES est issue du croisement de la Peyote Purple et de la l\u00e9gendaire Cookies Kush. Gr\u00e2ce \u00e0 une<\/p>\n","protected":false},"featured_media":148976,"comment_status":"open","ping_status":"closed","template":"","meta":[],"product_brand":[],"product_cat":[7951],"product_tag":[],"class_list":{"0":"post-148987","1":"product","2":"type-product","3":"status-publish","4":"has-post-thumbnail","6":"product_cat-magasin-de-graines","8":"first","9":"outofstock","10":"taxable","11":"shipping-taxable","12":"product-type-variable"},"_links":{"self":[{"href":"https:\/\/www.budream.com\/fr\/wp-json\/wp\/v2\/product\/148987","targetHints":{"allow":["GET"]}}],"collection":[{"href":"https:\/\/www.budream.com\/fr\/wp-json\/wp\/v2\/product"}],"about":[{"href":"https:\/\/www.budream.com\/fr\/wp-json\/wp\/v2\/types\/product"}],"replies":[{"embeddable":true,"href":"https:\/\/www.budream.com\/fr\/wp-json\/wp\/v2\/comments?post=148987"}],"version-history":[{"count":0,"href":"https:\/\/www.budream.com\/fr\/wp-json\/wp\/v2\/product\/148987\/revisions"}],"wp:featuredmedia":[{"embeddable":true,"href":"https:\/\/www.budream.com\/fr\/wp-json\/wp\/v2\/media\/148976"}],"wp:attachment":[{"href":"https:\/\/www.budream.com\/fr\/wp-json\/wp\/v2\/media?parent=148987"}],"wp:term":[{"taxonomy":"product_brand","embeddable":true,"href":"https:\/\/www.budream.com\/fr\/wp-json\/wp\/v2\/product_brand?post=148987"},{"taxonomy":"product_cat","embeddable":true,"href":"https:\/\/www.budream.com\/fr\/wp-json\/wp\/v2\/product_cat?post=148987"},{"taxonomy":"product_tag","embeddable":true,"href":"https:\/\/www.budream.com\/fr\/wp-json\/wp\/v2\/product_tag?post=148987"}],"curies":[{"name":"wp","href":"https:\/\/api.w.org\/{rel}","templated":true}]}}