{"id":150627,"date":"2025-07-31T10:56:45","date_gmt":"2025-07-31T08:56:45","guid":{"rendered":"https:\/\/www.budream.com\/shop\/variete-de-graines-de-chanvre-cs-ce\/"},"modified":"2026-03-24T19:55:00","modified_gmt":"2026-03-24T17:55:00","slug":"variete-de-graines-de-chanvre-cs-ce","status":"publish","type":"product","link":"https:\/\/www.budream.com\/fr\/shop\/variete-de-graines-de-chanvre-cs-ce\/","title":{"rendered":"VARI\u00c9T\u00c9 DE GRAINES DE CHANVRE CS CE"},"content":{"rendered":"<p>Graines de chanvre (Cannabis sativa L.) certifi\u00e9es CE de la vari\u00e9t\u00e9 CS.<br \/><strong><br \/>G\u00e9notype :<\/strong> CS<br \/><strong>Pays de production :<\/strong> Italie<br \/><strong>Poids :<\/strong> 0,250 Kg<\/p>\n<p><\/p>\n<p>La vari\u00e9t\u00e9 Carmagnola Selected a \u00e9t\u00e9 d\u00e9velopp\u00e9e pour augmenter le pourcentage de fibres longues contenues dans la tige de la vari\u00e9t\u00e9 Carmagnola, afin de promouvoir l&rsquo;industrie italienne du chanvre textile dans le cadre d&rsquo;un projet r\u00e9alis\u00e9 en 2001. Cette vari\u00e9t\u00e9 est donc identique \u00e0 la vari\u00e9t\u00e9 \u00ab\u00a0m\u00e8re\u00a0\u00bb Carmagnola en termes de vigueur, de cycle de culture et de structure.<\/p>\n<p>Voici une liste des principales caract\u00e9ristiques :<\/p>\n<p><strong>G\u00e9notype<\/strong>: Dioica<\/p>\n<p><strong>Adaptabilit\u00e9 climatique<\/strong>: Europe septentrionale, centrale et m\u00e9ridionale, Am\u00e9rique du Nord, centrale et du Sud.<\/p>\n<p><strong>Cycle v\u00e9g\u00e9tatif<\/strong>: 160\/180 jours<\/p>\n<p><strong>Hauteur<\/strong>: 2,5 &#8211; 6,5 m\u00e8tres<\/p>\n<p><strong>Pleine floraison<\/strong>: ao\u00fbt<\/p>\n<p><strong>Rendement moyen en graines Kg\/ha<\/strong>: 400 &#8211; 600<\/p>\n<p><strong>Rendement moyen en balles T\/ha<\/strong>: 10 &#8211; 15<\/p>\n<p><strong>Rendement moyen en inflorescences** (biomasse s\u00e8che)<\/strong> <strong>Kg\/ha<\/strong>: 600 &#8211; 1000<\/p>\n<p><strong>THC<\/strong>: &lt; 0,2 %.<\/p>\n<p><strong>CBD*<\/strong>: 3-10 %.<\/p>\n","protected":false},"excerpt":{"rendered":"<p>Graines de chanvre (Cannabis sativa L.) certifi\u00e9es CE de la vari\u00e9t\u00e9 CS.G\u00e9notype : CSPays de production : ItaliePoids : 0,250<\/p>\n","protected":false},"featured_media":150622,"comment_status":"open","ping_status":"closed","template":"","meta":[],"product_brand":[],"product_cat":[7951],"product_tag":[],"class_list":{"0":"post-150627","1":"product","2":"type-product","3":"status-publish","4":"has-post-thumbnail","6":"product_cat-magasin-de-graines","8":"first","9":"instock","10":"sale","11":"taxable","12":"shipping-taxable","13":"purchasable","14":"product-type-variable"},"_links":{"self":[{"href":"https:\/\/www.budream.com\/fr\/wp-json\/wp\/v2\/product\/150627","targetHints":{"allow":["GET"]}}],"collection":[{"href":"https:\/\/www.budream.com\/fr\/wp-json\/wp\/v2\/product"}],"about":[{"href":"https:\/\/www.budream.com\/fr\/wp-json\/wp\/v2\/types\/product"}],"replies":[{"embeddable":true,"href":"https:\/\/www.budream.com\/fr\/wp-json\/wp\/v2\/comments?post=150627"}],"version-history":[{"count":0,"href":"https:\/\/www.budream.com\/fr\/wp-json\/wp\/v2\/product\/150627\/revisions"}],"wp:featuredmedia":[{"embeddable":true,"href":"https:\/\/www.budream.com\/fr\/wp-json\/wp\/v2\/media\/150622"}],"wp:attachment":[{"href":"https:\/\/www.budream.com\/fr\/wp-json\/wp\/v2\/media?parent=150627"}],"wp:term":[{"taxonomy":"product_brand","embeddable":true,"href":"https:\/\/www.budream.com\/fr\/wp-json\/wp\/v2\/product_brand?post=150627"},{"taxonomy":"product_cat","embeddable":true,"href":"https:\/\/www.budream.com\/fr\/wp-json\/wp\/v2\/product_cat?post=150627"},{"taxonomy":"product_tag","embeddable":true,"href":"https:\/\/www.budream.com\/fr\/wp-json\/wp\/v2\/product_tag?post=150627"}],"curies":[{"name":"wp","href":"https:\/\/api.w.org\/{rel}","templated":true}]}}