{"id":150657,"date":"2025-07-31T10:58:13","date_gmt":"2025-07-31T08:58:13","guid":{"rendered":"https:\/\/www.budream.com\/shop\/variete-de-graines-de-chanvre-carmagnola-ce\/"},"modified":"2026-03-24T20:35:18","modified_gmt":"2026-03-24T18:35:18","slug":"variete-de-graines-de-chanvre-carmagnola-ce","status":"publish","type":"product","link":"https:\/\/www.budream.com\/fr\/shop\/variete-de-graines-de-chanvre-carmagnola-ce\/","title":{"rendered":"VARI\u00c9T\u00c9 DE GRAINES DE CHANVRE CARMAGNOLA CE"},"content":{"rendered":"<p>La \u00ab\u00a0Carmagnola\u00a0\u00bb est une vari\u00e9t\u00e9 italienne historique, cultiv\u00e9e depuis des si\u00e8cles dans toute l&rsquo;Italie.<br \/>Il s&rsquo;agit d&rsquo;une souche g\u00e9n\u00e9tique d\u00e9velopp\u00e9e pour produire des fibres, mais qui est aujourd&rsquo;hui choisie pour la production d&rsquo;inflorescences et de biomasse pour l&rsquo;extraction (CBD). Elle produit \u00e9galement des quantit\u00e9s satisfaisantes de graines.<\/p>\n<p>Voici une liste des principales caract\u00e9ristiques :<\/p>\n<p>Graines de chanvre (Cannabis sativa L.) certifi\u00e9es CE de la vari\u00e9t\u00e9 Carmagnola.<br \/><strong>G\u00e9notype :<\/strong> Carmagnola<br \/><strong>Pays de production :<\/strong> Italie<\/p>\n<p><\/p>\n<h2>PRINCIPALES CARACT\u00c9RISTIQUES DU CHANVRE SATIVA CARMAGNOLA<\/h2>\n<ul>\n<li>G\u00e9notype : Dioica<\/li>\n<li>Climat : Europe du Nord, du Centre, du Sud<\/li>\n<li>Cycle v\u00e9g\u00e9tatif : 160\/180 jours<\/li>\n<li>D\u00e9but de la floraison : Ao\u00fbt<\/li>\n<li>Hauteur possible : 2,5 &#8211; 6,5 m\u00e8tres<\/li>\n<li>THC : &lt; 0,2%.<\/li>\n<li>CBD : jusqu&rsquo;\u00e0 12%.<\/li>\n<li>Indica \/ Sativa 80% Sativa &#8211; 20% Indica<\/li>\n<li>G\u00e9n\u00e9tique Carmagnola<\/li>\n<li>P\u00e9riode de r\u00e9colte Octobre<\/li>\n<li>P\u00e9riode de floraison 75 jours<\/li>\n<\/ul>\n","protected":false},"excerpt":{"rendered":"<p>La \u00ab\u00a0Carmagnola\u00a0\u00bb est une vari\u00e9t\u00e9 italienne historique, cultiv\u00e9e depuis des si\u00e8cles dans toute l&rsquo;Italie.Il s&rsquo;agit d&rsquo;une souche g\u00e9n\u00e9tique d\u00e9velopp\u00e9e pour<\/p>\n","protected":false},"featured_media":150652,"comment_status":"open","ping_status":"closed","template":"","meta":[],"product_brand":[],"product_cat":[7951],"product_tag":[],"class_list":{"0":"post-150657","1":"product","2":"type-product","3":"status-publish","4":"has-post-thumbnail","6":"product_cat-magasin-de-graines","8":"first","9":"instock","10":"sale","11":"taxable","12":"shipping-taxable","13":"purchasable","14":"product-type-variable"},"_links":{"self":[{"href":"https:\/\/www.budream.com\/fr\/wp-json\/wp\/v2\/product\/150657","targetHints":{"allow":["GET"]}}],"collection":[{"href":"https:\/\/www.budream.com\/fr\/wp-json\/wp\/v2\/product"}],"about":[{"href":"https:\/\/www.budream.com\/fr\/wp-json\/wp\/v2\/types\/product"}],"replies":[{"embeddable":true,"href":"https:\/\/www.budream.com\/fr\/wp-json\/wp\/v2\/comments?post=150657"}],"version-history":[{"count":0,"href":"https:\/\/www.budream.com\/fr\/wp-json\/wp\/v2\/product\/150657\/revisions"}],"wp:featuredmedia":[{"embeddable":true,"href":"https:\/\/www.budream.com\/fr\/wp-json\/wp\/v2\/media\/150652"}],"wp:attachment":[{"href":"https:\/\/www.budream.com\/fr\/wp-json\/wp\/v2\/media?parent=150657"}],"wp:term":[{"taxonomy":"product_brand","embeddable":true,"href":"https:\/\/www.budream.com\/fr\/wp-json\/wp\/v2\/product_brand?post=150657"},{"taxonomy":"product_cat","embeddable":true,"href":"https:\/\/www.budream.com\/fr\/wp-json\/wp\/v2\/product_cat?post=150657"},{"taxonomy":"product_tag","embeddable":true,"href":"https:\/\/www.budream.com\/fr\/wp-json\/wp\/v2\/product_tag?post=150657"}],"curies":[{"name":"wp","href":"https:\/\/api.w.org\/{rel}","templated":true}]}}