{"id":150734,"date":"2025-07-31T11:01:27","date_gmt":"2025-07-31T09:01:27","guid":{"rendered":"https:\/\/www.budream.com\/shop\/la-ferme-de-barney-moby-dick-fem\/"},"modified":"2026-03-25T15:46:36","modified_gmt":"2026-03-25T13:46:36","slug":"la-ferme-de-barney-moby-dick-fem","status":"publish","type":"product","link":"https:\/\/www.budream.com\/fr\/shop\/la-ferme-de-barney-moby-dick-fem\/","title":{"rendered":"LA FERME DE BARNEY &#8211; MOBY DICK FEM"},"content":{"rendered":"<div style=\"text-align: justify\">Cette plante peu connue s&rsquo;est av\u00e9r\u00e9e tr\u00e8s populaire aupr\u00e8s des cultivateurs d\u00e9butants et exp\u00e9riment\u00e9s, gr\u00e2ce \u00e0 ses rendements \u00e9tonnamment constants. Pr\u00e9parez-vous \u00e0 rencontrer le poids lourd de la vari\u00e9t\u00e9 &#8211; Moby Dick.<\/div>\n<p><\/p>\n<h2><strong>Caract\u00e9ristiques Moby Dick Fem :<br \/><\/strong><\/h2>\n<ul style=\"list-style-type: disc\">\n<li><strong>Genre :<\/strong> F\u00e9minis\u00e9e<\/li>\n<li><strong>G\u00e9notype :<\/strong> 25% Indica 75% Sativa<\/li>\n<li><strong>G\u00e9n\u00e9tique :<\/strong> G13 Haze x White Widow<\/li>\n<li>Jours<strong>:<\/strong> 63 &#8211; 70 jours<\/li>\n<\/ul>\n<p><\/p>\n<div style=\"text-align: justify\"><span style=\"font-size: 11pt\"><em><strong>ATTENTION :<\/strong> Les graines de chanvre sont exclues de la notion l\u00e9gale de Cannabis, ce qui signifie qu&rsquo;elles ne doivent pas \u00eatre consid\u00e9r\u00e9es comme une substance stup\u00e9fiante (L. 412 de 1974, art. 1, alin\u00e9a 1, lettre B ; Convention unique sur les stup\u00e9fiants de New York de 1961 et tableau II du d\u00e9cret minist\u00e9riel 27\/7\/1992). En Italie, la culture du chanvre est interdite (articles 28 et 73 du d\u00e9cret pr\u00e9sidentiel 309\/90), sauf autorisation sp\u00e9ciale (article 17 du d\u00e9cret pr\u00e9sidentiel 309\/90). En l&rsquo;absence d&rsquo;autorisation, les semences ne peuvent \u00eatre utilis\u00e9es qu&rsquo;\u00e0 d&rsquo;autres fins (zootechniques, de collection, etc.). Les semences sont vendues sous r\u00e9serve qu&rsquo;elles ne soient pas utilis\u00e9es par des tiers en contradiction avec la loi.<\/em><\/span><\/div>\n","protected":false},"excerpt":{"rendered":"<p>Cette plante peu connue s&rsquo;est av\u00e9r\u00e9e tr\u00e8s populaire aupr\u00e8s des cultivateurs d\u00e9butants et exp\u00e9riment\u00e9s, gr\u00e2ce \u00e0 ses rendements \u00e9tonnamment constants.<\/p>\n","protected":false},"featured_media":150724,"comment_status":"open","ping_status":"closed","template":"","meta":[],"product_brand":[],"product_cat":[7951],"product_tag":[],"class_list":{"0":"post-150734","1":"product","2":"type-product","3":"status-publish","4":"has-post-thumbnail","6":"product_cat-magasin-de-graines","8":"first","9":"instock","10":"taxable","11":"shipping-taxable","12":"purchasable","13":"product-type-variable"},"aioseo_notices":[],"_links":{"self":[{"href":"https:\/\/www.budream.com\/fr\/wp-json\/wp\/v2\/product\/150734","targetHints":{"allow":["GET"]}}],"collection":[{"href":"https:\/\/www.budream.com\/fr\/wp-json\/wp\/v2\/product"}],"about":[{"href":"https:\/\/www.budream.com\/fr\/wp-json\/wp\/v2\/types\/product"}],"replies":[{"embeddable":true,"href":"https:\/\/www.budream.com\/fr\/wp-json\/wp\/v2\/comments?post=150734"}],"version-history":[{"count":0,"href":"https:\/\/www.budream.com\/fr\/wp-json\/wp\/v2\/product\/150734\/revisions"}],"wp:featuredmedia":[{"embeddable":true,"href":"https:\/\/www.budream.com\/fr\/wp-json\/wp\/v2\/media\/150724"}],"wp:attachment":[{"href":"https:\/\/www.budream.com\/fr\/wp-json\/wp\/v2\/media?parent=150734"}],"wp:term":[{"taxonomy":"product_brand","embeddable":true,"href":"https:\/\/www.budream.com\/fr\/wp-json\/wp\/v2\/product_brand?post=150734"},{"taxonomy":"product_cat","embeddable":true,"href":"https:\/\/www.budream.com\/fr\/wp-json\/wp\/v2\/product_cat?post=150734"},{"taxonomy":"product_tag","embeddable":true,"href":"https:\/\/www.budream.com\/fr\/wp-json\/wp\/v2\/product_tag?post=150734"}],"curies":[{"name":"wp","href":"https:\/\/api.w.org\/{rel}","templated":true}]}}