{"id":150960,"date":"2025-07-31T11:10:18","date_gmt":"2025-07-31T09:10:18","guid":{"rendered":"https:\/\/www.budream.com\/shop\/dutch-passion-amsterdam-amnesia-fem\/"},"modified":"2026-03-23T15:25:10","modified_gmt":"2026-03-23T13:25:10","slug":"dutch-passion-amsterdam-amnesia-fem","status":"publish","type":"product","link":"https:\/\/www.budream.com\/fr\/shop\/dutch-passion-amsterdam-amnesia-fem\/","title":{"rendered":"DUTCH PASSION &#8211; AMSTERDAM AMNESIA FEM"},"content":{"rendered":"<div style=\"text-align: justify\">L&rsquo;Amnesia Haze originale et la meilleure au monde est bien s\u00fbr un produit d&rsquo;Amsterdam, il ne pouvait en \u00eatre autrement !<\/div>\n<div style=\"text-align: justify\">En quelques ann\u00e9es, cette vari\u00e9t\u00e9 hollandaise \u00e0 dominante sativa a conquis le monde.<\/div>\n<div style=\"text-align: justify\">La collection de graines f\u00e9minis\u00e9es de Dutch Passion ne serait pas compl\u00e8te sans le classique intemporel Amsterdam Amnesia Haze.<\/div>\n<p><\/p>\n<h2><strong>Caract\u00e9ristiques Amsterdam Amnesia Fem :<\/strong><\/h2>\n<ul style=\"list-style-type: disc\">\n<li><strong>Genre :<\/strong> F\u00e9minis\u00e9e<\/li>\n<li><strong>G\u00e9notype :<\/strong> Hybride \u00e0 dominance sativa<\/li>\n<li><strong>G\u00e9n\u00e9tique :<\/strong> Amsterdam Amnesia Haze<\/li>\n<li><strong>Jours :<\/strong> 63 &#8211; 70 jours<\/li>\n<\/ul>\n<p><\/p>\n<div style=\"text-align: justify\"><span style=\"font-size: 11pt\"><em><strong>ATTENTION :<\/strong> Les graines de chanvre sont exclues de la notion l\u00e9gale de Cannabis, ce qui signifie qu&rsquo;elles ne doivent pas \u00eatre consid\u00e9r\u00e9es comme une substance stup\u00e9fiante (L. 412 de 1974, Art. 1, paragraphe 1, lettre B ; Convention Unique sur les Stup\u00e9fiants de New York de 1961 et tableau II du D\u00e9cret Minist\u00e9riel 27\/7\/1992). En Italie, la culture du chanvre est interdite (articles 28 et 73 du d\u00e9cret pr\u00e9sidentiel 309\/90), sauf autorisation sp\u00e9ciale (article 17 du d\u00e9cret pr\u00e9sidentiel 309\/90). En l&rsquo;absence d&rsquo;autorisation, les semences ne peuvent \u00eatre utilis\u00e9es qu&rsquo;\u00e0 d&rsquo;autres fins (zootechniques, de collection, etc.). Les semences sont vendues sous r\u00e9serve qu&rsquo;elles ne soient pas utilis\u00e9es par des tiers en contradiction avec la loi.<\/em><\/span><\/div>\n","protected":false},"excerpt":{"rendered":"<p>L&rsquo;Amnesia Haze originale et la meilleure au monde est bien s\u00fbr un produit d&rsquo;Amsterdam, il ne pouvait en \u00eatre autrement<\/p>\n","protected":false},"featured_media":150950,"comment_status":"open","ping_status":"closed","template":"","meta":[],"product_brand":[],"product_cat":[7951],"product_tag":[],"class_list":{"0":"post-150960","1":"product","2":"type-product","3":"status-publish","4":"has-post-thumbnail","6":"product_cat-magasin-de-graines","8":"first","9":"instock","10":"taxable","11":"shipping-taxable","12":"purchasable","13":"product-type-variable"},"aioseo_notices":[],"_links":{"self":[{"href":"https:\/\/www.budream.com\/fr\/wp-json\/wp\/v2\/product\/150960","targetHints":{"allow":["GET"]}}],"collection":[{"href":"https:\/\/www.budream.com\/fr\/wp-json\/wp\/v2\/product"}],"about":[{"href":"https:\/\/www.budream.com\/fr\/wp-json\/wp\/v2\/types\/product"}],"replies":[{"embeddable":true,"href":"https:\/\/www.budream.com\/fr\/wp-json\/wp\/v2\/comments?post=150960"}],"version-history":[{"count":0,"href":"https:\/\/www.budream.com\/fr\/wp-json\/wp\/v2\/product\/150960\/revisions"}],"wp:featuredmedia":[{"embeddable":true,"href":"https:\/\/www.budream.com\/fr\/wp-json\/wp\/v2\/media\/150950"}],"wp:attachment":[{"href":"https:\/\/www.budream.com\/fr\/wp-json\/wp\/v2\/media?parent=150960"}],"wp:term":[{"taxonomy":"product_brand","embeddable":true,"href":"https:\/\/www.budream.com\/fr\/wp-json\/wp\/v2\/product_brand?post=150960"},{"taxonomy":"product_cat","embeddable":true,"href":"https:\/\/www.budream.com\/fr\/wp-json\/wp\/v2\/product_cat?post=150960"},{"taxonomy":"product_tag","embeddable":true,"href":"https:\/\/www.budream.com\/fr\/wp-json\/wp\/v2\/product_tag?post=150960"}],"curies":[{"name":"wp","href":"https:\/\/api.w.org\/{rel}","templated":true}]}}