{"id":151391,"date":"2025-07-31T11:21:14","date_gmt":"2025-07-31T09:21:14","guid":{"rendered":"https:\/\/www.budream.com\/shop\/dutch-passion-auto-skywalker-haze-fem\/"},"modified":"2026-03-27T11:09:18","modified_gmt":"2026-03-27T09:09:18","slug":"dutch-passion-auto-skywalker-haze-fem","status":"publish","type":"product","link":"https:\/\/www.budream.com\/fr\/shop\/dutch-passion-auto-skywalker-haze-fem\/","title":{"rendered":"DUTCH PASSION &#8211; AUTO SKYWALKER HAZE FEM"},"content":{"rendered":"<div style=\"text-align: justify\">En croisant la Skywalker Haze avec l&rsquo;Auto Amsterdam Amnesia, notre \u00e9quipe a cr\u00e9\u00e9 l&rsquo;une des vari\u00e9t\u00e9s de Haze \u00e0 autofloraison les plus dominantes en sativa. Nous pensons que ce croisement montre l&rsquo;extraordinaire potentiel entre la nouvelle et la vieille \u00e9cole et nous sommes tr\u00e8s satisfaits du r\u00e9sultat.<\/div>\n<p><\/p>\n<h2><strong>Caract\u00e9ristiques Auto Skywalker Haze Fem :<\/strong><\/h2>\n<ul style=\"list-style-type: disc\">\n<li><strong>Genre :<\/strong> Autofloraison F\u00e9minis\u00e9e<\/li>\n<li><strong>G\u00e9notype :<\/strong> Hybride principalement Sativa<\/li>\n<li><strong>G\u00e9n\u00e9tique :<\/strong> Skywalker Haze x Auto Amsterdam Amnesia<\/li>\n<li>Jours<strong>:<\/strong> 84 jours<\/li>\n<\/ul>\n<div style=\"text-align: justify\"><span style=\"font-size: 11pt\"><em><strong>ATTENTION :<\/strong> Les graines de chanvre sont exclues de la notion l\u00e9gale de Cannabis, ce qui signifie qu&rsquo;elles ne doivent pas \u00eatre consid\u00e9r\u00e9es comme une substance stup\u00e9fiante (L. 412 de 1974, art. 1, alin\u00e9a 1, lettre B ; Convention unique sur les stup\u00e9fiants de New York de 1961 et tableau II du d\u00e9cret minist\u00e9riel 27\/7\/1992). En Italie, la culture du chanvre est interdite (articles 28 et 73 du d\u00e9cret pr\u00e9sidentiel 309\/90), sauf autorisation sp\u00e9ciale (article 17 du d\u00e9cret pr\u00e9sidentiel 309\/90). En l&rsquo;absence d&rsquo;autorisation, les semences ne peuvent \u00eatre utilis\u00e9es qu&rsquo;\u00e0 d&rsquo;autres fins (zootechniques, de collection, etc.). Les semences sont vendues sous r\u00e9serve qu&rsquo;elles ne soient pas utilis\u00e9es par des tiers en contradiction avec la loi.<\/em><\/span><\/div>\n","protected":false},"excerpt":{"rendered":"<p>En croisant la Skywalker Haze avec l&rsquo;Auto Amsterdam Amnesia, notre \u00e9quipe a cr\u00e9\u00e9 l&rsquo;une des vari\u00e9t\u00e9s de Haze \u00e0 autofloraison<\/p>\n","protected":false},"featured_media":151375,"comment_status":"open","ping_status":"closed","template":"","meta":[],"product_brand":[],"product_cat":[7951],"product_tag":[],"class_list":{"0":"post-151391","1":"product","2":"type-product","3":"status-publish","4":"has-post-thumbnail","6":"product_cat-magasin-de-graines","8":"first","9":"instock","10":"taxable","11":"shipping-taxable","12":"purchasable","13":"product-type-variable"},"aioseo_notices":[],"_links":{"self":[{"href":"https:\/\/www.budream.com\/fr\/wp-json\/wp\/v2\/product\/151391","targetHints":{"allow":["GET"]}}],"collection":[{"href":"https:\/\/www.budream.com\/fr\/wp-json\/wp\/v2\/product"}],"about":[{"href":"https:\/\/www.budream.com\/fr\/wp-json\/wp\/v2\/types\/product"}],"replies":[{"embeddable":true,"href":"https:\/\/www.budream.com\/fr\/wp-json\/wp\/v2\/comments?post=151391"}],"version-history":[{"count":0,"href":"https:\/\/www.budream.com\/fr\/wp-json\/wp\/v2\/product\/151391\/revisions"}],"wp:featuredmedia":[{"embeddable":true,"href":"https:\/\/www.budream.com\/fr\/wp-json\/wp\/v2\/media\/151375"}],"wp:attachment":[{"href":"https:\/\/www.budream.com\/fr\/wp-json\/wp\/v2\/media?parent=151391"}],"wp:term":[{"taxonomy":"product_brand","embeddable":true,"href":"https:\/\/www.budream.com\/fr\/wp-json\/wp\/v2\/product_brand?post=151391"},{"taxonomy":"product_cat","embeddable":true,"href":"https:\/\/www.budream.com\/fr\/wp-json\/wp\/v2\/product_cat?post=151391"},{"taxonomy":"product_tag","embeddable":true,"href":"https:\/\/www.budream.com\/fr\/wp-json\/wp\/v2\/product_tag?post=151391"}],"curies":[{"name":"wp","href":"https:\/\/api.w.org\/{rel}","templated":true}]}}