{"id":151875,"date":"2025-07-31T11:41:47","date_gmt":"2025-07-31T09:41:47","guid":{"rendered":"https:\/\/www.budream.com\/shop\/seedsalad-banana-ice-cream-xxl-fem-usa-strain\/"},"modified":"2026-03-26T14:24:49","modified_gmt":"2026-03-26T12:24:49","slug":"seedsalad-banana-ice-cream-xxl-fem-usa-strain","status":"publish","type":"product","link":"https:\/\/www.budream.com\/fr\/shop\/seedsalad-banana-ice-cream-xxl-fem-usa-strain\/","title":{"rendered":"SEEDSALAD &#8211; BANANA ICE CREAM XXL FEM (USA STRAIN)"},"content":{"rendered":"<p><span style=\"font-family: verdana, geneva, sans-serif;font-size: 11pt\"><span style=\"color: #000000\"><span style=\"font-family: Arial, sans-serif\">Croisement de derni\u00e8re g\u00e9n\u00e9ration obtenu \u00e0 partir de Banana Kush x Gelato x Gorilla. Tous les g\u00e8nes de d\u00e9part proviennent de Californie et le r\u00e9sultat est une plante extraordinairement compacte mais \u00e0 dominante sativa.<\/span><\/span><\/span><\/p>\n<p><span style=\"font-family: verdana, geneva, sans-serif;font-size: 11pt\"><span style=\"color: #000000\"><span style=\"font-family: Arial, sans-serif\">Une excellente production et une odeur incroyable caract\u00e9risent cette Banana Gelato XXL, qui est relativement rapide pour une dominante sativa.<\/span><\/span><\/span><\/p>\n<h2><strong>Caract\u00e9ristiques Banana Gelato XXL Fem :<\/strong><\/h2>\n<ul style=\"list-style-type: disc\">\n<li><strong>Genre :<\/strong> F\u00e9minis\u00e9e<\/li>\n<li><strong>G\u00e9notype<\/strong>: 60% Sativa 40% Indica<\/li>\n<li><strong>G\u00e9n\u00e9tique :<\/strong> Banana x Gelato33 x Gorilla #4<\/li>\n<li><strong>Pipette scell\u00e9e dans un sachet durable et r\u00e9sistant aux UV<\/strong><\/li>\n<\/ul>\n<p><span style=\"color: #000000\"><span style=\"font-family: Arial, sans-serif\"><span style=\"font-size: small\"><\/p>\n<p><span style=\"font-size: 11pt\"><em><strong>ATTENTION :<\/strong> Les graines de chanvre sont exclues de la notion l\u00e9gale de Cannabis, ce qui signifie qu&rsquo;elles ne doivent pas \u00eatre consid\u00e9r\u00e9es comme une substance narcotique (Loi 412 de 1974, art. 1, paragraphe 1, lettre B ; Convention Unique sur les Stup\u00e9fiants de New York de 1961 et tableau II du D\u00e9cret Minist\u00e9riel 27\/7\/1992). En Italie, la culture du chanvre est interdite (articles 28 et 73 du d\u00e9cret pr\u00e9sidentiel 309\/90), sauf autorisation sp\u00e9ciale (article 17 du d\u00e9cret pr\u00e9sidentiel 309\/90). En l&rsquo;absence d&rsquo;autorisation, les semences ne peuvent \u00eatre utilis\u00e9es qu&rsquo;\u00e0 d&rsquo;autres fins (zootechniques, de collection, etc.). Les semences sont vendues sous r\u00e9serve qu&rsquo;elles ne soient pas utilis\u00e9es par des tiers en contradiction avec la loi.<\/em><\/span><br \/><\/span><\/span><\/span><\/p>\n","protected":false},"excerpt":{"rendered":"<p>Croisement de derni\u00e8re g\u00e9n\u00e9ration obtenu \u00e0 partir de Banana Kush x Gelato x Gorilla. Tous les g\u00e8nes de d\u00e9part proviennent<\/p>\n","protected":false},"featured_media":202254,"comment_status":"open","ping_status":"closed","template":"","meta":[],"product_brand":[],"product_cat":[7951],"product_tag":[],"class_list":{"0":"post-151875","1":"product","2":"type-product","3":"status-publish","4":"has-post-thumbnail","6":"product_cat-magasin-de-graines","8":"first","9":"instock","10":"sale","11":"taxable","12":"shipping-taxable","13":"purchasable","14":"product-type-variable"},"_links":{"self":[{"href":"https:\/\/www.budream.com\/fr\/wp-json\/wp\/v2\/product\/151875","targetHints":{"allow":["GET"]}}],"collection":[{"href":"https:\/\/www.budream.com\/fr\/wp-json\/wp\/v2\/product"}],"about":[{"href":"https:\/\/www.budream.com\/fr\/wp-json\/wp\/v2\/types\/product"}],"replies":[{"embeddable":true,"href":"https:\/\/www.budream.com\/fr\/wp-json\/wp\/v2\/comments?post=151875"}],"version-history":[{"count":0,"href":"https:\/\/www.budream.com\/fr\/wp-json\/wp\/v2\/product\/151875\/revisions"}],"wp:featuredmedia":[{"embeddable":true,"href":"https:\/\/www.budream.com\/fr\/wp-json\/wp\/v2\/media\/202254"}],"wp:attachment":[{"href":"https:\/\/www.budream.com\/fr\/wp-json\/wp\/v2\/media?parent=151875"}],"wp:term":[{"taxonomy":"product_brand","embeddable":true,"href":"https:\/\/www.budream.com\/fr\/wp-json\/wp\/v2\/product_brand?post=151875"},{"taxonomy":"product_cat","embeddable":true,"href":"https:\/\/www.budream.com\/fr\/wp-json\/wp\/v2\/product_cat?post=151875"},{"taxonomy":"product_tag","embeddable":true,"href":"https:\/\/www.budream.com\/fr\/wp-json\/wp\/v2\/product_tag?post=151875"}],"curies":[{"name":"wp","href":"https:\/\/api.w.org\/{rel}","templated":true}]}}