{"id":152365,"date":"2025-07-31T11:51:45","date_gmt":"2025-07-31T09:51:45","guid":{"rendered":"https:\/\/www.budream.com\/shop\/seedsalad-auto-cheese-xxl-fem\/"},"modified":"2026-03-10T11:55:32","modified_gmt":"2026-03-10T09:55:32","slug":"seedsalad-auto-cheese-xxl-fem","status":"publish","type":"product","link":"https:\/\/www.budream.com\/fr\/shop\/seedsalad-auto-cheese-xxl-fem\/","title":{"rendered":"SEEDSALAD &#8211; AUTO CHEESE XXL FEM"},"content":{"rendered":"<p>Ar\u00f4me \u00e9tonnant pour cette vari\u00e9t\u00e9 \u00e0 floraison automatique rapide. Juste ce qu&rsquo;il faut d&rsquo;\u00e9pices et particuli\u00e8rement adapt\u00e9e aux d\u00e9butants, elle se caract\u00e9rise par un ar\u00f4me intense qui lib\u00e8re un go\u00fbt doux et agr\u00e9able.<\/p>\n<h2><strong>Caract\u00e9ristiques Auto Cheese XXL Fem :<\/strong><\/h2>\n<ul style=\"list-style-type: disc\">\n<li><strong>Genre :<\/strong> Autofloraison F\u00e9minis\u00e9e<\/li>\n<li><strong>G\u00e9n\u00e9tique :<\/strong> Indica \/ Ruderalis<\/li>\n<li><strong>P\u00e9riode de floraison :<\/strong> 60 jours<\/li>\n<li><strong>Pipette scell\u00e9e dans un sachet r\u00e9sistant aux UV<\/strong><\/li>\n<\/ul>\n<p><span style=\"color: #000000\"><span style=\"font-family: Arial, sans-serif\"><span style=\"font-size: small\"><\/p>\n<p><span style=\"font-size: 11pt\"><em><strong>ATTENTION :<\/strong> Les graines de chanvre sont exclues de la notion l\u00e9gale de Cannabis, ce qui signifie qu&rsquo;elles ne doivent pas \u00eatre consid\u00e9r\u00e9es comme une substance stup\u00e9fiante (L. 412 de 1974, art. 1, alin\u00e9a 1, lettre B ; Convention unique sur les stup\u00e9fiants de New York de 1961 et tableau II du d\u00e9cret minist\u00e9riel 27\/7\/1992). En Italie, la culture du chanvre est interdite (articles 28 et 73 du d\u00e9cret pr\u00e9sidentiel 309\/90), sauf autorisation sp\u00e9ciale (article 17 du d\u00e9cret pr\u00e9sidentiel 309\/90). En l&rsquo;absence d&rsquo;autorisation, les semences ne peuvent \u00eatre utilis\u00e9es qu&rsquo;\u00e0 d&rsquo;autres fins (zootechniques, de collection, etc.). Les semences sont vendues sous r\u00e9serve qu&rsquo;elles ne soient pas utilis\u00e9es par des tiers en contradiction avec la loi.<\/em><\/span><\/span><\/span><\/span><\/p>\n","protected":false},"excerpt":{"rendered":"<p>Ar\u00f4me \u00e9tonnant pour cette vari\u00e9t\u00e9 \u00e0 floraison automatique rapide. Juste ce qu&rsquo;il faut d&rsquo;\u00e9pices et particuli\u00e8rement adapt\u00e9e aux d\u00e9butants, elle<\/p>\n","protected":false},"featured_media":197548,"comment_status":"open","ping_status":"closed","template":"","meta":[],"product_brand":[],"product_cat":[7951],"product_tag":[],"class_list":{"0":"post-152365","1":"product","2":"type-product","3":"status-publish","4":"has-post-thumbnail","6":"product_cat-magasin-de-graines","8":"first","9":"instock","10":"sale","11":"taxable","12":"shipping-taxable","13":"purchasable","14":"product-type-variable"},"aioseo_notices":[],"_links":{"self":[{"href":"https:\/\/www.budream.com\/fr\/wp-json\/wp\/v2\/product\/152365","targetHints":{"allow":["GET"]}}],"collection":[{"href":"https:\/\/www.budream.com\/fr\/wp-json\/wp\/v2\/product"}],"about":[{"href":"https:\/\/www.budream.com\/fr\/wp-json\/wp\/v2\/types\/product"}],"replies":[{"embeddable":true,"href":"https:\/\/www.budream.com\/fr\/wp-json\/wp\/v2\/comments?post=152365"}],"version-history":[{"count":0,"href":"https:\/\/www.budream.com\/fr\/wp-json\/wp\/v2\/product\/152365\/revisions"}],"wp:featuredmedia":[{"embeddable":true,"href":"https:\/\/www.budream.com\/fr\/wp-json\/wp\/v2\/media\/197548"}],"wp:attachment":[{"href":"https:\/\/www.budream.com\/fr\/wp-json\/wp\/v2\/media?parent=152365"}],"wp:term":[{"taxonomy":"product_brand","embeddable":true,"href":"https:\/\/www.budream.com\/fr\/wp-json\/wp\/v2\/product_brand?post=152365"},{"taxonomy":"product_cat","embeddable":true,"href":"https:\/\/www.budream.com\/fr\/wp-json\/wp\/v2\/product_cat?post=152365"},{"taxonomy":"product_tag","embeddable":true,"href":"https:\/\/www.budream.com\/fr\/wp-json\/wp\/v2\/product_tag?post=152365"}],"curies":[{"name":"wp","href":"https:\/\/api.w.org\/{rel}","templated":true}]}}