{"id":152491,"date":"2025-07-31T11:56:20","date_gmt":"2025-07-31T09:56:20","guid":{"rendered":"https:\/\/www.budream.com\/shop\/graines-douces-red-gorilla-girl-xl-auto-fem-sws89\/"},"modified":"2026-03-23T18:33:52","modified_gmt":"2026-03-23T16:33:52","slug":"graines-douces-red-gorilla-girl-xl-auto-fem-sws89","status":"publish","type":"product","link":"https:\/\/www.budream.com\/fr\/shop\/graines-douces-red-gorilla-girl-xl-auto-fem-sws89\/","title":{"rendered":"GRAINES DOUCES &#8211; RED GORILLA GIRL XL AUTO\u00ae FEM (SWS89)"},"content":{"rendered":"<div style=\"text-align: justify\">Une version autofloraison haute et \u00e0 fleurs rouges de notre vari\u00e9t\u00e9 populaire &lsquo;Super Strong&rsquo; Gorilla <sup> Girl&reg;<\/sup> (SWS74). R\u00e9sultat d&rsquo;un croisement entre notre Gorilla Girl XL <sup> Auto&reg;<\/sup> (SWS82) [Gorilla <sup> Girl&reg;<\/sup> x Sweet Gelato Auto<sup>&reg;]<\/sup> et notre vari\u00e9t\u00e9 autofloraison \u00e0 fleurs rouges, Bloody Skunk <sup> Auto&reg;<\/sup> (SWS44).<\/div>\n<p><\/p>\n<h2><strong>Caract\u00e9ristiques Red Gorilla Girl XL Auto Fem :<\/strong><\/h2>\n<ul style=\"list-style-type: disc\">\n<li><strong>Genre :<\/strong> XL Feminized Autoflowering<\/li>\n<li><strong>G\u00e9notype :<\/strong> Hybride : 52.3% \/ Sativa : 45.2% \/ Ruderalis : 2.5%<\/li>\n<li><strong>G\u00e9n\u00e9tique :<\/strong> Gorilla Girl XL <sup> Auto&reg;<\/sup> (SWS82) [Gorilla <sup> Girl&reg;<\/sup> x Sweet Gelato Auto<sup>&reg;]<\/sup> x Bloody Skunk <sup> Auto&reg;<\/sup> (SWS44)<\/li>\n<li><strong>Jours :<\/strong> 56 &#8211; 63 jours<\/li>\n<\/ul>\n<p><\/p>\n<div style=\"text-align: justify\"><span style=\"font-size: 11pt\"><em><strong>ATTENTION :<\/strong> Les graines de chanvre sont exclues de la notion l\u00e9gale de Cannabis, ce qui signifie qu&rsquo;elles ne doivent pas \u00eatre consid\u00e9r\u00e9es comme une substance stup\u00e9fiante (L. 412 de 1974, art. 1, virgule 1, lett. B ; Convention unique sur les stup\u00e9fiants de New York de 1961 et tableau II du d\u00e9cret minist\u00e9riel du 27\/7\/1992). En Italie, la culture du chanvre est interdite (articles 28 et 73 du d\u00e9cret pr\u00e9sidentiel 309\/90), sauf autorisation sp\u00e9ciale (article 17 du d\u00e9cret pr\u00e9sidentiel 309\/90). En l&rsquo;absence d&rsquo;autorisation, les semences ne peuvent \u00eatre utilis\u00e9es qu&rsquo;\u00e0 d&rsquo;autres fins (zootechniques, de collection, etc.). Les semences sont vendues sous r\u00e9serve qu&rsquo;elles ne soient pas utilis\u00e9es par des tiers en contradiction avec la loi.<\/em><\/span><\/div>\n","protected":false},"excerpt":{"rendered":"<p>Une version autofloraison haute et \u00e0 fleurs rouges de notre vari\u00e9t\u00e9 populaire &lsquo;Super Strong&rsquo; Gorilla Girl&reg; (SWS74). R\u00e9sultat d&rsquo;un croisement<\/p>\n","protected":false},"featured_media":152486,"comment_status":"open","ping_status":"closed","template":"","meta":[],"product_brand":[],"product_cat":[7951],"product_tag":[],"class_list":{"0":"post-152491","1":"product","2":"type-product","3":"status-publish","4":"has-post-thumbnail","6":"product_cat-magasin-de-graines","8":"first","9":"instock","10":"sale","11":"taxable","12":"shipping-taxable","13":"purchasable","14":"product-type-variable"},"aioseo_notices":[],"_links":{"self":[{"href":"https:\/\/www.budream.com\/fr\/wp-json\/wp\/v2\/product\/152491","targetHints":{"allow":["GET"]}}],"collection":[{"href":"https:\/\/www.budream.com\/fr\/wp-json\/wp\/v2\/product"}],"about":[{"href":"https:\/\/www.budream.com\/fr\/wp-json\/wp\/v2\/types\/product"}],"replies":[{"embeddable":true,"href":"https:\/\/www.budream.com\/fr\/wp-json\/wp\/v2\/comments?post=152491"}],"version-history":[{"count":0,"href":"https:\/\/www.budream.com\/fr\/wp-json\/wp\/v2\/product\/152491\/revisions"}],"wp:featuredmedia":[{"embeddable":true,"href":"https:\/\/www.budream.com\/fr\/wp-json\/wp\/v2\/media\/152486"}],"wp:attachment":[{"href":"https:\/\/www.budream.com\/fr\/wp-json\/wp\/v2\/media?parent=152491"}],"wp:term":[{"taxonomy":"product_brand","embeddable":true,"href":"https:\/\/www.budream.com\/fr\/wp-json\/wp\/v2\/product_brand?post=152491"},{"taxonomy":"product_cat","embeddable":true,"href":"https:\/\/www.budream.com\/fr\/wp-json\/wp\/v2\/product_cat?post=152491"},{"taxonomy":"product_tag","embeddable":true,"href":"https:\/\/www.budream.com\/fr\/wp-json\/wp\/v2\/product_tag?post=152491"}],"curies":[{"name":"wp","href":"https:\/\/api.w.org\/{rel}","templated":true}]}}