{"id":152521,"date":"2025-07-31T11:57:30","date_gmt":"2025-07-31T09:57:30","guid":{"rendered":"https:\/\/www.budream.com\/shop\/graines-douces-sweet-cherry-pie-fem-sws92\/"},"modified":"2026-03-19T16:39:36","modified_gmt":"2026-03-19T14:39:36","slug":"graines-douces-sweet-cherry-pie-fem-sws92","status":"publish","type":"product","link":"https:\/\/www.budream.com\/fr\/shop\/graines-douces-sweet-cherry-pie-fem-sws92\/","title":{"rendered":"GRAINES DOUCES &#8211; SWEET CHERRY PIE\u00ae FEM (SWS92)"},"content":{"rendered":"<div style=\"text-align: justify\">Vari\u00e9t\u00e9 hybride r\u00e9sultant du croisement de deux clones \u00e9lites s\u00e9lectionn\u00e9s, deux poids lourds de la s\u00e9lection am\u00e9ricaine : Cherry Pie (Grand Daddy Purple x Durban Poison) x Ice Cream (Sunset Sherbet x Thin Mint Cookies).<\/div>\n<p><\/p>\n<h2><strong>Caract\u00e9ristiques Sweet Cherry Pie Fem :<\/strong><\/h2>\n<ul style=\"list-style-type: disc\">\n<li><strong>Genre :<\/strong> F\u00e9minis\u00e9e<\/li>\n<li><strong>G\u00e9notype<\/strong>: Hybride : Indica : 75% \/ Sativa : 25%<\/li>\n<li><strong>G\u00e9n\u00e9tique :<\/strong> Cherry Pie (Grand Daddy Purple x Durban Poison) x Ice Cream (Sunset Sherbet x Thin Mint Cookies)<\/li>\n<li><strong>Jours :<\/strong> 56 &#8211; 63 jours<\/li>\n<\/ul>\n<p><\/p>\n<div style=\"text-align: justify\"><span style=\"font-size: 11pt\"><em><strong>ATTENTION :<\/strong> Les graines de chanvre sont exclues de la notion l\u00e9gale de Cannabis, ce qui signifie qu&rsquo;elles ne doivent pas \u00eatre consid\u00e9r\u00e9es comme une substance stup\u00e9fiante (L. 412 de 1974, art. 1, virgule 1, lett. B ; Convention unique sur les stup\u00e9fiants de New York de 1961 et tableau II du d\u00e9cret minist\u00e9riel 27\/7\/1992). En Italie, la culture du chanvre est interdite (articles 28 et 73 du d\u00e9cret pr\u00e9sidentiel 309\/90), sauf autorisation sp\u00e9ciale (article 17 du d\u00e9cret pr\u00e9sidentiel 309\/90). En l&rsquo;absence d&rsquo;autorisation, les semences ne peuvent \u00eatre utilis\u00e9es qu&rsquo;\u00e0 d&rsquo;autres fins (zootechniques, de collection, etc.). Les semences sont vendues sous r\u00e9serve qu&rsquo;elles ne soient pas utilis\u00e9es par des tiers en contradiction avec la loi.<\/em><\/span><\/div>\n","protected":false},"excerpt":{"rendered":"<p>Vari\u00e9t\u00e9 hybride r\u00e9sultant du croisement de deux clones \u00e9lites s\u00e9lectionn\u00e9s, deux poids lourds de la s\u00e9lection am\u00e9ricaine : Cherry Pie<\/p>\n","protected":false},"featured_media":152516,"comment_status":"open","ping_status":"closed","template":"","meta":[],"product_brand":[],"product_cat":[7951],"product_tag":[],"class_list":{"0":"post-152521","1":"product","2":"type-product","3":"status-publish","4":"has-post-thumbnail","6":"product_cat-magasin-de-graines","8":"first","9":"instock","10":"taxable","11":"shipping-taxable","12":"purchasable","13":"product-type-variable"},"aioseo_notices":[],"_links":{"self":[{"href":"https:\/\/www.budream.com\/fr\/wp-json\/wp\/v2\/product\/152521","targetHints":{"allow":["GET"]}}],"collection":[{"href":"https:\/\/www.budream.com\/fr\/wp-json\/wp\/v2\/product"}],"about":[{"href":"https:\/\/www.budream.com\/fr\/wp-json\/wp\/v2\/types\/product"}],"replies":[{"embeddable":true,"href":"https:\/\/www.budream.com\/fr\/wp-json\/wp\/v2\/comments?post=152521"}],"version-history":[{"count":0,"href":"https:\/\/www.budream.com\/fr\/wp-json\/wp\/v2\/product\/152521\/revisions"}],"wp:featuredmedia":[{"embeddable":true,"href":"https:\/\/www.budream.com\/fr\/wp-json\/wp\/v2\/media\/152516"}],"wp:attachment":[{"href":"https:\/\/www.budream.com\/fr\/wp-json\/wp\/v2\/media?parent=152521"}],"wp:term":[{"taxonomy":"product_brand","embeddable":true,"href":"https:\/\/www.budream.com\/fr\/wp-json\/wp\/v2\/product_brand?post=152521"},{"taxonomy":"product_cat","embeddable":true,"href":"https:\/\/www.budream.com\/fr\/wp-json\/wp\/v2\/product_cat?post=152521"},{"taxonomy":"product_tag","embeddable":true,"href":"https:\/\/www.budream.com\/fr\/wp-json\/wp\/v2\/product_tag?post=152521"}],"curies":[{"name":"wp","href":"https:\/\/api.w.org\/{rel}","templated":true}]}}