{"id":153211,"date":"2025-07-31T12:21:00","date_gmt":"2025-07-31T10:21:00","guid":{"rendered":"https:\/\/www.budream.com\/shop\/seedsalad-auto-jack-herer-fem\/"},"modified":"2026-03-23T23:11:46","modified_gmt":"2026-03-23T21:11:46","slug":"seedsalad-auto-jack-herer-fem","status":"publish","type":"product","link":"https:\/\/www.budream.com\/fr\/shop\/seedsalad-auto-jack-herer-fem\/","title":{"rendered":"SEEDSALAD &#8211; AUTO JACK HERER FEM"},"content":{"rendered":"<p>Un croisement obtenu \u00e0 partir de la sativa classique Jack Herer x autofloraison de grande taille. Un ar\u00f4me d\u00e9licat et un parfum rappelant l&rsquo;encens sont les caract\u00e9ristiques de cette g\u00e9n\u00e9tique historique et adapt\u00e9e aux d\u00e9butants, d\u00e9di\u00e9e \u00e0 l&rsquo;un des plus grands activistes de la l\u00e9galisation de l&rsquo;histoire.<\/p>\n<h2><strong>Caract\u00e9ristiques Auto Jack Herer Fem :<\/strong><\/h2>\n<ul style=\"list-style-type: disc\">\n<li><strong>Genre :<\/strong> Auto-florissante F\u00e9minis\u00e9e<\/li>\n<li><strong>Jours :<\/strong> 65-75 jours<\/li>\n<li><strong>Pipette scell\u00e9e dans un sachet durable et r\u00e9sistant aux UV<\/strong><\/li>\n<\/ul>\n<p><span style=\"font-size: 11pt\"><em><strong>ATTENTION :<\/strong> Les graines de chanvre sont exclues de la notion l\u00e9gale de Cannabis, ce qui signifie qu&rsquo;elles ne doivent pas \u00eatre consid\u00e9r\u00e9es comme une substance stup\u00e9fiante (L. 412 de 1974, Art. 1, paragraphe 1, lettre B ; Convention unique sur les stup\u00e9fiants de New York de 1961 et tableau II du d\u00e9cret minist\u00e9riel 27\/7\/1992). En Italie, la culture du chanvre est interdite (articles 28 et 73 du d\u00e9cret pr\u00e9sidentiel 309\/90), sauf autorisation sp\u00e9ciale (article 17 du d\u00e9cret pr\u00e9sidentiel 309\/90). En l&rsquo;absence d&rsquo;autorisation, les semences ne peuvent \u00eatre utilis\u00e9es qu&rsquo;\u00e0 d&rsquo;autres fins (zootechniques, de collection, etc.). Les semences sont vendues sous r\u00e9serve qu&rsquo;elles ne soient pas utilis\u00e9es par des tiers en contradiction avec la loi.<\/em><\/span><\/p>\n","protected":false},"excerpt":{"rendered":"<p>Un croisement obtenu \u00e0 partir de la sativa classique Jack Herer x autofloraison de grande taille. Un ar\u00f4me d\u00e9licat et<\/p>\n","protected":false},"featured_media":197590,"comment_status":"open","ping_status":"closed","template":"","meta":[],"product_brand":[],"product_cat":[7951],"product_tag":[],"class_list":{"0":"post-153211","1":"product","2":"type-product","3":"status-publish","4":"has-post-thumbnail","6":"product_cat-magasin-de-graines","8":"first","9":"instock","10":"taxable","11":"shipping-taxable","12":"purchasable","13":"product-type-variable"},"aioseo_notices":[],"_links":{"self":[{"href":"https:\/\/www.budream.com\/fr\/wp-json\/wp\/v2\/product\/153211","targetHints":{"allow":["GET"]}}],"collection":[{"href":"https:\/\/www.budream.com\/fr\/wp-json\/wp\/v2\/product"}],"about":[{"href":"https:\/\/www.budream.com\/fr\/wp-json\/wp\/v2\/types\/product"}],"replies":[{"embeddable":true,"href":"https:\/\/www.budream.com\/fr\/wp-json\/wp\/v2\/comments?post=153211"}],"version-history":[{"count":0,"href":"https:\/\/www.budream.com\/fr\/wp-json\/wp\/v2\/product\/153211\/revisions"}],"wp:featuredmedia":[{"embeddable":true,"href":"https:\/\/www.budream.com\/fr\/wp-json\/wp\/v2\/media\/197590"}],"wp:attachment":[{"href":"https:\/\/www.budream.com\/fr\/wp-json\/wp\/v2\/media?parent=153211"}],"wp:term":[{"taxonomy":"product_brand","embeddable":true,"href":"https:\/\/www.budream.com\/fr\/wp-json\/wp\/v2\/product_brand?post=153211"},{"taxonomy":"product_cat","embeddable":true,"href":"https:\/\/www.budream.com\/fr\/wp-json\/wp\/v2\/product_cat?post=153211"},{"taxonomy":"product_tag","embeddable":true,"href":"https:\/\/www.budream.com\/fr\/wp-json\/wp\/v2\/product_tag?post=153211"}],"curies":[{"name":"wp","href":"https:\/\/api.w.org\/{rel}","templated":true}]}}