{"id":153304,"date":"2025-07-31T12:23:09","date_gmt":"2025-07-31T10:23:09","guid":{"rendered":"https:\/\/www.budream.com\/shop\/seedsalad-auto-limon-haze-fem\/"},"modified":"2026-03-26T18:26:38","modified_gmt":"2026-03-26T16:26:38","slug":"seedsalad-auto-limon-haze-fem","status":"publish","type":"product","link":"https:\/\/www.budream.com\/fr\/shop\/seedsalad-auto-limon-haze-fem\/","title":{"rendered":"SEEDSALAD &#8211; AUTO LIMON HAZE FEM"},"content":{"rendered":"<p>G\u00e9n\u00e9tique tr\u00e8s populaire pour son parfum caract\u00e9ristique de citron. Petite taille mais tr\u00e8s bon rendement pour ce croisement de citrons historiques crois\u00e9s avec des autofloraisons de derni\u00e8re g\u00e9n\u00e9ration. Saveur persistante et effet tr\u00e8s agr\u00e9able.<\/p>\n<h2><strong>Caract\u00e9ristiques Auto Limon Haze Fem :<\/strong><\/h2>\n<ul style=\"list-style-type: disc\">\n<li><strong>Genre :<\/strong> Auto-floraison F\u00e9minis\u00e9e<\/li>\n<li>Jours<strong>:<\/strong> 65-75 jours<\/li>\n<li><strong>Pipette scell\u00e9e dans un sachet durable et r\u00e9sistant aux UV<\/strong><\/li>\n<\/ul>\n<p><span style=\"font-size: 11pt\"><em><strong>ATTENTION :<\/strong> Les graines de chanvre sont exclues de la notion l\u00e9gale de Cannabis, ce qui signifie qu&rsquo;elles ne doivent pas \u00eatre consid\u00e9r\u00e9es comme une substance stup\u00e9fiante (L. 412 de 1974, Art. 1, paragraphe 1, lettre B ; Convention unique sur les stup\u00e9fiants de New York de 1961 et tableau II du d\u00e9cret minist\u00e9riel 27\/7\/1992). En Italie, la culture du chanvre est interdite (articles 28 et 73 du d\u00e9cret pr\u00e9sidentiel 309\/90), sauf autorisation sp\u00e9ciale (article 17 du d\u00e9cret pr\u00e9sidentiel 309\/90). En l&rsquo;absence d&rsquo;autorisation, les semences ne peuvent \u00eatre utilis\u00e9es qu&rsquo;\u00e0 d&rsquo;autres fins (zootechniques, de collection, etc.). Les semences sont vendues sous r\u00e9serve qu&rsquo;elles ne soient pas utilis\u00e9es par des tiers en contradiction avec la loi.<\/em><\/span><\/p>\n","protected":false},"excerpt":{"rendered":"<p>G\u00e9n\u00e9tique tr\u00e8s populaire pour son parfum caract\u00e9ristique de citron. Petite taille mais tr\u00e8s bon rendement pour ce croisement de citrons<\/p>\n","protected":false},"featured_media":197595,"comment_status":"open","ping_status":"closed","template":"","meta":[],"product_brand":[],"product_cat":[7951],"product_tag":[],"class_list":{"0":"post-153304","1":"product","2":"type-product","3":"status-publish","4":"has-post-thumbnail","6":"product_cat-magasin-de-graines","8":"first","9":"instock","10":"taxable","11":"shipping-taxable","12":"purchasable","13":"product-type-variable"},"aioseo_notices":[],"_links":{"self":[{"href":"https:\/\/www.budream.com\/fr\/wp-json\/wp\/v2\/product\/153304","targetHints":{"allow":["GET"]}}],"collection":[{"href":"https:\/\/www.budream.com\/fr\/wp-json\/wp\/v2\/product"}],"about":[{"href":"https:\/\/www.budream.com\/fr\/wp-json\/wp\/v2\/types\/product"}],"replies":[{"embeddable":true,"href":"https:\/\/www.budream.com\/fr\/wp-json\/wp\/v2\/comments?post=153304"}],"version-history":[{"count":0,"href":"https:\/\/www.budream.com\/fr\/wp-json\/wp\/v2\/product\/153304\/revisions"}],"wp:featuredmedia":[{"embeddable":true,"href":"https:\/\/www.budream.com\/fr\/wp-json\/wp\/v2\/media\/197595"}],"wp:attachment":[{"href":"https:\/\/www.budream.com\/fr\/wp-json\/wp\/v2\/media?parent=153304"}],"wp:term":[{"taxonomy":"product_brand","embeddable":true,"href":"https:\/\/www.budream.com\/fr\/wp-json\/wp\/v2\/product_brand?post=153304"},{"taxonomy":"product_cat","embeddable":true,"href":"https:\/\/www.budream.com\/fr\/wp-json\/wp\/v2\/product_cat?post=153304"},{"taxonomy":"product_tag","embeddable":true,"href":"https:\/\/www.budream.com\/fr\/wp-json\/wp\/v2\/product_tag?post=153304"}],"curies":[{"name":"wp","href":"https:\/\/api.w.org\/{rel}","templated":true}]}}