{"id":153471,"date":"2025-07-31T12:32:07","date_gmt":"2025-07-31T10:32:07","guid":{"rendered":"https:\/\/www.budream.com\/shop\/seedsalad-auto-northern-light-fem\/"},"modified":"2025-10-29T16:42:05","modified_gmt":"2025-10-29T14:42:05","slug":"seedsalad-auto-northern-light-fem","status":"publish","type":"product","link":"https:\/\/www.budream.com\/fr\/shop\/seedsalad-auto-northern-light-fem\/","title":{"rendered":"SEEDSALAD &#8211; AUTO NORTHERN LIGHT FEM"},"content":{"rendered":"<p>Version autofloraison d&rsquo;une des g\u00e9n\u00e9tiques les plus connues au monde. Une pr\u00e9dominance indica et un go\u00fbt sucr\u00e9\/fruit\u00e9 prononc\u00e9 caract\u00e9risent cette vari\u00e9t\u00e9 afghane arriv\u00e9e aux Etats-Unis dans les ann\u00e9es 1970. Une v\u00e9ritable ic\u00f4ne au rendement \u00e9lev\u00e9.<\/p>\n<p>Convient \u00e0 un usage int\u00e9rieur et ext\u00e9rieur dans les climats temp\u00e9r\u00e9s.<\/p>\n<h2><strong>Caract\u00e9ristiques Auto Northern Light Fem :<\/strong><\/h2>\n<ul style=\"list-style-type: disc\">\n<li><strong>Genre :<\/strong> Auto-florissante F\u00e9minis\u00e9e<\/li>\n<li>Jours<strong>:<\/strong> 65-75 jours<\/li>\n<li><strong>Pipette scell\u00e9e dans un sachet durable et r\u00e9sistant aux UV<\/strong><\/li>\n<\/ul>\n<p><span style=\"font-size: 11pt\"><em><strong>ATTENTION :<\/strong> Les graines de chanvre sont exclues de la notion l\u00e9gale de Cannabis, ce qui signifie qu&rsquo;elles ne doivent pas \u00eatre consid\u00e9r\u00e9es comme une substance stup\u00e9fiante (L. 412 de 1974, Art. 1, paragraphe 1, lett. B ; Convention unique sur les stup\u00e9fiants de New York de 1961 et tableau II du d\u00e9cret minist\u00e9riel 27\/7\/1992). En Italie, la culture du chanvre est interdite (articles 28 et 73 du d\u00e9cret pr\u00e9sidentiel 309\/90), sauf autorisation sp\u00e9ciale (article 17 du d\u00e9cret pr\u00e9sidentiel 309\/90). En l&rsquo;absence d&rsquo;autorisation, les semences ne peuvent \u00eatre utilis\u00e9es qu&rsquo;\u00e0 d&rsquo;autres fins (zootechniques, de collection, etc.). Les semences sont vendues sous r\u00e9serve qu&rsquo;elles ne soient pas utilis\u00e9es par des tiers en contradiction avec la loi.<\/em><\/span><\/p>\n","protected":false},"excerpt":{"rendered":"<p>Version autofloraison d&rsquo;une des g\u00e9n\u00e9tiques les plus connues au monde. Une pr\u00e9dominance indica et un go\u00fbt sucr\u00e9\/fruit\u00e9 prononc\u00e9 caract\u00e9risent cette<\/p>\n","protected":false},"featured_media":197615,"comment_status":"open","ping_status":"closed","template":"","meta":[],"product_brand":[],"product_cat":[7951],"product_tag":[],"class_list":{"0":"post-153471","1":"product","2":"type-product","3":"status-publish","4":"has-post-thumbnail","6":"product_cat-magasin-de-graines","8":"first","9":"instock","10":"sale","11":"taxable","12":"shipping-taxable","13":"purchasable","14":"product-type-variable"},"_links":{"self":[{"href":"https:\/\/www.budream.com\/fr\/wp-json\/wp\/v2\/product\/153471","targetHints":{"allow":["GET"]}}],"collection":[{"href":"https:\/\/www.budream.com\/fr\/wp-json\/wp\/v2\/product"}],"about":[{"href":"https:\/\/www.budream.com\/fr\/wp-json\/wp\/v2\/types\/product"}],"replies":[{"embeddable":true,"href":"https:\/\/www.budream.com\/fr\/wp-json\/wp\/v2\/comments?post=153471"}],"version-history":[{"count":0,"href":"https:\/\/www.budream.com\/fr\/wp-json\/wp\/v2\/product\/153471\/revisions"}],"wp:featuredmedia":[{"embeddable":true,"href":"https:\/\/www.budream.com\/fr\/wp-json\/wp\/v2\/media\/197615"}],"wp:attachment":[{"href":"https:\/\/www.budream.com\/fr\/wp-json\/wp\/v2\/media?parent=153471"}],"wp:term":[{"taxonomy":"product_brand","embeddable":true,"href":"https:\/\/www.budream.com\/fr\/wp-json\/wp\/v2\/product_brand?post=153471"},{"taxonomy":"product_cat","embeddable":true,"href":"https:\/\/www.budream.com\/fr\/wp-json\/wp\/v2\/product_cat?post=153471"},{"taxonomy":"product_tag","embeddable":true,"href":"https:\/\/www.budream.com\/fr\/wp-json\/wp\/v2\/product_tag?post=153471"}],"curies":[{"name":"wp","href":"https:\/\/api.w.org\/{rel}","templated":true}]}}