{"id":153530,"date":"2025-07-31T12:36:07","date_gmt":"2025-07-31T10:36:07","guid":{"rendered":"https:\/\/www.budream.com\/shop\/seedsalad-auto-purple-theratonic-cbd-fem\/"},"modified":"2025-10-24T14:55:45","modified_gmt":"2025-10-24T12:55:45","slug":"seedsalad-auto-purple-theratonic-cbd-fem","status":"publish","type":"product","link":"https:\/\/www.budream.com\/fr\/shop\/seedsalad-auto-purple-theratonic-cbd-fem\/","title":{"rendered":"SEEDSALAD &#8211; AUTO PURPLE THERATONIC CBD FEM"},"content":{"rendered":"<p>Auto-floraison de taille XL, le ph\u00e9notype dominant a une coloration pourpre tr\u00e8s prononc\u00e9e \u00e0 la fin de la floraison et des pistils orange, les feuilles autour des bourgeons sont de couleur fonc\u00e9e. La plante accomplit son cycle (de la germination \u00e0 la r\u00e9colte) en 70\/75 jours en int\u00e9rieur et 75\/80 jours en ext\u00e9rieur ou en serre (en serre, elle donne de tr\u00e8s bons r\u00e9sultats).<\/p>\n<div class=\"strain-meta\"><strong>Les valeurs en cannabino\u00efdes sont inf\u00e9rieures \u00e0 0,5 % de Thc et entre 10 et 13 % de Cbd.<\/strong> <\/p>\n<p>La plante est r\u00e9sistante aux parasites, mais il faut savoir que, comme c&rsquo;est souvent le cas avec les plantes \u00e0 autofloraison, le botrytis a un peu plus de chances de se former si elle est cultiv\u00e9e dans des endroits tr\u00e8s humides ou si elle est r\u00e9colt\u00e9e trop tard. Le go\u00fbt est tr\u00e8s fruit\u00e9 et la plante est tr\u00e8s belle \u00e0 regarder gr\u00e2ce \u00e0 sa couleur violette tr\u00e8s prononc\u00e9e.<\/p>\n<h2><strong>Caract\u00e9ristiques de l&rsquo;Auto Purple Theratonic :<\/strong><\/h2>\n<ul style=\"list-style-type: disc\">\n<li><strong>Genre :<\/strong> Auto-florissante F\u00e9minis\u00e9e<\/li>\n<li>Jours<strong>:<\/strong> 70-75 jours<\/li>\n<li><strong>Pipette scell\u00e9e dans un sachet durable et r\u00e9sistant aux UV<\/strong><\/li>\n<\/ul>\n<p><span style=\"font-size: 11pt\"><em><strong>ATTENTION :<\/strong> Les graines de chanvre sont exclues de la notion l\u00e9gale de Cannabis, ce qui signifie qu&rsquo;elles ne doivent pas \u00eatre consid\u00e9r\u00e9es comme une substance stup\u00e9fiante (L. 412 de 1974, Art. 1, paragraphe 1, lett. B ; Convention unique sur les stup\u00e9fiants de New York de 1961 et tableau II du d\u00e9cret minist\u00e9riel 27\/7\/1992). En Italie, la culture du chanvre est interdite (articles 28 et 73 du d\u00e9cret pr\u00e9sidentiel 309\/90), sauf autorisation sp\u00e9ciale (article 17 du d\u00e9cret pr\u00e9sidentiel 309\/90). En l&rsquo;absence d&rsquo;autorisation, les semences ne peuvent \u00eatre utilis\u00e9es qu&rsquo;\u00e0 d&rsquo;autres fins (zootechniques, de collection, etc.). Les semences sont vendues sous r\u00e9serve qu&rsquo;elles ne soient pas utilis\u00e9es par des tiers en contradiction avec la loi.<\/em><\/span><\/div>\n","protected":false},"excerpt":{"rendered":"<p>Auto-floraison de taille XL, le ph\u00e9notype dominant a une coloration pourpre tr\u00e8s prononc\u00e9e \u00e0 la fin de la floraison et<\/p>\n","protected":false},"featured_media":202229,"comment_status":"open","ping_status":"closed","template":"","meta":[],"product_brand":[],"product_cat":[7951],"product_tag":[],"class_list":{"0":"post-153530","1":"product","2":"type-product","3":"status-publish","4":"has-post-thumbnail","6":"product_cat-magasin-de-graines","8":"first","9":"instock","10":"sale","11":"taxable","12":"shipping-taxable","13":"purchasable","14":"product-type-variable"},"_links":{"self":[{"href":"https:\/\/www.budream.com\/fr\/wp-json\/wp\/v2\/product\/153530","targetHints":{"allow":["GET"]}}],"collection":[{"href":"https:\/\/www.budream.com\/fr\/wp-json\/wp\/v2\/product"}],"about":[{"href":"https:\/\/www.budream.com\/fr\/wp-json\/wp\/v2\/types\/product"}],"replies":[{"embeddable":true,"href":"https:\/\/www.budream.com\/fr\/wp-json\/wp\/v2\/comments?post=153530"}],"version-history":[{"count":0,"href":"https:\/\/www.budream.com\/fr\/wp-json\/wp\/v2\/product\/153530\/revisions"}],"wp:featuredmedia":[{"embeddable":true,"href":"https:\/\/www.budream.com\/fr\/wp-json\/wp\/v2\/media\/202229"}],"wp:attachment":[{"href":"https:\/\/www.budream.com\/fr\/wp-json\/wp\/v2\/media?parent=153530"}],"wp:term":[{"taxonomy":"product_brand","embeddable":true,"href":"https:\/\/www.budream.com\/fr\/wp-json\/wp\/v2\/product_brand?post=153530"},{"taxonomy":"product_cat","embeddable":true,"href":"https:\/\/www.budream.com\/fr\/wp-json\/wp\/v2\/product_cat?post=153530"},{"taxonomy":"product_tag","embeddable":true,"href":"https:\/\/www.budream.com\/fr\/wp-json\/wp\/v2\/product_tag?post=153530"}],"curies":[{"name":"wp","href":"https:\/\/api.w.org\/{rel}","templated":true}]}}