{"id":153595,"date":"2025-07-31T12:40:11","date_gmt":"2025-07-31T10:40:11","guid":{"rendered":"https:\/\/www.budream.com\/shop\/seedsalad-auto-super-skunk-fem\/"},"modified":"2026-03-25T21:26:27","modified_gmt":"2026-03-25T19:26:27","slug":"seedsalad-auto-super-skunk-fem","status":"publish","type":"product","link":"https:\/\/www.budream.com\/fr\/shop\/seedsalad-auto-super-skunk-fem\/","title":{"rendered":"SEEDSALAD &#8211; AUTO SUPER SKUNK FEM"},"content":{"rendered":"<p>Ar\u00f4me citronn\u00e9 avec des notes sucr\u00e9es pour cet hybride exceptionnel aux rendements et \u00e0 la qualit\u00e9 abondants. Un grand classique intemporel, issu du croisement d&rsquo;une Super Skunk de 5\u00e8me g\u00e9n\u00e9ration x Super Skunk Auto XXL. Bourgeons compacts et nombreux, faciles \u00e0 suivre et \u00e0 g\u00e9rer. Absolument l&rsquo;une des g\u00e9n\u00e9tiques les plus aim\u00e9es et appr\u00e9ci\u00e9es. Intemporelle et tr\u00e8s rapide.<\/p>\n<h2><strong>Caract\u00e9ristiques Auto Super Skunk :<\/strong><\/h2>\n<ul style=\"list-style-type: disc\">\n<li><strong>Genre :<\/strong> Auto-florissante F\u00e9minis\u00e9e<\/li>\n<li>Jours<strong>:<\/strong> 65-70 jours<\/li>\n<li><strong>Pipette scell\u00e9e dans un sachet durable et r\u00e9sistant aux UV<\/strong><\/li>\n<\/ul>\n<p><span style=\"font-size: 11pt\"><em><strong>ATTENTION :<\/strong> Les graines de chanvre sont exclues de la notion l\u00e9gale de Cannabis, ce qui signifie qu&rsquo;elles ne doivent pas \u00eatre consid\u00e9r\u00e9es comme une substance stup\u00e9fiante (L. 412 de 1974, art. 1, paragraphe 1, lettre B ; Convention unique sur les stup\u00e9fiants de New York de 1961 et tableau II du d\u00e9cret minist\u00e9riel 27\/7\/1992). En Italie, la culture du chanvre est interdite (articles 28 et 73 du d\u00e9cret pr\u00e9sidentiel 309\/90), sauf autorisation sp\u00e9ciale (article 17 du d\u00e9cret pr\u00e9sidentiel 309\/90). En l&rsquo;absence d&rsquo;autorisation, les semences ne peuvent \u00eatre utilis\u00e9es qu&rsquo;\u00e0 d&rsquo;autres fins (zootechniques, de collection, etc.). Les semences sont vendues sous r\u00e9serve qu&rsquo;elles ne soient pas utilis\u00e9es par des tiers en contradiction avec la loi.<\/em><\/span><\/p>\n","protected":false},"excerpt":{"rendered":"<p>Ar\u00f4me citronn\u00e9 avec des notes sucr\u00e9es pour cet hybride exceptionnel aux rendements et \u00e0 la qualit\u00e9 abondants. Un grand classique<\/p>\n","protected":false},"featured_media":202239,"comment_status":"open","ping_status":"closed","template":"","meta":[],"product_brand":[],"product_cat":[7951],"product_tag":[],"class_list":{"0":"post-153595","1":"product","2":"type-product","3":"status-publish","4":"has-post-thumbnail","6":"product_cat-magasin-de-graines","8":"first","9":"instock","10":"sale","11":"taxable","12":"shipping-taxable","13":"purchasable","14":"product-type-variable"},"_links":{"self":[{"href":"https:\/\/www.budream.com\/fr\/wp-json\/wp\/v2\/product\/153595","targetHints":{"allow":["GET"]}}],"collection":[{"href":"https:\/\/www.budream.com\/fr\/wp-json\/wp\/v2\/product"}],"about":[{"href":"https:\/\/www.budream.com\/fr\/wp-json\/wp\/v2\/types\/product"}],"replies":[{"embeddable":true,"href":"https:\/\/www.budream.com\/fr\/wp-json\/wp\/v2\/comments?post=153595"}],"version-history":[{"count":0,"href":"https:\/\/www.budream.com\/fr\/wp-json\/wp\/v2\/product\/153595\/revisions"}],"wp:featuredmedia":[{"embeddable":true,"href":"https:\/\/www.budream.com\/fr\/wp-json\/wp\/v2\/media\/202239"}],"wp:attachment":[{"href":"https:\/\/www.budream.com\/fr\/wp-json\/wp\/v2\/media?parent=153595"}],"wp:term":[{"taxonomy":"product_brand","embeddable":true,"href":"https:\/\/www.budream.com\/fr\/wp-json\/wp\/v2\/product_brand?post=153595"},{"taxonomy":"product_cat","embeddable":true,"href":"https:\/\/www.budream.com\/fr\/wp-json\/wp\/v2\/product_cat?post=153595"},{"taxonomy":"product_tag","embeddable":true,"href":"https:\/\/www.budream.com\/fr\/wp-json\/wp\/v2\/product_tag?post=153595"}],"curies":[{"name":"wp","href":"https:\/\/api.w.org\/{rel}","templated":true}]}}