{"id":153674,"date":"2025-07-31T12:42:58","date_gmt":"2025-07-31T10:42:58","guid":{"rendered":"https:\/\/www.budream.com\/shop\/seedsalad-cbgrass-cbg-fem\/"},"modified":"2025-10-15T04:59:16","modified_gmt":"2025-10-15T02:59:16","slug":"seedsalad-cbgrass-cbg-fem","status":"publish","type":"product","link":"https:\/\/www.budream.com\/fr\/shop\/seedsalad-cbgrass-cbg-fem\/","title":{"rendered":"SEEDSALAD &#8211; CBGRASS CBG FEM"},"content":{"rendered":"<p><strong>CBGRASS<\/strong> est une g\u00e9n\u00e9tique f\u00e9minis\u00e9e d\u00e9riv\u00e9e d&rsquo;une s\u00e9lection de ph\u00e9notypes de plantes Gerona s\u00e9lectionn\u00e9es en Italie pour r\u00e9pondre aux demandes des cultivateurs professionnels \u00e0 la recherche d&rsquo;une g\u00e9n\u00e9tique \u00e0 faible teneur en THC avec des niveaux de <strong>CBG<\/strong> pertinents.<\/p>\n<div><strong><br \/>Valeurs maximales mesur\u00e9es<br \/><\/strong><\/p>\n<ul style=\"list-style-type: disc\">\n<li>THC 0.14% (EN %)<\/li>\n<li>CBG 9.23%<\/li>\n<li>CBD 0,28<\/li>\n<\/ul>\n<\/div>\n<p><strong><br \/>Cycle moyennement tardif.<\/strong><br \/>Depuis le d\u00e9but de la floraison, il faut compter 13 \u00e0 15 semaines (en ext\u00e9rieur) et 2 semaines de moins en int\u00e9rieur.<br \/>R\u00e9colte moyenne d\u00e9but-mi octobre (en ext\u00e9rieur).<\/p>\n<h2><strong>Caract\u00e9ristiques de CBGrass :<\/strong><\/h2>\n<ul style=\"list-style-type: disc\">\n<li><strong>Genre :<\/strong> F\u00e9minis\u00e9e<\/li>\n<li><strong>Pipette scell\u00e9e dans un sachet durable et r\u00e9sistant aux UV<\/strong><\/li>\n<\/ul>\n<p><span style=\"font-size: 11pt\"><em><strong>AVERTISSEMENT :<\/strong> Les graines de chanvre sont exclues de la notion l\u00e9gale de Cannabis, ce qui signifie qu&rsquo;elles ne doivent pas \u00eatre consid\u00e9r\u00e9es comme une substance stup\u00e9fiante (Loi 412 de 1974, Art. 1, paragraphe 1, lettre B ; Convention unique sur les stup\u00e9fiants de New York de 1961 et tableau II du D\u00e9cret minist\u00e9riel 27\/7\/1992). En Italie, la culture du chanvre est interdite (articles 28 et 73 du d\u00e9cret pr\u00e9sidentiel 309\/90), sauf autorisation sp\u00e9ciale (article 17 du d\u00e9cret pr\u00e9sidentiel 309\/90). En l&rsquo;absence d&rsquo;autorisation, les semences ne peuvent \u00eatre utilis\u00e9es qu&rsquo;\u00e0 d&rsquo;autres fins (zootechniques, de collection, etc.). Les semences sont vendues sous r\u00e9serve qu&rsquo;elles ne soient pas utilis\u00e9es par des tiers en contradiction avec la loi.<\/em><\/span><\/p>\n","protected":false},"excerpt":{"rendered":"<p>CBGRASS est une g\u00e9n\u00e9tique f\u00e9minis\u00e9e d\u00e9riv\u00e9e d&rsquo;une s\u00e9lection de ph\u00e9notypes de plantes Gerona s\u00e9lectionn\u00e9es en Italie pour r\u00e9pondre aux demandes<\/p>\n","protected":false},"featured_media":202264,"comment_status":"open","ping_status":"closed","template":"","meta":[],"product_brand":[],"product_cat":[7951],"product_tag":[],"class_list":{"0":"post-153674","1":"product","2":"type-product","3":"status-publish","4":"has-post-thumbnail","6":"product_cat-magasin-de-graines","8":"first","9":"instock","10":"sale","11":"taxable","12":"shipping-taxable","13":"purchasable","14":"product-type-variable"},"_links":{"self":[{"href":"https:\/\/www.budream.com\/fr\/wp-json\/wp\/v2\/product\/153674","targetHints":{"allow":["GET"]}}],"collection":[{"href":"https:\/\/www.budream.com\/fr\/wp-json\/wp\/v2\/product"}],"about":[{"href":"https:\/\/www.budream.com\/fr\/wp-json\/wp\/v2\/types\/product"}],"replies":[{"embeddable":true,"href":"https:\/\/www.budream.com\/fr\/wp-json\/wp\/v2\/comments?post=153674"}],"version-history":[{"count":0,"href":"https:\/\/www.budream.com\/fr\/wp-json\/wp\/v2\/product\/153674\/revisions"}],"wp:featuredmedia":[{"embeddable":true,"href":"https:\/\/www.budream.com\/fr\/wp-json\/wp\/v2\/media\/202264"}],"wp:attachment":[{"href":"https:\/\/www.budream.com\/fr\/wp-json\/wp\/v2\/media?parent=153674"}],"wp:term":[{"taxonomy":"product_brand","embeddable":true,"href":"https:\/\/www.budream.com\/fr\/wp-json\/wp\/v2\/product_brand?post=153674"},{"taxonomy":"product_cat","embeddable":true,"href":"https:\/\/www.budream.com\/fr\/wp-json\/wp\/v2\/product_cat?post=153674"},{"taxonomy":"product_tag","embeddable":true,"href":"https:\/\/www.budream.com\/fr\/wp-json\/wp\/v2\/product_tag?post=153674"}],"curies":[{"name":"wp","href":"https:\/\/api.w.org\/{rel}","templated":true}]}}